{"id":110420,"date":"2021-02-09T00:00:00","date_gmt":"2021-02-08T23:00:00","guid":{"rendered":"http:\/\/gpl-love.com\/fr\/produit\/woocommerce-usa-epay\/"},"modified":"2026-03-20T23:48:20","modified_gmt":"2026-03-20T22:48:20","slug":"woocommerce-usa-epay","status":"publish","type":"product","link":"https:\/\/gpl-love.com\/fr\/produit\/woocommerce-usa-epay\/","title":{"rendered":"WooCommerce USA ePay 2.1.7"},"content":{"rendered":"<h3>WooCommerce USA ePay Traits<\/h3>\n<p>WooCommerce USA EPAY, un plugin de passerelle de paiement sp\u00e9cialement con\u00e7u pour les sites Web de commerce \u00e9lectronique en utilisant la plate-forme WooCommerce, sert de moyen efficace pour les entreprises en ligne d&rsquo;accepter facilement les paiements de leurs clients aux \u00c9tats-Unis. En profitant de ce plugin, ces entreprises ont acc\u00e8s \u00e0 un syst\u00e8me de traitement de paiement s\u00e9curis\u00e9 et fiable qui garantit la s\u00e9curit\u00e9 et la fiabilit\u00e9 de leurs transactions financi\u00e8res. Tirant parti de WooCommerce USA EPAY, les commer\u00e7ants peuvent int\u00e9grer de mani\u00e8re transparente leurs magasins en ligne avec un large \u00e9ventail de m\u00e9thodes de paiement englobant les cartes de cr\u00e9dit, les cartes de d\u00e9bit et les cochets. Non seulement ce plugin poss\u00e8de une interface conviviale qui facilite la configuration et la supervision sans effort des options de paiement, mais elle sert \u00e9galement d&rsquo;outil indispensable pour toute entreprise en ligne pour offrir \u00e0 leurs clients une exp\u00e9rience de paiement impeccablement fluide et sans tracas.<\/p>\n<ul>\n<li>Permet aux clients de v\u00e9rifier en toute s\u00e9curit\u00e9 et facilement avec leurs cartes de cr\u00e9dit ou de d\u00e9bit<\/li>\n<li>Int\u00e9gre parfaitement avec votre boutique en ligne WooCommerce<\/li>\n<li>Prend en charge divers types de paiement, notamment Visa, MasterCard, Discover et American Express<\/li>\n<li>Offre des fonctionnalit\u00e9s avanc\u00e9es de protection contre la fraude et de s\u00e9curit\u00e9<\/li>\n<li>Fournit des mises \u00e0 jour de paiement automatique et des rapports de transaction<\/li>\n<li>Pas de frais mensuels ou de frais d&rsquo;installation<\/li>\n<li>Passerelle de paiement conforme \u00e0 PCI<\/li>\n<li>Offre un support multi-monnaie<\/li>\n<li>Permet aux clients d&rsquo;\u00e9conomiser leurs informations de paiement pour les achats futurs<\/li>\n<li>Fournit un traitement de paiement rapide et efficace avec des vitesses de transaction rapides.<\/li>\n<\/ul>\n","protected":false},"excerpt":{"rendered":"<p>WooCommerce USA Epay sert de solution de passerelle de paiement impeccable, m\u00e9ticuleusement con\u00e7ue pour s&rsquo;assimiler parfaitement avec votre boutique WooCommerce. En utilisant cette solution, vos clients estim\u00e9s sont accord\u00e9s au privil\u00e8ge de faire des paiements s\u00e9curis\u00e9s et pratiques via des cartes de cr\u00e9dit ou de d\u00e9bit, aux c\u00f4t\u00e9s de portefeuilles num\u00e9riques tels que Apple Pay et Google Pay. En outre, le WooCommerce USA EPAY multiforme pr\u00e9sente des m\u00e9canismes de d\u00e9tection de fraude et de protection de pointe, de garantie avec diligence vos transactions avec la plus grande certitude. B\u00e9n\u00e9ficiant d&rsquo;un processus de configuration convivial et de la possibilit\u00e9 d&rsquo;adapter les options de paiement \u00e0 vos exigences sp\u00e9cifiques, WooCommerce USA Epay r\u00e8gne sans aucun doute Supr\u00eame en tant que passerelle de paiement par excellence pour tout d\u00e9taillant en ligne exigeant.<\/p>\n","protected":false},"featured_media":146060,"comment_status":"open","ping_status":"open","template":"","meta":[],"product_brand":[2440],"product_cat":[1182,1401,1181],"product_tag":[1398],"class_list":{"0":"post-110420","1":"product","2":"type-product","3":"status-publish","4":"has-post-thumbnail","6":"product_brand-woocommerce","7":"product_cat-commerce-electronique-plugins","8":"product_cat-paiement-commerce-electronique-plugins","9":"product_cat-plugins","10":"product_tag-woocommerce","11":"member-discount","12":"discount-restricted","14":"first","15":"instock","16":"sale","17":"downloadable","18":"virtual","19":"sold-individually","20":"purchasable","21":"product-type-simple"},"_links":{"self":[{"href":"https:\/\/gpl-love.com\/fr\/wp-json\/wp\/v2\/product\/110420","targetHints":{"allow":["GET"]}}],"collection":[{"href":"https:\/\/gpl-love.com\/fr\/wp-json\/wp\/v2\/product"}],"about":[{"href":"https:\/\/gpl-love.com\/fr\/wp-json\/wp\/v2\/types\/product"}],"replies":[{"embeddable":true,"href":"https:\/\/gpl-love.com\/fr\/wp-json\/wp\/v2\/comments?post=110420"}],"wp:featuredmedia":[{"embeddable":true,"href":"https:\/\/gpl-love.com\/fr\/wp-json\/wp\/v2\/media\/146060"}],"wp:attachment":[{"href":"https:\/\/gpl-love.com\/fr\/wp-json\/wp\/v2\/media?parent=110420"}],"wp:term":[{"taxonomy":"product_brand","embeddable":true,"href":"https:\/\/gpl-love.com\/fr\/wp-json\/wp\/v2\/product_brand?post=110420"},{"taxonomy":"product_cat","embeddable":true,"href":"https:\/\/gpl-love.com\/fr\/wp-json\/wp\/v2\/product_cat?post=110420"},{"taxonomy":"product_tag","embeddable":true,"href":"https:\/\/gpl-love.com\/fr\/wp-json\/wp\/v2\/product_tag?post=110420"}],"curies":[{"name":"wp","href":"https:\/\/api.w.org\/{rel}","templated":true}]}}