{"id":110412,"date":"2026-05-05T00:00:00","date_gmt":"2026-05-04T22:00:00","guid":{"rendered":"http:\/\/gpl-love.com\/fr\/produit\/woocommerce-gravity-forms-product-addons\/"},"modified":"2026-05-05T18:30:59","modified_gmt":"2026-05-05T16:30:59","slug":"woocommerce-gravity-forms-product-addons","status":"publish","type":"product","link":"https:\/\/gpl-love.com\/fr\/produit\/woocommerce-gravity-forms-product-addons\/","title":{"rendered":"WooCommerce Gravity Forms Product Addons 3.7.5"},"content":{"rendered":"<h3>WooCommerce Gravity Forms Product Addons Traits<\/h3>\n<p>Le plugin WooCommerce Gravity Forms Product Add-ons est un outil exceptionnellement efficace qui accorde aux propri\u00e9taires de magasins en ligne la capacit\u00e9 d&rsquo;int\u00e9grer des options de produits personnalisables dans leurs \u00e9tablissements virtuels. Ce plugin a \u00e9t\u00e9 con\u00e7u de mani\u00e8re complexe pour harmoniser de mani\u00e8re transparente avec les formulaires WooCommerce et Gravity, fournissant ainsi une vaste gamme de fonctionnalit\u00e9s robustes qui rationalisent vraiment le processus d&rsquo;int\u00e9gration des modules compl\u00e9mentaires de produits. En utilisant ce plugin ing\u00e9nieux, les propri\u00e9taires de magasins peuvent non seulement fabriquer un nombre infini d&rsquo;options de produits, telles que les cases \u00e0 cocher, les boutons radio et les champs de texte, mais ils peuvent \u00e9galement impl\u00e9menter des frais suppl\u00e9mentaires pour chaque module compl\u00e9mentaire de produit individuel. Par cons\u00e9quent, ce plugin s&rsquo;av\u00e8re \u00eatre un choix d\u00e9licieux pour ceux qui souhaitent accorder leur client\u00e8le avec un sentiment de personnalisation \u00e9lev\u00e9, ajoutant ainsi une touche suppl\u00e9mentaire d&rsquo;exclusivit\u00e9 \u00e0 leurs services. Essentiellement, avec l&rsquo;incorporation de ce plugin exceptionnel, les propri\u00e9taires de magasins en ligne peuvent propulser leurs entreprises \u00e0 l&rsquo;\u00e9chelon suivant et accorder \u00e0 leurs clients une exp\u00e9rience de magasinage totalement sur mesure qui est sans pr\u00e9c\u00e9dent dans sa distinction.<\/p>\n<ul>\n<li>Solution int\u00e9gr\u00e9e pour les formulaires WooCommerce et Gravity<\/li>\n<li>Permet d&rsquo;ajouter des options et des champs de produits personnalis\u00e9s<\/li>\n<li>Prend en charge plusieurs options de tarification pour les modules compl\u00e9mentaires<\/li>\n<li>Offre une exp\u00e9rience de contr\u00f4le rationalis\u00e9e aux clients<\/li>\n<li>Options de configuration flexibles pour les modules compl\u00e9mentaires et formulaires de produits<\/li>\n<li>Automatise les calculs de tarification des produits en fonction des modules compl\u00e9mentaires s\u00e9lectionn\u00e9s<\/li>\n<li>Fournit des rapports et une analyse d\u00e9taill\u00e9s pour les ventes de produits et l&rsquo;utilisation de compl\u00e9ments suppl\u00e9mentaires<\/li>\n<li>Compatible avec les th\u00e8mes WordPress et WooCommerce<\/li>\n<li>Offre des mod\u00e8les personnalisables pour les affichages compl\u00e9mentaires de produits<\/li>\n<li>Fournit des fonctionnalit\u00e9s de conception et d&rsquo;accessibilit\u00e9 r\u00e9actives<\/li>\n<li>Offre des mesures de s\u00e9curit\u00e9 et de chiffrement des donn\u00e9es robustes.<\/li>\n<\/ul>\n","protected":false},"excerpt":{"rendered":"<p>Les modules compl\u00e9mentaires de produits WooCommerce Gravity Forms, qui est un plugin essentiel pour les personnes qui poss\u00e8dent des magasins en ligne qui utilisent WooCommerce, offre aux utilisateurs la commodit\u00e9 d&rsquo;incorporer sans effort des champs et des options personnalis\u00e9s dans leurs produits par des formulaires de gravit\u00e9, en \u00e9tablissant d\u00e9sormais une exp\u00e9rience d&rsquo;achat de magasin C&rsquo;est \u00e0 la fois transparent et personnalis\u00e9 pour leurs clients estim\u00e9s. Ce plugin particulier s&rsquo;av\u00e8re exceptionnellement bien adapt\u00e9 aux magasins sp\u00e9cialis\u00e9s dans la fourniture de produits ou services sur mesure et personnalis\u00e9s, tels que les v\u00eatements, les bijoux et la d\u00e9coration int\u00e9rieure. En raison de son interface conviviale et de son processus d&rsquo;installation sans probl\u00e8me, le WooCommerce Gravity Forms Product Add-ons se pr\u00e9sente comme la solution ultime pour catapulter votre boutique en ligne \u00e0 de nouveaux sommets.<\/p>\n","protected":false},"featured_media":145904,"comment_status":"open","ping_status":"open","template":"","meta":[],"product_brand":[2440],"product_cat":[1182,1404,1181],"product_tag":[1398],"class_list":{"0":"post-110412","1":"product","2":"type-product","3":"status-publish","4":"has-post-thumbnail","6":"product_brand-woocommerce","7":"product_cat-commerce-electronique-plugins","8":"product_cat-formes-commerce-electronique-plugins","9":"product_cat-plugins","10":"product_tag-woocommerce","11":"member-discount","12":"discount-restricted","14":"first","15":"instock","16":"sale","17":"downloadable","18":"virtual","19":"sold-individually","20":"purchasable","21":"product-type-simple"},"_links":{"self":[{"href":"https:\/\/gpl-love.com\/fr\/wp-json\/wp\/v2\/product\/110412","targetHints":{"allow":["GET"]}}],"collection":[{"href":"https:\/\/gpl-love.com\/fr\/wp-json\/wp\/v2\/product"}],"about":[{"href":"https:\/\/gpl-love.com\/fr\/wp-json\/wp\/v2\/types\/product"}],"replies":[{"embeddable":true,"href":"https:\/\/gpl-love.com\/fr\/wp-json\/wp\/v2\/comments?post=110412"}],"wp:featuredmedia":[{"embeddable":true,"href":"https:\/\/gpl-love.com\/fr\/wp-json\/wp\/v2\/media\/145904"}],"wp:attachment":[{"href":"https:\/\/gpl-love.com\/fr\/wp-json\/wp\/v2\/media?parent=110412"}],"wp:term":[{"taxonomy":"product_brand","embeddable":true,"href":"https:\/\/gpl-love.com\/fr\/wp-json\/wp\/v2\/product_brand?post=110412"},{"taxonomy":"product_cat","embeddable":true,"href":"https:\/\/gpl-love.com\/fr\/wp-json\/wp\/v2\/product_cat?post=110412"},{"taxonomy":"product_tag","embeddable":true,"href":"https:\/\/gpl-love.com\/fr\/wp-json\/wp\/v2\/product_tag?post=110412"}],"curies":[{"name":"wp","href":"https:\/\/api.w.org\/{rel}","templated":true}]}}