{"id":110410,"date":"2022-05-26T00:00:00","date_gmt":"2022-05-25T22:00:00","guid":{"rendered":"http:\/\/gpl-love.com\/fr\/produit\/woocommerce-email-customizer\/"},"modified":"2026-04-10T18:46:50","modified_gmt":"2026-04-10T16:46:50","slug":"woocommerce-email-customizer","status":"publish","type":"product","link":"https:\/\/gpl-love.com\/fr\/produit\/woocommerce-email-customizer\/","title":{"rendered":"WooCommerce Email Customizer 1.4.0"},"content":{"rendered":"<h3>WooCommerce Email Customizer Traits<\/h3>\n<p>WooCommerce Email Customizer, une solution tr\u00e8s polyvalente et multiforme, permet aux propri\u00e9taires d&rsquo;entreprises en ligne de personnaliser et d&rsquo;adapter leurs communications par e-mail avec la plus grande pr\u00e9cision et la finesse. Cet outil exceptionnellement puissant offre aux utilisateurs la possibilit\u00e9 de cr\u00e9er des e-mails visuellement captivants et immersifs, englobant des aspects vitaux tels que les confirmations de commande, les notifications d&rsquo;exp\u00e9dition et les e-mails du compte client. Gr\u00e2ce \u00e0 l&rsquo;interface de glisser-d\u00e9poser de transport en fuite, les utilisateurs se retrouvent \u00e9quip\u00e9s des moyens d&rsquo;incorporer sans effort des logos, des images, du texte et une myriade d&rsquo;autres \u00e9l\u00e9ments de conception, permettant ainsi la cr\u00e9ation de courriels qui sont visuellement et refl\u00e9tant vraiment leur identit\u00e9 de marque distinctive. De plus, le plugin \u00e9tend ses fonctionnalit\u00e9s en offrant des options de personnalisation avanc\u00e9es, qui englobent les go\u00fbts du contenu conditionnel, des balises dynamiques et du suivi des e-mails. Ces fonctionnalit\u00e9s puissantes permettent aux utilisateurs de livrer sans effort des messages cibl\u00e9s et ax\u00e9s sur le laser, tout en leur permettant simultan\u00e9ment de surveiller et d&rsquo;\u00e9valuer les performances des e-mails m\u00e9ticuleusement. En conclusion, WooCommerce Email Customizer rationalise non seulement et optimise les efforts de marketing par e-mail des entreprises, mais sert \u00e9galement de catalyseur inestimable pour augmenter l&rsquo;engagement des clients et stimuler la croissance des ventes exponentielles.<\/p>\n<ul>\n<li>Permet aux utilisateurs de personnaliser facilement les e-mails envoy\u00e9s par leur magasin WooCommerce<\/li>\n<li>Fournit une interface de g\u00e9n\u00e9rateur de messagerie glisser-d\u00e9poser pour une personnalisation facile<\/li>\n<li>Offre des mod\u00e8les de messagerie WooCommerce pr\u00e9d\u00e9finis comme point de d\u00e9part<\/li>\n<li>Permet aux utilisateurs de pr\u00e9visualiser leurs conceptions de messagerie avant de les envoyer<\/li>\n<li>Comprend une vari\u00e9t\u00e9 d&rsquo;options de personnalisation pour le texte, les images, les couleurs et plus<\/li>\n<li>Prend en charge plusieurs langues et internationalisation<\/li>\n<li>S&rsquo;int\u00e8gre aux services de marketing par e-mail populaires pour am\u00e9liorer les campagnes de marketing<\/li>\n<li>\u00c9conomise du temps et des ressources en automatisant le processus de cr\u00e9ation des e-mails<\/li>\n<li>Aide les entreprises \u00e0 augmenter la reconnaissance de la marque et la r\u00e9tention de la client\u00e8le en cr\u00e9ant des e-mails de marque et personnalis\u00e9s<\/li>\n<li>Fournit un excellent service client et un support pour assurer une exp\u00e9rience utilisateur fluide.<\/li>\n<\/ul>\n","protected":false},"excerpt":{"rendered":"<p>Le personnalisateur de messagerie WooCommerce est un outil incroyablement robuste et tr\u00e8s efficace qui permet \u00e0 ses utilisateurs de d\u00e9velopper et de personnaliser sans effort des mod\u00e8les de messagerie uniques et personnalis\u00e9s sp\u00e9cialement con\u00e7us pour r\u00e9pondre aux besoins et aux exigences de leur boutique en ligne. B\u00e9n\u00e9ficiant d&rsquo;une fonctionnalit\u00e9 de glisser-d\u00e9poser incroyablement intuitive et conviviale, associ\u00e9e \u00e0 une gamme diversifi\u00e9e de mod\u00e8les pr\u00e9existants m\u00e9ticuleusement con\u00e7us, ce plugin inestimable fournit aux utilisateurs une commodit\u00e9 et une facilit\u00e9 in\u00e9gal\u00e9es lorsqu&rsquo;il s&rsquo;agit de concevoir et de cr\u00e9er des frappes visuellement m\u00e9ticuleusement et de mani\u00e8re incroyablement Des e-mails d&rsquo;aspect professionnel qui d\u00e9gagent un sentiment de sophistication qui s&rsquo;aligne parfaitement avec leur identit\u00e9 de marque. Avec une vaste gamme de fonctionnalit\u00e9s englobant tout, de la confirmation de commande aux notifications d&rsquo;exp\u00e9dition et bien plus encore, ce plugin extraordinaire offre aux utilisateurs une autonomie compl\u00e8te sur chaque facette de la communication de leur boutique en ligne avec ses clients, garantissant une exp\u00e9rience d&rsquo;achat sans couture et profond\u00e9ment engageante pour tous. Regardless of whether you are a seasoned eCommerce expert with a wealth of experience or a dedicated newcomer eager to embark on this thrilling journey, the WooCommerce Email Customizer undeniably stands as an indispensable tool that is simply indispensable for any ambitious and prosperous online store seeking to maximize son potentiel et \u00e9l\u00e8ve son succ\u00e8s \u00e0 des hauteurs sans pr\u00e9c\u00e9dent.<\/p>\n","protected":false},"featured_media":145877,"comment_status":"open","ping_status":"open","template":"","meta":[],"product_brand":[2440],"product_cat":[1182,1200,1181],"product_tag":[1398],"class_list":{"0":"post-110410","1":"product","2":"type-product","3":"status-publish","4":"has-post-thumbnail","6":"product_brand-woocommerce","7":"product_cat-commerce-electronique-plugins","8":"product_cat-commercialisation","9":"product_cat-plugins","10":"product_tag-woocommerce","11":"member-discount","12":"discount-restricted","14":"first","15":"instock","16":"sale","17":"downloadable","18":"virtual","19":"sold-individually","20":"purchasable","21":"product-type-simple"},"_links":{"self":[{"href":"https:\/\/gpl-love.com\/fr\/wp-json\/wp\/v2\/product\/110410","targetHints":{"allow":["GET"]}}],"collection":[{"href":"https:\/\/gpl-love.com\/fr\/wp-json\/wp\/v2\/product"}],"about":[{"href":"https:\/\/gpl-love.com\/fr\/wp-json\/wp\/v2\/types\/product"}],"replies":[{"embeddable":true,"href":"https:\/\/gpl-love.com\/fr\/wp-json\/wp\/v2\/comments?post=110410"}],"wp:featuredmedia":[{"embeddable":true,"href":"https:\/\/gpl-love.com\/fr\/wp-json\/wp\/v2\/media\/145877"}],"wp:attachment":[{"href":"https:\/\/gpl-love.com\/fr\/wp-json\/wp\/v2\/media?parent=110410"}],"wp:term":[{"taxonomy":"product_brand","embeddable":true,"href":"https:\/\/gpl-love.com\/fr\/wp-json\/wp\/v2\/product_brand?post=110410"},{"taxonomy":"product_cat","embeddable":true,"href":"https:\/\/gpl-love.com\/fr\/wp-json\/wp\/v2\/product_cat?post=110410"},{"taxonomy":"product_tag","embeddable":true,"href":"https:\/\/gpl-love.com\/fr\/wp-json\/wp\/v2\/product_tag?post=110410"}],"curies":[{"name":"wp","href":"https:\/\/api.w.org\/{rel}","templated":true}]}}