{"id":110408,"date":"2025-12-12T00:00:00","date_gmt":"2025-12-11T23:00:00","guid":{"rendered":"http:\/\/gpl-love.com\/fr\/produit\/photography-responsive-photography-wordpress-theme\/"},"modified":"2026-03-20T23:31:29","modified_gmt":"2026-03-20T22:31:29","slug":"photography-responsive-photography-wordpress-theme","status":"publish","type":"product","link":"https:\/\/gpl-love.com\/fr\/produit\/photography-responsive-photography-wordpress-theme\/","title":{"rendered":"Photography Responsive WordPress Theme 7.7.5"},"content":{"rendered":"<h3>Photography Responsive WordPress Theme Traits<\/h3>\n<p>Le th\u00e8me WordPress sensible \u00e0 la photographie s&rsquo;av\u00e8re \u00eatre une r\u00e9solution exquise et contemporaine pour les photographes qui aspirent \u00e0 exposer leur travail sur Internet. Sa conception enti\u00e8rement r\u00e9active garantit que votre site Web d\u00e9gagera de la magnificence et de la splendeur sur tous les appareils. De plus, ce th\u00e8me offre d&rsquo;immenses possibilit\u00e9s de personnalisation, facilitant les modifications sans effort des couleurs, des polices et des dispositions pour s&rsquo;harmoniser avec votre go\u00fbt et votre style individualistes. En plus de ces attributs remarquables, il abrite une galerie int\u00e9gr\u00e9e et des fonctionnalit\u00e9s de portefeuille qui rationalisent le processus de pr\u00e9sentation de vos cr\u00e9ations les plus formidables. Non seulement cela, mais il englobe \u00e9galement un mod\u00e8le de blog, vous permettant d&rsquo;exprimer franchement vos r\u00e9flexions et vos rencontres avec votre public fid\u00e8le. Ind\u00e9niablement, le th\u00e8me WordPress sensible \u00e0 la photographie est la quintessence de la perfection pour tout photographe qui s&rsquo;efforce d&rsquo;\u00e9tablir une pr\u00e9sence en ligne professionnelle et captivante.<\/p>\n<ul>\n<li>Design professionnel et moderne optimis\u00e9 pour les sites Web de photographie<\/li>\n<li>Disposition enti\u00e8rement r\u00e9active qui rend parfaitement sur tous les appareils, y compris les ordinateurs de bureau, les tablettes et les smartphones<\/li>\n<li>Options de cr\u00e9ateurs de pages faciles \u00e0 utiliser et de personnalisation qui vous permettent de cr\u00e9er des pages uniques et \u00e9tonnantes<\/li>\n<li>Livr\u00e9 avec de nombreuses d\u00e9mos et mod\u00e8les pr\u00e9-construits qui peuvent \u00eatre facilement import\u00e9s pour un d\u00e9marrage rapide<\/li>\n<li>Fonctionnalit\u00e9s de galerie et de portfolio int\u00e9gr\u00e9es pour pr\u00e9senter votre travail d&rsquo;une mani\u00e8re \u00e9l\u00e9gante et organis\u00e9e<\/li>\n<li>Enti\u00e8rement compatible avec les plugins populaires comme WooCommerce, le formulaire de contact 7 et Yoast SEO<\/li>\n<li>Plusieurs formats de blog et dispositions au choix, afin que vous puissiez cr\u00e9er l&rsquo;environnement parfait pour votre contenu<\/li>\n<li>Panneau d&rsquo;options de th\u00e8me puissant et flexible qui vous permet de personnaliser tous les aspects du th\u00e8me<\/li>\n<li>Livr\u00e9 avec un installateur de d\u00e9monstration en un clic, qui vous permet d&rsquo;installer des donn\u00e9es de d\u00e9monstration en un seul clic<\/li>\n<li>\u00c9quipe de soutien d\u00e9di\u00e9e et documentation approfondie pour vous fournir une assistance professionnelle<\/li>\n<li>Comprend des fonctionnalit\u00e9s essentielles telles que la pr\u00e9paration \u00e0 la traduction, le soutien du th\u00e8me enfant, etc.<\/li>\n<\/ul>\n","protected":false},"excerpt":{"rendered":"<p>Le th\u00e8me WordPress sensible \u00e0 la photographie d&rsquo;entr\u00e9e se pr\u00e9sente comme un instrument tr\u00e8s appropri\u00e9 et efficace pour les personnes dans le domaine de la photographie professionnelle qui aspirent \u00e0 pr\u00e9senter leur vaste portefeuille \u00e0 travers le domaine num\u00e9rique. B\u00e9n\u00e9ficiant d&rsquo;une disposition esth\u00e9tique et contemporaine qui s&rsquo;adapte de mani\u00e8re transparente \u00e0 diverses tailles d&rsquo;\u00e9cran, ce th\u00e8me souligne sans effort les meilleurs exemples de votre m\u00e9tier, vous permettant d&rsquo;\u00e9tablir une pr\u00e9sence en ligne robuste et dominante. Que vous poss\u00e9diez une exp\u00e9rience consid\u00e9rable ou que vous vous lanciez dans votre voyage en tant qu&rsquo;artiste en plein essor, la contribution sert de plate-forme ultime pour manifester votre d\u00e9vouement in\u00e9branlable \u00e0 l&rsquo;art de la photographie, tout en forgeant simultan\u00e9ment des connexions profondes avec des clients potentiels \u00e0 travers un m\u00e9dium captivant captivant et visuellement captivant .<\/p>\n","protected":false},"featured_media":144971,"comment_status":"open","ping_status":"open","template":"","meta":[],"product_brand":[2433],"product_cat":[1242,1212,1213],"product_tag":[1366],"class_list":{"0":"post-110408","1":"product","2":"type-product","3":"status-publish","4":"has-post-thumbnail","6":"product_brand-themeforest","7":"product_cat-creatif","8":"product_cat-themes","9":"product_cat-wordpress-themes","10":"product_tag-themeforest","11":"member-discount","12":"discount-restricted","14":"first","15":"instock","16":"sale","17":"downloadable","18":"virtual","19":"sold-individually","20":"purchasable","21":"product-type-simple"},"_links":{"self":[{"href":"https:\/\/gpl-love.com\/fr\/wp-json\/wp\/v2\/product\/110408","targetHints":{"allow":["GET"]}}],"collection":[{"href":"https:\/\/gpl-love.com\/fr\/wp-json\/wp\/v2\/product"}],"about":[{"href":"https:\/\/gpl-love.com\/fr\/wp-json\/wp\/v2\/types\/product"}],"replies":[{"embeddable":true,"href":"https:\/\/gpl-love.com\/fr\/wp-json\/wp\/v2\/comments?post=110408"}],"wp:featuredmedia":[{"embeddable":true,"href":"https:\/\/gpl-love.com\/fr\/wp-json\/wp\/v2\/media\/144971"}],"wp:attachment":[{"href":"https:\/\/gpl-love.com\/fr\/wp-json\/wp\/v2\/media?parent=110408"}],"wp:term":[{"taxonomy":"product_brand","embeddable":true,"href":"https:\/\/gpl-love.com\/fr\/wp-json\/wp\/v2\/product_brand?post=110408"},{"taxonomy":"product_cat","embeddable":true,"href":"https:\/\/gpl-love.com\/fr\/wp-json\/wp\/v2\/product_cat?post=110408"},{"taxonomy":"product_tag","embeddable":true,"href":"https:\/\/gpl-love.com\/fr\/wp-json\/wp\/v2\/product_tag?post=110408"}],"curies":[{"name":"wp","href":"https:\/\/api.w.org\/{rel}","templated":true}]}}