{"id":110406,"date":"2022-05-10T00:00:00","date_gmt":"2022-05-09T22:00:00","guid":{"rendered":"http:\/\/gpl-love.com\/fr\/produit\/leverage-creative-agency-portfolio-wordpress-theme\/"},"modified":"2026-03-20T23:22:24","modified_gmt":"2026-03-20T22:22:24","slug":"leverage-creative-agency-portfolio-wordpress-theme","status":"publish","type":"product","link":"https:\/\/gpl-love.com\/fr\/produit\/leverage-creative-agency-portfolio-wordpress-theme\/","title":{"rendered":"Leverage Creative Agency et Portfolio WordPress Theme 2.1.8"},"content":{"rendered":"<h3>Leverage Creative Agency et Portfolio WordPress Theme Traits<\/h3>\n<p>L&rsquo;agence cr\u00e9ative de levier et le th\u00e8me WordPress de portefeuille ont suscit\u00e9 des \u00e9loges significatives pour sa polyvalence et ses capacit\u00e9s robustes dans le domaine de la conception de sites Web visuellement frappants et hautement fonctionnels. Ce th\u00e8me particulier est particuli\u00e8rement bien adapt\u00e9 aux agences cr\u00e9atives et aux individus qui nourrissent un d\u00e9sir fervent de pr\u00e9senter \u00e0 la fois leur portefeuille et leurs services de mani\u00e8re visuellement captivante. B\u00e9n\u00e9ficiant d&rsquo;un design impeccablement moderne et \u00e9pur\u00e9, il accorde g\u00e9n\u00e9reusement aux utilisateurs une multitude d&rsquo;options de personnalisation pour faciliter la cr\u00e9ation d&rsquo;une pr\u00e9sence en ligne qui est totalement unique et in\u00e9gal\u00e9e. En outre, il convient de noter que ce th\u00e8me a subi des mesures d&rsquo;optimisation approfondies visant \u00e0 am\u00e9liorer ses qualit\u00e9s de vitesse et d&rsquo;optimisation des moteurs de recherche (SEO), garantissant ainsi que votre site Web sera \u00e0 la fois rapide et d\u00e9couverte sans effort par les moteurs de recherche. De plus, il est imp\u00e9ratif de reconna\u00eetre que ce th\u00e8me poss\u00e8de une r\u00e9activit\u00e9 compl\u00e8te, garantissant ainsi que votre site Web d\u00e9gagera une apparence resplendissante et transparente sur tous les appareils. \u00c0 la lumi\u00e8re de ces consid\u00e9rations, il devient manifestement clair que le th\u00e8me de l&rsquo;agence de cr\u00e9ation et de portefeuille WordPress de levier est la solution incontestable et par excellence pour tout professionnel cr\u00e9atif qui aspire \u00e0 construire une pr\u00e9sence en ligne dominante et influente.<\/p>\n<ul>\n<li>Con\u00e7u pour que les agences cr\u00e9atives et les individus pr\u00e9sentent leur portefeuille<\/li>\n<li>Enti\u00e8rement personnalisable avec des options de couleurs illimit\u00e9es, une int\u00e9gration de polices Google et un d\u00e9filement de parallaxe<\/li>\n<li>Disposition r\u00e9active optimis\u00e9e pour tout appareil et taille d&rsquo;\u00e9cran<\/li>\n<li>Sections de portefeuille, de blog et de services int\u00e9gr\u00e9s avec plusieurs options de disposition et capacit\u00e9s de filtrage<\/li>\n<li>Int\u00e9gration avec des plugins populaires comme le formulaire de contact 7 et WooCommerce pour des fonctionnalit\u00e9s suppl\u00e9mentaires<\/li>\n<li>Comprend des pages pr\u00e9-construites comme nous, l&rsquo;\u00e9quipe, les t\u00e9moignages et plus encore<\/li>\n<li>Importation de d\u00e9monstration en un clic pour lancer rapidement votre site Web avec une mise en page pr\u00e9-con\u00e7ue<\/li>\n<li>Codage de r\u00e9f\u00e9rencement pour une meilleure visibilit\u00e9 du moteur de recherche<\/li>\n<li>Compatible avec les principaux navigateurs comme Chrome, Firefox, Safari et Edge<\/li>\n<li>\u00c9quipe d&rsquo;assistance d\u00e9di\u00e9e \u00e0 aider avec tout probl\u00e8me ou question.<\/li>\n<\/ul>\n","protected":false},"excerpt":{"rendered":"<p>Le th\u00e8me d&rsquo;entr\u00e9e, un th\u00e8me WordPress \u00e0 la fois puissant et polyvalent, a \u00e9t\u00e9 sp\u00e9cifiquement con\u00e7u pour les agences de cr\u00e9ation et les sites Web de portefeuille. Sa conception est caract\u00e9ris\u00e9e par son esth\u00e9tique propre et moderne, sa disposition est r\u00e9active et offre une pl\u00e9thore d&rsquo;options personnalisables. Cela fait de l&rsquo;entr\u00e9e le choix id\u00e9al pour pr\u00e9senter efficacement votre travail et capter l&rsquo;attention des clients potentiels. De plus, ce th\u00e8me propose une gamme de dispositions de page d&rsquo;accueil, de choix de portefeuille et de styles de blog pour r\u00e9pondre au mieux \u00e0 vos besoins. De plus, il pr\u00e9sente l&rsquo;option d&rsquo;incorporer des arri\u00e8re-plans et des animations vid\u00e9o, vous permettant d&rsquo;ajouter des \u00e9l\u00e9ments dynamiques \u00e0 votre site Web. De plus, l&rsquo;entr\u00e9e est fi\u00e8re d&rsquo;\u00eatre conviviale et facilement personnalisable, ce qui en fait une s\u00e9lection exceptionnelle pour toute entreprise d&rsquo;entreprise pour \u00e9tablir une pr\u00e9sence en ligne polie et professionnelle.<\/p>\n","protected":false},"featured_media":144372,"comment_status":"open","ping_status":"open","template":"","meta":[],"product_brand":[2433],"product_cat":[1516,1212,1213],"product_tag":[1366],"class_list":{"0":"post-110406","1":"product","2":"type-product","3":"status-publish","4":"has-post-thumbnail","6":"product_brand-themeforest","7":"product_cat-entreprise","8":"product_cat-themes","9":"product_cat-wordpress-themes","10":"product_tag-themeforest","11":"member-discount","12":"discount-restricted","14":"first","15":"instock","16":"sale","17":"downloadable","18":"virtual","19":"sold-individually","20":"purchasable","21":"product-type-simple"},"_links":{"self":[{"href":"https:\/\/gpl-love.com\/fr\/wp-json\/wp\/v2\/product\/110406","targetHints":{"allow":["GET"]}}],"collection":[{"href":"https:\/\/gpl-love.com\/fr\/wp-json\/wp\/v2\/product"}],"about":[{"href":"https:\/\/gpl-love.com\/fr\/wp-json\/wp\/v2\/types\/product"}],"replies":[{"embeddable":true,"href":"https:\/\/gpl-love.com\/fr\/wp-json\/wp\/v2\/comments?post=110406"}],"wp:featuredmedia":[{"embeddable":true,"href":"https:\/\/gpl-love.com\/fr\/wp-json\/wp\/v2\/media\/144372"}],"wp:attachment":[{"href":"https:\/\/gpl-love.com\/fr\/wp-json\/wp\/v2\/media?parent=110406"}],"wp:term":[{"taxonomy":"product_brand","embeddable":true,"href":"https:\/\/gpl-love.com\/fr\/wp-json\/wp\/v2\/product_brand?post=110406"},{"taxonomy":"product_cat","embeddable":true,"href":"https:\/\/gpl-love.com\/fr\/wp-json\/wp\/v2\/product_cat?post=110406"},{"taxonomy":"product_tag","embeddable":true,"href":"https:\/\/gpl-love.com\/fr\/wp-json\/wp\/v2\/product_tag?post=110406"}],"curies":[{"name":"wp","href":"https:\/\/api.w.org\/{rel}","templated":true}]}}