{"id":110405,"date":"2022-03-25T00:00:00","date_gmt":"2022-03-24T23:00:00","guid":{"rendered":"http:\/\/gpl-love.com\/fr\/produit\/beautyspot-wordpress-theme-for-beauty-salons\/"},"modified":"2026-03-20T22:56:02","modified_gmt":"2026-03-20T21:56:02","slug":"beautyspot-wordpress-theme-for-beauty-salons","status":"publish","type":"product","link":"https:\/\/gpl-love.com\/fr\/produit\/beautyspot-wordpress-theme-for-beauty-salons\/","title":{"rendered":"BeautySpot WordPress Th\u00e8me pour Beauty Salons 3.5.5"},"content":{"rendered":"<h3>BeautySpot WordPress Th\u00e8me pour Beauty Salons Traits<\/h3>\n<p>Beautyspot, un th\u00e8me WordPress incroyablement polyvalent et dynamique, a \u00e9t\u00e9 m\u00e9ticuleusement con\u00e7u avec l&rsquo;intention sp\u00e9cifique de r\u00e9pondre aux salons de beaut\u00e9. Ce th\u00e8me exceptionnel va au-del\u00e0 en termes d&rsquo;options de personnalisation, vous permettant de fa\u00e7onner un site Web qui incarne impeccablement votre identit\u00e9 de marque. Avec sa conception esth\u00e9tique et de pointe, votre site Web captivera sans aucun doute des clients potentiels, vous propulsant sans effort \u00e0 l&rsquo;avant-garde de votre industrie tout en \u00e9clipsant vos concurrents. En int\u00e9grant de nombreuses fonctionnalit\u00e9s convoit\u00e9es telles que la r\u00e9servation de rendez-vous, les tables de prix, les profils des membres de l&rsquo;\u00e9quipe et les listes de services compl\u00e8tes, Beautyspot garantit que chaque aspect de votre salon est parfaitement pr\u00e9sent\u00e9. De plus, sa nature enti\u00e8rement r\u00e9active garantit une accessibilit\u00e9 optimale sur une vari\u00e9t\u00e9 d&rsquo;appareils, tandis que son optimisation de moteur de recherche assure une d\u00e9couverte transparente par votre public cible. En conclusion, Beautyspot \u00e9merge incontestablement comme un choix in\u00e9gal\u00e9 pour les propri\u00e9taires de salon de beaut\u00e9 cherchant \u00e0 am\u00e9liorer leur pr\u00e9sence en ligne et \u00e0 augmenter leur client\u00e8le.<\/p>\n<ul>\n<li>Th\u00e8me personnalisable pour les salons de beaut\u00e9 pour pr\u00e9senter leurs services et produits<\/li>\n<li>Design attrayant et moderne qui capte l&rsquo;attention des clients potentiels<\/li>\n<li>Page d&rsquo;accueil riche en fonctionnalit\u00e9s avec sections pour les services, les galeries, les t\u00e9moignages et plus encore<\/li>\n<li>Pleinement r\u00e9actif sur tous les appareils, garantir que les clients peuvent facilement parcourir leurs smartphones ou tablettes<\/li>\n<li>Mod\u00e8les de page int\u00e9gr\u00e9s pour les services, sur, le contact, et plus encore, permettant aux propri\u00e9taires de salon de cr\u00e9er facilement leur site Web<\/li>\n<li>Builateur de page de glisser-d\u00e9poser et de d\u00e9pression facile \u00e0 utiliser pour la personnalisation sans aucune connaissance de codage<\/li>\n<li>S&rsquo;int\u00e8gre \u00e0 des plugins populaires comme WooCommerce pour vendre des produits de beaut\u00e9 et des r\u00e9servations pour planifier des rendez-vous<\/li>\n<li>SEO optimis\u00e9 pour am\u00e9liorer le classement des moteurs de recherche<\/li>\n<li>Comprend des mises \u00e0 jour r\u00e9guli\u00e8res et un support client pour une exp\u00e9rience sans tracas<\/li>\n<li>Vitesses de chargement rapide pour une am\u00e9lioration de l&rsquo;exp\u00e9rience utilisateur et des taux de rebond r\u00e9duits<\/li>\n<\/ul>\n","protected":false},"excerpt":{"rendered":"<p>D\u00e9couvrez une refonte de votre entreprise de beaut\u00e9 avec le th\u00e8me Beaudyspot WordPress. Ce th\u00e8me \u00e9l\u00e9gant et interactif est sp\u00e9cialement con\u00e7u pour les salons de beaut\u00e9 et les spas. Il promet d&rsquo;am\u00e9liorer votre pr\u00e9sence en ligne avec sa conception conviviale et ses fonctionnalit\u00e9s polyvalentes.<\/p>\n<p>Le th\u00e8me Beautyspot offre une disposition \u00e9tonnante et facilement personnalisable qui mettra parfaitement met en \u00e9vidence les services de votre salon, les prix et les offres sp\u00e9ciales de votre salon. Avec l&rsquo;int\u00e9gration de WooCommerce, vous pouvez g\u00e9rer sans effort vos r\u00e9servations et paiements en ligne, en transformant votre site Web en une boutique en ligne efficace.<\/p>\n<p>Ce th\u00e8me propose \u00e9galement une section de blog pour partager vos conseils de beaut\u00e9, vos nouveaux traitements et vos mises \u00e0 jour de salon avec votre public. La conception conviviale de r\u00e9f\u00e9rencement garantit que votre salon de beaut\u00e9 attire plus de trafic et se classe plus haut sur les moteurs de recherche.<\/p>\n<p>Le th\u00e8me Beaudyspot WordPress s&rsquo;occupe \u00e9galement de la r\u00e9activit\u00e9 de votre site Web, garantissant une exp\u00e9rience de visualisation optimale sur diff\u00e9rents appareils. Avec son panneau d&rsquo;administration facile \u00e0 utiliser et sa documentation d\u00e9taill\u00e9e, vous pouvez configurer votre site Web en un rien de temps, m\u00eame sans aucune connaissance de codage.<\/p>\n<p>D\u00e9couvrez le pouvoir d&rsquo;un professionnel et \u00e9l\u00e9gant<\/p>\n","protected":false},"featured_media":143224,"comment_status":"open","ping_status":"closed","template":"","meta":[],"product_brand":[2433],"product_cat":[1516,1212,1213],"product_tag":[1366],"class_list":{"0":"post-110405","1":"product","2":"type-product","3":"status-publish","4":"has-post-thumbnail","6":"product_brand-themeforest","7":"product_cat-entreprise","8":"product_cat-themes","9":"product_cat-wordpress-themes","10":"product_tag-themeforest","11":"member-discount","12":"discount-restricted","14":"first","15":"instock","16":"sale","17":"downloadable","18":"virtual","19":"sold-individually","20":"purchasable","21":"product-type-simple"},"_links":{"self":[{"href":"https:\/\/gpl-love.com\/fr\/wp-json\/wp\/v2\/product\/110405","targetHints":{"allow":["GET"]}}],"collection":[{"href":"https:\/\/gpl-love.com\/fr\/wp-json\/wp\/v2\/product"}],"about":[{"href":"https:\/\/gpl-love.com\/fr\/wp-json\/wp\/v2\/types\/product"}],"replies":[{"embeddable":true,"href":"https:\/\/gpl-love.com\/fr\/wp-json\/wp\/v2\/comments?post=110405"}],"wp:featuredmedia":[{"embeddable":true,"href":"https:\/\/gpl-love.com\/fr\/wp-json\/wp\/v2\/media\/143224"}],"wp:attachment":[{"href":"https:\/\/gpl-love.com\/fr\/wp-json\/wp\/v2\/media?parent=110405"}],"wp:term":[{"taxonomy":"product_brand","embeddable":true,"href":"https:\/\/gpl-love.com\/fr\/wp-json\/wp\/v2\/product_brand?post=110405"},{"taxonomy":"product_cat","embeddable":true,"href":"https:\/\/gpl-love.com\/fr\/wp-json\/wp\/v2\/product_cat?post=110405"},{"taxonomy":"product_tag","embeddable":true,"href":"https:\/\/gpl-love.com\/fr\/wp-json\/wp\/v2\/product_tag?post=110405"}],"curies":[{"name":"wp","href":"https:\/\/api.w.org\/{rel}","templated":true}]}}