{"id":110402,"date":"2024-03-23T00:00:00","date_gmt":"2024-03-22T23:00:00","guid":{"rendered":"http:\/\/gpl-love.com\/fr\/produit\/yith-woocommerce-antifraud-premium\/"},"modified":"2026-04-18T06:31:16","modified_gmt":"2026-04-18T04:31:16","slug":"yith-woocommerce-antifraud-premium","status":"publish","type":"product","link":"https:\/\/gpl-love.com\/fr\/produit\/yith-woocommerce-antifraud-premium\/","title":{"rendered":"YITH AntiFraud Premium 1.37.0"},"content":{"rendered":"<h3>YITH AntiFraud Premium Traits<\/h3>\n<p>Yith Antifraud Premium, un outil tr\u00e8s indispensable pour chaque propri\u00e9taire de boutique en ligne cherchant \u00e0 prot\u00e9ger leur entreprise contre des activit\u00e9s trompeuses, est r\u00e9put\u00e9e pour sa capacit\u00e9 remarquable dans la d\u00e9tection et la contrarification des transactions frauduleuses, assurant ainsi la plus grande s\u00e9curit\u00e9 pour vos ventes et vos revenus. B\u00e9n\u00e9ficiant d&rsquo;algorithmes avanc\u00e9s et de technologie d&rsquo;apprentissage automatique \u00e0 la pointe de la technologie, Yith Antifraud Premium discerne rapidement tout comportement suspect et obstruant efficacement les ordres trompeurs, \u00e9vitant ainsi de mani\u00e8re pr\u00e9ventive. De plus, ce plugin propose des rapports et des analyses complets, vous permettant de surveiller et de suivre de pr\u00e8s l&rsquo;efficacit\u00e9 des efforts de pr\u00e9vention de la fraude de votre magasin. Essentiellement, pour toute entreprise en ligne s&rsquo;effor\u00e7ant de prot\u00e9ger elles-m\u00eames et leurs clients estim\u00e9s des dangers de la fraude en ligne, il est imp\u00e9ratif absolu d&rsquo;acqu\u00e9rir la prime Yith Antifraud.<\/p>\n<ul>\n<li>Fournit une d\u00e9tection et une pr\u00e9vention avanc\u00e9es de la fraude pour les magasins en ligne<\/li>\n<li>Prot\u00e8ge contre les pertes de recharge et les transactions non autoris\u00e9es<\/li>\n<li>Utilise des algorithmes d&rsquo;apprentissage automatique pour analyser le comportement du client et identifier une activit\u00e9 frauduleuse potentielle<\/li>\n<li>Bloque les transactions suspectes en temps r\u00e9el<\/li>\n<li>S&rsquo;int\u00e8gre aux passerelles de paiement populaires et aux plateformes de commerce \u00e9lectronique<\/li>\n<li>Offre des r\u00e8gles de s\u00e9curit\u00e9 personnalisables et des seuils de risque personnalis\u00e9s<\/li>\n<li>Fournit des rapports d\u00e9taill\u00e9s et des analyses sur les tentatives de fraude et les mesures de pr\u00e9vention<\/li>\n<li>Aide \u00e0 am\u00e9liorer la confiance et la confiance des clients dans votre boutique en ligne<\/li>\n<li>Offre un soutien expert et une assistance aux probl\u00e8mes li\u00e9s \u00e0 la fraude.<\/li>\n<\/ul>\n","protected":false},"excerpt":{"rendered":"<p>Yith Antifraud Premium, un logiciel tr\u00e8s robuste, poss\u00e8de des capacit\u00e9s impressionnantes pour contrecarrer les transactions frauduleuses sur votre site Web. \u00c9quip\u00e9e d&rsquo;algorithmes de pointe et d&rsquo;analyse en temps r\u00e9el, cet outil exceptionnel poss\u00e8de la capacit\u00e9 d&rsquo;identifier rapidement les efforts frauduleux et de les entraver efficacement, garantissant ainsi la plus grande s\u00e9curit\u00e9 et la sauvegarde de votre entreprise estim\u00e9e. De plus, ce plugin remarquable s&rsquo;int\u00e8gre de mani\u00e8re transparente aux plates-formes de commerce \u00e9lectronique renomm\u00e9es, facilitant la configuration et l&rsquo;utilisation sans effort, vous permettant ainsi de commencer rapidement \u00e0 prot\u00e9ger votre entreprise. En adoptant Yith Antifraud Premium, vous pouvez \u00eatre fermement assur\u00e9 que votre boutique en ligne est imperm\u00e9able aux parcelles insidieuses des fraudeurs, et que les informations de vos clients inestimables restent impeccablement prot\u00e9g\u00e9s.<\/p>\n","protected":false},"featured_media":146347,"comment_status":"open","ping_status":"open","template":"","meta":[],"product_brand":[2487],"product_cat":[1183,1182,1181],"product_tag":[1437],"class_list":{"0":"post-110402","1":"product","2":"type-product","3":"status-publish","4":"has-post-thumbnail","6":"product_brand-yith","7":"product_cat-administration","8":"product_cat-commerce-electronique-plugins","9":"product_cat-plugins","10":"product_tag-yith","11":"member-discount","12":"discount-restricted","14":"first","15":"instock","16":"sale","17":"downloadable","18":"virtual","19":"sold-individually","20":"purchasable","21":"product-type-simple"},"_links":{"self":[{"href":"https:\/\/gpl-love.com\/fr\/wp-json\/wp\/v2\/product\/110402","targetHints":{"allow":["GET"]}}],"collection":[{"href":"https:\/\/gpl-love.com\/fr\/wp-json\/wp\/v2\/product"}],"about":[{"href":"https:\/\/gpl-love.com\/fr\/wp-json\/wp\/v2\/types\/product"}],"replies":[{"embeddable":true,"href":"https:\/\/gpl-love.com\/fr\/wp-json\/wp\/v2\/comments?post=110402"}],"wp:featuredmedia":[{"embeddable":true,"href":"https:\/\/gpl-love.com\/fr\/wp-json\/wp\/v2\/media\/146347"}],"wp:attachment":[{"href":"https:\/\/gpl-love.com\/fr\/wp-json\/wp\/v2\/media?parent=110402"}],"wp:term":[{"taxonomy":"product_brand","embeddable":true,"href":"https:\/\/gpl-love.com\/fr\/wp-json\/wp\/v2\/product_brand?post=110402"},{"taxonomy":"product_cat","embeddable":true,"href":"https:\/\/gpl-love.com\/fr\/wp-json\/wp\/v2\/product_cat?post=110402"},{"taxonomy":"product_tag","embeddable":true,"href":"https:\/\/gpl-love.com\/fr\/wp-json\/wp\/v2\/product_tag?post=110402"}],"curies":[{"name":"wp","href":"https:\/\/api.w.org\/{rel}","templated":true}]}}