{"id":110398,"date":"2026-03-13T00:00:00","date_gmt":"2026-03-12T23:00:00","guid":{"rendered":"http:\/\/gpl-love.com\/fr\/produit\/woolentor-pro-woocommerce-page-builder-elementor-addon\/"},"modified":"2026-03-30T18:30:50","modified_gmt":"2026-03-30T16:30:50","slug":"woolentor-pro-woocommerce-page-builder-elementor-addon","status":"publish","type":"product","link":"https:\/\/gpl-love.com\/fr\/produit\/woolentor-pro-woocommerce-page-builder-elementor-addon\/","title":{"rendered":"ShopLentor Pro (WooLentor) 2.7.9"},"content":{"rendered":"<h3>ShopLentor Pro (WooLentor) Traits<\/h3>\n<p>Le plugin de ShopLentor Pro, d\u00e9velopp\u00e9 par Woolentor, est un outil incroyablement robuste qui am\u00e9liore consid\u00e9rablement la fonctionnalit\u00e9 de la plate-forme WooCommerce largement utilis\u00e9e. Ce plugin particulier offre aux utilisateurs une vaste gamme d&rsquo;options de personnalisation, leur permettant de cr\u00e9er des magasins en ligne qui sont sur mesure \u00e0 leurs besoins sp\u00e9cifiques et uniques. L&rsquo;une des fonctionnalit\u00e9s exceptionnelles de ShopLentor Pro est sa fonctionnalit\u00e9 de glisser-d\u00e9poser exceptionnellement conviviale, qui permet aux utilisateurs d&rsquo;ajouter, de supprimer et de r\u00e9organiser des \u00e9l\u00e9ments sur les pages de la boutique en ligne sans la n\u00e9cessit\u00e9 de poss\u00e9der des connaissances de codage approfondies. De plus, ce plugin puissant poss\u00e8de \u00e9galement plusieurs fonctionnalit\u00e9s avanc\u00e9es, notamment, mais sans s&rsquo;y limiter, la vue rapide tr\u00e8s pratique, la liste de souhaits, la comparaison et les options de filtre, qui servent toutes \u00e0 am\u00e9liorer l&rsquo;exp\u00e9rience globale de navigation et d&rsquo;achat pour les clients. Essentiellement, le plugin ShopLentor Pro sert d&rsquo;outil incroyablement polyvalent et convivial, aidant efficacement les entreprises \u00e0 construire des magasins en ligne qui sont non seulement distinctifs mais aussi captivants, leur permettant de vraiment se d\u00e9marquer au milieu d&rsquo;un march\u00e9 farouchement comp\u00e9titif.<\/p>\n<ul>\n<li>ShopLentor Pro est un plugin puissant pour WooCommerce qui am\u00e9liore l&rsquo;exp\u00e9rience d&rsquo;achat sur votre site Web.<\/li>\n<li>Avec ShopLentor Pro, vous pouvez personnaliser vos pages de produits et cr\u00e9er des mod\u00e8les personnalis\u00e9s pour pr\u00e9senter vos produits de la meilleure fa\u00e7on possible.<\/li>\n<li>Le plugin vous permet \u00e9galement d&rsquo;ajouter divers widgets et shortcodes pour mettre en \u00e9vidence certains produits, cat\u00e9gories ou promotions.<\/li>\n<li>ShopLentor Pro propose une interface conviviale qui facilite l&rsquo;utilisation et la personnalisation de vos comp\u00e9tences techniques.<\/li>\n<li>Le plugin est enti\u00e8rement compatible avec la derni\u00e8re version de WooCommerce et fonctionne de mani\u00e8re transparente avec tous les principaux th\u00e8mes WordPress.<\/li>\n<li>SORPLELENTOR PRO est livr\u00e9 avec plusieurs mod\u00e8les et polices pr\u00e9-con\u00e7us, vous permettant de cr\u00e9er des pages de produits uniques et \u00e9poustouflantes.<\/li>\n<li>Le plugin comprend \u00e9galement diverses fonctionnalit\u00e9s utiles telles qu&rsquo;un curseur de produit, des produits connexes, des options de partage de produits, etc.<\/li>\n<li>Avec ShopLentor Pro, vous pouvez am\u00e9liorer les taux de conversion de votre site Web, augmenter les ventes et offrir une meilleure exp\u00e9rience d&rsquo;achat globale \u00e0 vos clients.<\/li>\n<\/ul>\n","protected":false},"excerpt":{"rendered":"<p>ShopLentor Pro (Woolentor) est un plugin exceptionnellement robuste qui d\u00e9veloppe et amplifie efficacement la fonctionnalit\u00e9 du plugin WooCommerce extr\u00eamement populaire sp\u00e9cialement con\u00e7u pour les sites Web WordPress. En int\u00e9grant ShopLentor Pro dans votre boutique en ligne, vous pouvez adapter et affiner sans effort votre espace de vente au d\u00e9tail virtuel pour r\u00e9pondre plus efficacement aux pr\u00e9f\u00e9rences et exigences uniques et \u00e9volutives de votre client\u00e8le exigeante. Ce plugin incroyablement polyvalent propose une vaste gamme de fonctionnalit\u00e9s de pointe, telles que des filtres de produit avanc\u00e9s m\u00e9ticuleusement con\u00e7us pour faciliter les exp\u00e9riences de navigation transparente et intuitives, des onglets de produits personnalisables qui vous permettent de pr\u00e9senter des informations d\u00e9taill\u00e9es et pertinentes de mani\u00e8re esth\u00e9tique et conforme et de produits innovants et innovants Tables de comparaison qui permettent aux consommateurs de prendre des d\u00e9cisions d&rsquo;achat bien inform\u00e9es. De plus, ShopLentor Pro vous permet de concevoir sans effort des pages de produits \u00e9poustouflantes et enti\u00e8rement r\u00e9actives qui captivent et engagent votre public cible, superviser et g\u00e9rer efficacement vos processus de r\u00e9alisation et d&rsquo;exp\u00e9dition avec la plus grande facilit\u00e9 et efficacit\u00e9, et bien plus encore. Que vous op\u00e9rez une entreprise \u00e0 petite \u00e9chelle ou un vaste Emporium de commerce \u00e9lectronique, ShopLentor Pro sert de panac\u00e9e ultime pour \u00e9lever et \u00e9lever vos efforts d&rsquo;achat virtuels, ce qui les rend vraiment in\u00e9gal\u00e9s dans leur convivialit\u00e9 et leur attrait immersif.<\/p>\n","protected":false},"featured_media":146087,"comment_status":"open","ping_status":"open","template":"","meta":[],"product_brand":[2435],"product_cat":[1182,1223,1181],"product_tag":[1231],"class_list":{"0":"post-110398","1":"product","2":"type-product","3":"status-publish","4":"has-post-thumbnail","6":"product_brand-codecanyon","7":"product_cat-commerce-electronique-plugins","8":"product_cat-personnalisation-commerce-electronique-plugins","9":"product_cat-plugins","10":"product_tag-codecanyon","11":"member-discount","12":"discount-restricted","14":"first","15":"instock","16":"sale","17":"downloadable","18":"virtual","19":"sold-individually","20":"purchasable","21":"product-type-simple"},"_links":{"self":[{"href":"https:\/\/gpl-love.com\/fr\/wp-json\/wp\/v2\/product\/110398","targetHints":{"allow":["GET"]}}],"collection":[{"href":"https:\/\/gpl-love.com\/fr\/wp-json\/wp\/v2\/product"}],"about":[{"href":"https:\/\/gpl-love.com\/fr\/wp-json\/wp\/v2\/types\/product"}],"replies":[{"embeddable":true,"href":"https:\/\/gpl-love.com\/fr\/wp-json\/wp\/v2\/comments?post=110398"}],"wp:featuredmedia":[{"embeddable":true,"href":"https:\/\/gpl-love.com\/fr\/wp-json\/wp\/v2\/media\/146087"}],"wp:attachment":[{"href":"https:\/\/gpl-love.com\/fr\/wp-json\/wp\/v2\/media?parent=110398"}],"wp:term":[{"taxonomy":"product_brand","embeddable":true,"href":"https:\/\/gpl-love.com\/fr\/wp-json\/wp\/v2\/product_brand?post=110398"},{"taxonomy":"product_cat","embeddable":true,"href":"https:\/\/gpl-love.com\/fr\/wp-json\/wp\/v2\/product_cat?post=110398"},{"taxonomy":"product_tag","embeddable":true,"href":"https:\/\/gpl-love.com\/fr\/wp-json\/wp\/v2\/product_tag?post=110398"}],"curies":[{"name":"wp","href":"https:\/\/api.w.org\/{rel}","templated":true}]}}