{"id":110396,"date":"2026-04-07T00:00:00","date_gmt":"2026-04-06T22:00:00","guid":{"rendered":"http:\/\/gpl-love.com\/fr\/produit\/shopkeeper-ecommerce-wp-theme-for-woocommerce\/"},"modified":"2026-04-10T18:39:27","modified_gmt":"2026-04-10T16:39:27","slug":"shopkeeper-ecommerce-wp-theme-for-woocommerce","status":"publish","type":"product","link":"https:\/\/gpl-love.com\/fr\/produit\/shopkeeper-ecommerce-wp-theme-for-woocommerce\/","title":{"rendered":"Shopkeeper eCommerce Theme 8.4"},"content":{"rendered":"<h3>Shopkeeper eCommerce Theme Traits<\/h3>\n<p>Le th\u00e8me du commerce \u00e9lectronique des commer\u00e7ants est un th\u00e8me WordPress exceptionnellement robuste et polyvalent qui a \u00e9t\u00e9 m\u00e9ticuleusement con\u00e7u avec l&rsquo;intention sp\u00e9cifique de r\u00e9pondre aux besoins et aux demandes des d\u00e9taillants en ligne. Ce th\u00e8me exemplaire est \u00e9quip\u00e9 d&rsquo;une vaste gamme de fonctionnalit\u00e9s et d&rsquo;une vaste gamme d&rsquo;options de personnalisation qui servent efficacement \u00e0 faciliter la cr\u00e9ation transparente d&rsquo;un site Web de commerce \u00e9lectronique professionnel et tr\u00e8s efficace. De plus, il convient de noter que ce th\u00e8me poss\u00e8de la qualit\u00e9 inestimable d&rsquo;\u00eatre pleinement r\u00e9actif et admirablement compatible avec les appareils mobiles. Par cons\u00e9quent, cela garantit que votre client\u00e8le estim\u00e9e sera en mesure de profiter d&rsquo;une exp\u00e9rience de magasinage compl\u00e8tement ininterrompue et parfaitement agr\u00e9able quel que soit l&rsquo;appareil qu&rsquo;ils choisissent d&rsquo;utiliser. En plus de cela, le th\u00e8me du commerce \u00e9lectronique des commer\u00e7ants poss\u00e8de une interface conviviale qui se caract\u00e9rise par une exp\u00e9rience utilisateur con\u00e7ue intuitivement. C&rsquo;est gr\u00e2ce \u00e0 cette interface ergonomique que vous serez en mesure de naviguer sans effort dans le processus de gestion efficace de votre boutique en ligne, ainsi que de l&rsquo;int\u00e9gration et de l&rsquo;introduction de produits nouveaux et passionnants. Un autre aspect notable de ce th\u00e8me est l&rsquo;existence d&rsquo;un assortiment de mod\u00e8les et de dispositions pr\u00e9-con\u00e7us \u00e0 votre disposition. Cette fonctionnalit\u00e9 vous donne la possibilit\u00e9 d&rsquo;exercer votre flair cr\u00e9atif et de personnaliser votre site Web d&rsquo;une mani\u00e8re qui s&rsquo;aligne parfaitement sur votre marque unique et votre style distinctif. Enfin, il est essentiel de reconna\u00eetre la compatibilit\u00e9 du th\u00e8me du commerce \u00e9lectronique de commerce avec les plugins de commerce \u00e9lectronique renomm\u00e9s et largement utilis\u00e9s, tels que le estim\u00e9 WooCommerce. Cette compatibilit\u00e9 facilite l&rsquo;int\u00e9gration pratique des passerelles de paiement essentielles et des options d&rsquo;exp\u00e9dition indispensables, am\u00e9liorant ainsi la fonctionnalit\u00e9 globale et la praticit\u00e9 de votre boutique en ligne. Tous les facteurs consid\u00e9r\u00e9s, il est sans \u00e9quivoque \u00e9vident que le th\u00e8me du commerce \u00e9lectronique des commer\u00e7ants est sans \u00e9quivoque un choix stellaire qui est extr\u00eamement adapt\u00e9 \u00e0 toute personne qui cherche \u00e0 construire rapidement et sans effort sans effort une boutique en ligne de qualit\u00e9 primordiale et de simplicit\u00e9 manag\u00e9riale exceptionnelle.<\/p>\n<ul>\n<li>Un th\u00e8me de commerce \u00e9lectronique con\u00e7u par des professionnels sp\u00e9cifiquement adapt\u00e9 aux commer\u00e7ants et aux marchands en ligne<\/li>\n<li>Enti\u00e8rement compatible avec les plateformes de commerce \u00e9lectronique populaires comme WooCommerce, Shopify et Magento<\/li>\n<li>Comprend des dispositions de page d&rsquo;accueil personnalisables, des pages de produits et des pages de paiement, offrant une conception unique et sp\u00e9cifique \u00e0 la marque pour votre magasin<\/li>\n<li>Con\u00e7u pour la r\u00e9activit\u00e9 mobile, garantir que votre boutique en ligne a fi\u00e8re allure sur n&rsquo;importe quel appareil<\/li>\n<li>Optimisation de moteur de recherche int\u00e9gr\u00e9e (SEO) pour aider votre magasin plus haut dans les pages de r\u00e9sultats des moteurs de recherche<\/li>\n<li>Facile \u00e0 utiliser et \u00e0 personnaliser, aucune connaissance de codage requise<\/li>\n<li>Documentation compl\u00e8te et \u00e9quipe de soutien d\u00e9di\u00e9e pour vous aider \u00e0 chaque \u00e9tape du chemin<\/li>\n<li>Mises \u00e0 jour r\u00e9guli\u00e8res et am\u00e9liorations pour garder votre boutique en ligne fra\u00eeche et moderne.<\/li>\n<\/ul>\n","protected":false},"excerpt":{"rendered":"<p>Le th\u00e8me du commerce \u00e9lectronique des commer\u00e7ants est une conception de site Web exceptionnellement polie et sophistiqu\u00e9e qui a \u00e9t\u00e9 con\u00e7ue de mani\u00e8re experte avec l&rsquo;intention sp\u00e9cifique de r\u00e9pondre aux besoins et aux exigences des magasins en ligne. Son interface \u00e9l\u00e9gante et conviviale est m\u00e9ticuleusement con\u00e7ue pour garantir une navigation sans effort et une interaction utilisateur sans faille, vous permettant ainsi de personnaliser et de g\u00e9rer sans effort une exp\u00e9rience d&rsquo;achat in\u00e9gal\u00e9e qui est sur mesure pour votre client\u00e8le exigeante. De plus, le th\u00e8me propose une formidable \u00e9ventail de mod\u00e8les pr\u00e9d\u00e9finis, chacun d\u00e9gageant son propre charme et son attrait unique, vous offrant ainsi le luxe de choix et l&rsquo;opportunit\u00e9 de fa\u00e7onner une vitrine num\u00e9rique qui est vraiment repr\u00e9sentative de votre identit\u00e9 de marque. En tant que cerise sur le g\u00e2teau proverbial, ce th\u00e8me remarquable est m\u00e9ticuleusement con\u00e7u pour \u00eatre enti\u00e8rement optimis\u00e9 pour l&rsquo;optimisation des moteurs de recherche (SEO) et les appareils mobiles, garantissant ainsi que votre pr\u00e9sence en ligne reste accessible et sans entrave, ind\u00e9pendamment de l&#8217;emplacement g\u00e9ographique ou de l&rsquo;appareil utilis\u00e9 par votre estime estim\u00e9 clients. En plus de ses vertus esth\u00e9tiques et de ses prouesses techniques, le th\u00e8me du commerce \u00e9lectronique des commer\u00e7ants poss\u00e8de fi\u00e8rement un arsenal de puissantes fonctionnalit\u00e9s de commerce \u00e9lectronique qui sont destin\u00e9es \u00e0 r\u00e9volutionner le fonctionnement de votre boutique en ligne. Impr\u00e9gn\u00e9 de la possibilit\u00e9 de filtrer sans effort les produits, de naviguer de mani\u00e8re transparente \u00e0 travers une fonctionnalit\u00e9 de recherche compl\u00e8te et d&rsquo;ex\u00e9cuter des transactions avec une s\u00e9curit\u00e9 in\u00e9gal\u00e9e, le th\u00e8me du commerce \u00e9lectronique des commer\u00e7ants amalgama de mani\u00e8re transparente et fonctionne, le rendant la solution par excellence pour toutes vos effets en ligne.<\/p>\n","protected":false},"featured_media":145233,"comment_status":"open","ping_status":"open","template":"","meta":[],"product_brand":[2433],"product_cat":[1516,1212,1213],"product_tag":[1366],"class_list":{"0":"post-110396","1":"product","2":"type-product","3":"status-publish","4":"has-post-thumbnail","6":"product_brand-themeforest","7":"product_cat-entreprise","8":"product_cat-themes","9":"product_cat-wordpress-themes","10":"product_tag-themeforest","11":"member-discount","12":"discount-restricted","14":"first","15":"instock","16":"sale","17":"downloadable","18":"virtual","19":"sold-individually","20":"purchasable","21":"product-type-simple"},"_links":{"self":[{"href":"https:\/\/gpl-love.com\/fr\/wp-json\/wp\/v2\/product\/110396","targetHints":{"allow":["GET"]}}],"collection":[{"href":"https:\/\/gpl-love.com\/fr\/wp-json\/wp\/v2\/product"}],"about":[{"href":"https:\/\/gpl-love.com\/fr\/wp-json\/wp\/v2\/types\/product"}],"replies":[{"embeddable":true,"href":"https:\/\/gpl-love.com\/fr\/wp-json\/wp\/v2\/comments?post=110396"}],"wp:featuredmedia":[{"embeddable":true,"href":"https:\/\/gpl-love.com\/fr\/wp-json\/wp\/v2\/media\/145233"}],"wp:attachment":[{"href":"https:\/\/gpl-love.com\/fr\/wp-json\/wp\/v2\/media?parent=110396"}],"wp:term":[{"taxonomy":"product_brand","embeddable":true,"href":"https:\/\/gpl-love.com\/fr\/wp-json\/wp\/v2\/product_brand?post=110396"},{"taxonomy":"product_cat","embeddable":true,"href":"https:\/\/gpl-love.com\/fr\/wp-json\/wp\/v2\/product_cat?post=110396"},{"taxonomy":"product_tag","embeddable":true,"href":"https:\/\/gpl-love.com\/fr\/wp-json\/wp\/v2\/product_tag?post=110396"}],"curies":[{"name":"wp","href":"https:\/\/api.w.org\/{rel}","templated":true}]}}