{"id":110394,"date":"2022-04-08T00:00:00","date_gmt":"2022-04-07T22:00:00","guid":{"rendered":"http:\/\/gpl-love.com\/fr\/produit\/mythemeshop-wp-quiz-pro\/"},"modified":"2026-04-10T18:33:27","modified_gmt":"2026-04-10T16:33:27","slug":"mythemeshop-wp-quiz-pro","status":"publish","type":"product","link":"https:\/\/gpl-love.com\/fr\/produit\/mythemeshop-wp-quiz-pro\/","title":{"rendered":"MyThemeShop WP Quiz Pro 2.1.11"},"content":{"rendered":"<h3>MyThemeShop WP Quiz Pro Traits<\/h3>\n<p>MyTheShop WP Quiz Pro est un plugin WordPress exceptionnellement puissant m\u00e9ticuleusement con\u00e7u pour faciliter la cr\u00e9ation de quiz captivants et interactifs sur votre site Web estim\u00e9. Ce plugin remarquable poss\u00e8de une interface navigable sans effort, vous accordant la possibilit\u00e9 de fabriquer un \u00e9ventail de types de quiz, englobant des quiz de personnalit\u00e9, des quiz de trivia et un assortiment d&rsquo;autres options. De plus, ce plugin exceptionnel est \u00e9quip\u00e9 d&rsquo;un vaste assortiment de fonctionnalit\u00e9s de personnalisation, vous offrant la possibilit\u00e9 de fa\u00e7onner de fa\u00e7on transparente des quiz qui s&rsquo;alignent harmonieusement sur le style et le ton distincts de votre marque. De plus, vous poss\u00e9dez l&rsquo;autonomie pour r\u00e9gir divers param\u00e8tres de quiz, tels que la quantit\u00e9 de questions, les m\u00e9canismes de notation et m\u00eame les impositions \u00e0 temps. En outre, WP Quiz Pro offre une int\u00e9gration transparente avec des plateformes de marketing par e-mail estim\u00e9es et largement utilis\u00e9es, vous permettant ainsi d&rsquo;amasser sans effort des prospects pr\u00e9cieux et de cultiver la croissance de votre liste de diffusion inestimable. En conclusion, MyTheShop WP Quiz Pro est un plugin extr\u00eamement adaptable et centr\u00e9 sur l&rsquo;utilisateur, d\u00e9gageant une efficacit\u00e9 utile pour \u00e9lever l&rsquo;engagement des utilisateurs et conduire un trafic substantiel vers votre site Web estim\u00e9.<\/p>\n<ul>\n<li>Un puissant plugin de quiz pour les sites Web WordPress<\/li>\n<li>Vous permet de cr\u00e9er des quiz et des enqu\u00eates engageants en quelques minutes<\/li>\n<li>Livr\u00e9 avec plusieurs types de quiz, y compris les anecdotes, la personnalit\u00e9 et les cartes \u00e0 bascule<\/li>\n<li>Comprend un g\u00e9n\u00e9rateur de quiz glisser-d\u00e9poser pour une personnalisation facile<\/li>\n<li>Prend en charge des questions et r\u00e9ponses illimit\u00e9es<\/li>\n<li>Offre des options avanc\u00e9es telles que les quiz chronom\u00e9tr\u00e9s, le partage social et le suivi des r\u00e9sultats<\/li>\n<li>Fournit des mod\u00e8les personnalisables pour styliser vos quiz et vos enqu\u00eates<\/li>\n<li>S&rsquo;int\u00e8gre aux services de marketing par e-mail populaires comme MailChimp et Aweber<\/li>\n<li>Propose des analyses d\u00e9taill\u00e9es et des rapports pour suivre les performances des utilisateurs<\/li>\n<li>Fournit un excellent support client et des mises \u00e0 jour r\u00e9guli\u00e8res pour assurer des performances optimales.<\/li>\n<\/ul>\n","protected":false},"excerpt":{"rendered":"<p>MyTheShop WP Quiz Pro, un plugin WordPress de haute qualit\u00e9, est con\u00e7u pour faciliter la cr\u00e9ation de quiz captivants pour les visiteurs de votre site Web. Son interface intuitive vous permet de fa\u00e7onner des quiz sur mesure remplies de divers types de questions, images, vid\u00e9os et bien plus encore. De plus, ce plugin poss\u00e8de une vaste gamme de choix pour pr\u00e9senter les r\u00e9sultats et analyses du quiz, vous fournissant ainsi les moyens de surveiller l&rsquo;engagement des utilisateurs et d&rsquo;optimiser votre strat\u00e9gie de contenu. Que vous vous identifiiez en tant que blogueur, marketing ou propri\u00e9taire d&rsquo;entreprise, MyTheShop WP Quiz Pro s&rsquo;av\u00e8re \u00eatre un atout inestimable pour \u00e9lever le trafic de votre site Web et enrichir l&rsquo;exp\u00e9rience utilisateur globale.<\/p>\n","protected":false},"featured_media":144708,"comment_status":"open","ping_status":"open","template":"","meta":[],"product_brand":[2601],"product_cat":[1220,1212,1213],"product_tag":[1309],"class_list":{"0":"post-110394","1":"product","2":"type-product","3":"status-publish","4":"has-post-thumbnail","6":"product_brand-my-theme-shop","7":"product_cat-blog-magazine","8":"product_cat-themes","9":"product_cat-wordpress-themes","10":"product_tag-my-theme-shop","11":"member-discount","12":"discount-restricted","14":"first","15":"instock","16":"sale","17":"downloadable","18":"virtual","19":"sold-individually","20":"purchasable","21":"product-type-simple"},"_links":{"self":[{"href":"https:\/\/gpl-love.com\/fr\/wp-json\/wp\/v2\/product\/110394","targetHints":{"allow":["GET"]}}],"collection":[{"href":"https:\/\/gpl-love.com\/fr\/wp-json\/wp\/v2\/product"}],"about":[{"href":"https:\/\/gpl-love.com\/fr\/wp-json\/wp\/v2\/types\/product"}],"replies":[{"embeddable":true,"href":"https:\/\/gpl-love.com\/fr\/wp-json\/wp\/v2\/comments?post=110394"}],"wp:featuredmedia":[{"embeddable":true,"href":"https:\/\/gpl-love.com\/fr\/wp-json\/wp\/v2\/media\/144708"}],"wp:attachment":[{"href":"https:\/\/gpl-love.com\/fr\/wp-json\/wp\/v2\/media?parent=110394"}],"wp:term":[{"taxonomy":"product_brand","embeddable":true,"href":"https:\/\/gpl-love.com\/fr\/wp-json\/wp\/v2\/product_brand?post=110394"},{"taxonomy":"product_cat","embeddable":true,"href":"https:\/\/gpl-love.com\/fr\/wp-json\/wp\/v2\/product_cat?post=110394"},{"taxonomy":"product_tag","embeddable":true,"href":"https:\/\/gpl-love.com\/fr\/wp-json\/wp\/v2\/product_tag?post=110394"}],"curies":[{"name":"wp","href":"https:\/\/api.w.org\/{rel}","templated":true}]}}