{"id":110392,"date":"2022-02-23T00:00:00","date_gmt":"2022-02-22T23:00:00","guid":{"rendered":"http:\/\/gpl-love.com\/fr\/produit\/kalium-creative-theme-for-professionals\/"},"modified":"2026-03-20T23:21:28","modified_gmt":"2026-03-20T22:21:28","slug":"kalium-creative-theme-for-professionals","status":"publish","type":"product","link":"https:\/\/gpl-love.com\/fr\/produit\/kalium-creative-theme-for-professionals\/","title":{"rendered":"Kalium Creative Th\u00e8me pour Professionals 3.4.5"},"content":{"rendered":"<h3>Kalium Creative Th\u00e8me pour Professionals Traits<\/h3>\n<p>Le th\u00e8me cr\u00e9atif de Kalium se pr\u00e9sente comme une solution exemplaire pour les professionnels qui recherchent une conception de site Web \u00e0 la fois contemporaine et r\u00e9active. Ce th\u00e8me particulier offre une abondance d&rsquo;options de personnalisation, accordant aux utilisateurs la possibilit\u00e9 de fa\u00e7onner sans effort un site Web vraiment unique et visuellement captivant. De plus, son interface est con\u00e7ue de telle mani\u00e8re que m\u00eame les personnes qui manquent d&rsquo;exp\u00e9rience en codage peuvent naviguer de mani\u00e8re transparente dans le processus de construction d&rsquo;un site Web. En offrant un assortiment de mod\u00e8les, de dispositions et d&rsquo;\u00e9l\u00e9ments pr\u00e9d\u00e9finis, les utilisateurs peuvent g\u00e9n\u00e9rer rapidement et sans effort un site Web qui d\u00e9gage le professionnalisme et repr\u00e9sente avec pr\u00e9cision leur marque. De plus, ce th\u00e8me a \u00e9t\u00e9 optimis\u00e9 pour assurer une vitesse et des performances optimales, garantissant que les sites Web des utilisateurs se chargent rapidement et fonctionnent efficacement, ce qui donne ainsi une exp\u00e9rience utilisateur transparente pour les visiteurs. En conclusion, le th\u00e8me cr\u00e9atif de Kalium est le choix par excellence pour les professionnels visant \u00e0 \u00e9tablir un site Web qui est non seulement visuellement frappant, mais poss\u00e8de \u00e9galement la capacit\u00e9 de se distinguer au milieu de la concurrence.<\/p>\n<ul>\n<li>Un th\u00e8me WordPress professionnel et \u00e9l\u00e9gant con\u00e7u pour les cr\u00e9atifs dans diverses industries telles que les photographes, les designers, les \u00e9crivains et les artistes.<\/li>\n<li>Enti\u00e8rement personnalisable avec diverses dispositions, polices et couleurs pour s&rsquo;adapter \u00e0 toute marque ou pr\u00e9f\u00e9rence personnelle.<\/li>\n<li>Livr\u00e9 avec divers mod\u00e8les de pages pr\u00e9-con\u00e7us tels que le Portfolio, les services et le contact pour la cr\u00e9ation de sites Web faciles.<\/li>\n<li>Construit en tenant compte de l&rsquo;optimisation du r\u00e9f\u00e9rencement pour aider \u00e0 stimuler le classement des sites Web sur des moteurs de recherche tels que Google.<\/li>\n<li>La conception r\u00e9active garantit que le th\u00e8me s&rsquo;adapte \u00e0 n&rsquo;importe quel appareil, du bureau au mobile.<\/li>\n<li>Comprend plusieurs options de commerce \u00e9lectronique pour ceux qui souhaitent vendre leurs produits ou services directement \u00e0 partir de leur site Web.<\/li>\n<li>Compatible avec des plugins populaires comme WooCommerce, Yoast SEO et Elementor pour encore plus d&rsquo;options de personnalisation.<\/li>\n<li>R\u00e9guli\u00e8rement mis \u00e0 jour et pris en charge par l&rsquo;\u00e9quipe des d\u00e9veloppeurs pour s&rsquo;assurer que le th\u00e8me fonctionne avec la derni\u00e8re version WordPress.<\/li>\n<li>Livr\u00e9 avec une documentation et une assistance approfondies par e-mail, chat et forums communautaires pour toutes les questions ou probl\u00e8mes.<\/li>\n<\/ul>\n","protected":false},"excerpt":{"rendered":"<p>Le th\u00e8me cr\u00e9atif de Kalium pour les professionnels poss\u00e8de un design sophistiqu\u00e9 et contemporain, ce qui en fait un choix id\u00e9al pour les professionnels cr\u00e9atifs qui cherchent \u00e0 exposer leur travail. Il offre une gamme diversifi\u00e9e de fonctionnalit\u00e9s personnalisables, permettant aux utilisateurs de distinguer sans effort leur site Web et de captiver les clients potentiels. De plus, ce th\u00e8me est non seulement convivial mais \u00e9galement tr\u00e8s r\u00e9actif, garantissant que son attrait visuel reste intact sur tous les appareils. Que vous vous sp\u00e9cialisiez dans la photographie, le graphisme ou l&rsquo;\u00e9criture, le th\u00e8me cr\u00e9atif de Kalium pour les professionnels sert de plate-forme in\u00e9gal\u00e9e pour pr\u00e9senter vos cr\u00e9ations et am\u00e9liorer votre visibilit\u00e9 en ligne.<\/p>\n","protected":false},"featured_media":144307,"comment_status":"open","ping_status":"open","template":"","meta":[],"product_brand":[2433],"product_cat":[1242,1212,1213],"product_tag":[1366],"class_list":{"0":"post-110392","1":"product","2":"type-product","3":"status-publish","4":"has-post-thumbnail","6":"product_brand-themeforest","7":"product_cat-creatif","8":"product_cat-themes","9":"product_cat-wordpress-themes","10":"product_tag-themeforest","11":"member-discount","12":"discount-restricted","14":"first","15":"instock","16":"sale","17":"downloadable","18":"virtual","19":"sold-individually","20":"purchasable","21":"product-type-simple"},"_links":{"self":[{"href":"https:\/\/gpl-love.com\/fr\/wp-json\/wp\/v2\/product\/110392","targetHints":{"allow":["GET"]}}],"collection":[{"href":"https:\/\/gpl-love.com\/fr\/wp-json\/wp\/v2\/product"}],"about":[{"href":"https:\/\/gpl-love.com\/fr\/wp-json\/wp\/v2\/types\/product"}],"replies":[{"embeddable":true,"href":"https:\/\/gpl-love.com\/fr\/wp-json\/wp\/v2\/comments?post=110392"}],"wp:featuredmedia":[{"embeddable":true,"href":"https:\/\/gpl-love.com\/fr\/wp-json\/wp\/v2\/media\/144307"}],"wp:attachment":[{"href":"https:\/\/gpl-love.com\/fr\/wp-json\/wp\/v2\/media?parent=110392"}],"wp:term":[{"taxonomy":"product_brand","embeddable":true,"href":"https:\/\/gpl-love.com\/fr\/wp-json\/wp\/v2\/product_brand?post=110392"},{"taxonomy":"product_cat","embeddable":true,"href":"https:\/\/gpl-love.com\/fr\/wp-json\/wp\/v2\/product_cat?post=110392"},{"taxonomy":"product_tag","embeddable":true,"href":"https:\/\/gpl-love.com\/fr\/wp-json\/wp\/v2\/product_tag?post=110392"}],"curies":[{"name":"wp","href":"https:\/\/api.w.org\/{rel}","templated":true}]}}