{"id":110390,"date":"2022-02-04T00:00:00","date_gmt":"2022-02-03T23:00:00","guid":{"rendered":"http:\/\/gpl-love.com\/fr\/produit\/hyperx-responsive-wordpress-portfolio-theme\/"},"modified":"2026-03-20T23:20:02","modified_gmt":"2026-03-20T22:20:02","slug":"hyperx-responsive-wordpress-portfolio-theme","status":"publish","type":"product","link":"https:\/\/gpl-love.com\/fr\/produit\/hyperx-responsive-wordpress-portfolio-theme\/","title":{"rendered":"HyperX Responsive WordPress Portfolio Theme 4.9.9.2"},"content":{"rendered":"<h3>HyperX Responsive WordPress Portfolio Theme Traits<\/h3>\n<p>Hyperx est un th\u00e8me de portefeuille WordPress moderne et r\u00e9actif qui a \u00e9t\u00e9 ing\u00e9nieusement con\u00e7u pour pr\u00e9senter et montrer vos efforts artistiques de la mani\u00e8re la plus captivante et la plus convaincante possible. Il poss\u00e8de une interface exceptionnellement conviviale, facilitant la navigation transparente et l&rsquo;interaction sans effort avec votre public. De plus, ses dispositions hautement personnalisables vous offrent une flexibilit\u00e9 in\u00e9gal\u00e9e pour adapter votre portefeuille pour s&rsquo;adapter \u00e0 vos pr\u00e9f\u00e9rences de style et esth\u00e9tiques uniques.<\/p>\n<p>L&rsquo;une des caract\u00e9ristiques remarquables de ce th\u00e8me exceptionnel est son incorporation d&rsquo;un puissant constructeur de pages \u00e0 glisser-d\u00e9poser. Cet outil innovant vous permet de personnaliser et d&rsquo;affiner sans effort vos pages \u00e0 la perfection, sans n\u00e9cessiter de connaissances ou d&rsquo;expertise de codage ant\u00e9rieures. De plus, Hyperx englobe une vaste gamme de mod\u00e8les pr\u00e9-con\u00e7us qui sont impeccablement con\u00e7us et m\u00e9ticuleusement organis\u00e9s, vous permettant de r\u00e9aliser sans effort et rapidement un portefeuille visuellement frappant et poli professionnellement.<\/p>\n<p>De plus, ce th\u00e8me exceptionnel pr\u00e9sente un \u00e9ventail de styles de portefeuille distinctifs et divers, garantissant que votre travail artistique est pr\u00e9sent\u00e9 d&rsquo;une mani\u00e8re qui r\u00e9sume parfaitement son essence et captive les t\u00e9l\u00e9spectateurs. Les options de typographie avanc\u00e9e du th\u00e8me vous permettent de finesse et de r\u00e9gler de mani\u00e8re complexe la typographie de votre portefeuille, am\u00e9liorant encore son attrait visuel et assurant une int\u00e9gration transparente du texte au sein de vos cr\u00e9ations artistiques.<\/p>\n<p>Pour faciliter la connectivit\u00e9 transparente et maximiser votre pr\u00e9sence en ligne, Hyperx int\u00e8gre de mani\u00e8re transparente les plateformes de m\u00e9dias sociaux et leurs fonctionnalit\u00e9s. En int\u00e9grant de mani\u00e8re transparente vos profils de m\u00e9dias sociaux dans votre portefeuille, vous pouvez exploiter efficacement le pouvoir des m\u00e9dias sociaux pour \u00e9tendre votre port\u00e9e, vous engager avec votre public et obtenir un public plus large pour votre travail artistique.<\/p>\n<p>Essentiellement, que vous soyez un graphiste, photographe ou artiste, Hyperx se d\u00e9marque ind\u00e9niablement comme un choix in\u00e9gal\u00e9 pour pr\u00e9senter votre travail cr\u00e9atif en ligne. Ses caract\u00e9ristiques m\u00e9ticuleusement organis\u00e9es, sa flexibilit\u00e9 in\u00e9gal\u00e9e et sa conception visuellement captivante en font l&rsquo;outil par excellence pour pr\u00e9senter et montrer vos prouesses artistiques au monde, vous permettant de captiver, d&rsquo;inspirer et de laisser une impression ind\u00e9l\u00e9bile sur votre public.<\/p>\n<ul>\n<li>Design \u00e9l\u00e9gant et minimaliste pour pr\u00e9senter votre portefeuille et travailler<\/li>\n<li>Enti\u00e8rement r\u00e9actif et adapt\u00e9 aux mobiles pour assurer une exp\u00e9rience de visualisation optimale sur tous les appareils<\/li>\n<li>Options de personnalisation faciles via le puissant personnalisateur WordPress<\/li>\n<li>Mod\u00e8les de portefeuille et de galerie int\u00e9gr\u00e9s pour pr\u00e9senter votre travail magnifiquement<\/li>\n<li>Plusieurs options de disposition pour r\u00e9pondre \u00e0 vos besoins et pr\u00e9f\u00e9rences<\/li>\n<li>Temps de chargement rapide pour assurer une exp\u00e9rience utilisateur fluide pour vos visiteurs<\/li>\n<li>SEO optimis\u00e9 pour am\u00e9liorer le classement des moteurs de recherche et augmenter la visibilit\u00e9<\/li>\n<li>Compatible avec des plugins populaires tels que WooCommerce, Contact Form 7 et WPML<\/li>\n<li>Documentation compl\u00e8te et support client pour vous aider \u00e0 tirer le meilleur parti de votre th\u00e8me<\/li>\n<\/ul>\n","protected":false},"excerpt":{"rendered":"<p>Le th\u00e8me du portefeuille WordPress Hyperx r\u00e9actif est un mod\u00e8le incroyablement \u00e0 couper le souffle et \u00e0 pointe qui est absolument id\u00e9al dans le but de pr\u00e9senter vos cr\u00e9ations les plus innovantes et les plus artistiques. M\u00e9ticuleusement con\u00e7u avec la plus grande consid\u00e9ration pour la r\u00e9activit\u00e9, ce th\u00e8me remarquable garantit que votre portefeuille m\u00e9ticuleusement organis\u00e9 semblera absolument ph\u00e9nom\u00e9nal et \u00e0 couper le souffle sur tous les appareils imaginables. B\u00e9n\u00e9ficiant d&rsquo;une interface impeccablement vierge et remarquablement conviviale, il autorise et vous permet de personnaliser sans effort et de mani\u00e8re transparente un vaste \u00e9ventail d&rsquo;\u00e9l\u00e9ments essentiels tels que les couleurs, les polices, les dispositions et bien plus encore. De plus, ce th\u00e8me impressionnant poss\u00e8de \u00e9galement une s\u00e9lection impressionnante de styles de portefeuille divers et vari\u00e9s, tels que la grille tr\u00e8s flexible, la justification visuellement captivante et la galerie de ma\u00e7onnerie irr\u00e9sistiblement engageante, garantissant ainsi que vous avez une pl\u00e9thore d&rsquo;options \u00e0 votre disposition Pour s&rsquo;adapter parfaitement \u00e0 vos go\u00fbts uniques et exigeants. De plus, il vous pr\u00e9sente m\u00eame une abondance de choix en ce qui concerne les dispositions de blog, illustrant encore sa polyvalence et sa adaptabilit\u00e9 in\u00e9gal\u00e9es. Sans une moindre doute, c&rsquo;est un r\u00eave absolu devenu r\u00e9alit\u00e9 pour les artistes, les photographes, les designers ou m\u00eame toute personne qui recherche avec impatience et avec enthousiasme la mani\u00e8re la plus optimale et la plus frappante visuellement pour montrer et afficher leur portefeuille remarquable et impressionnant .<\/p>\n","protected":false},"featured_media":144211,"comment_status":"open","ping_status":"open","template":"","meta":[],"product_brand":[2433],"product_cat":[1242,1212,1213],"product_tag":[1366],"class_list":{"0":"post-110390","1":"product","2":"type-product","3":"status-publish","4":"has-post-thumbnail","6":"product_brand-themeforest","7":"product_cat-creatif","8":"product_cat-themes","9":"product_cat-wordpress-themes","10":"product_tag-themeforest","11":"member-discount","12":"discount-restricted","14":"first","15":"instock","16":"sale","17":"downloadable","18":"virtual","19":"sold-individually","20":"purchasable","21":"product-type-simple"},"_links":{"self":[{"href":"https:\/\/gpl-love.com\/fr\/wp-json\/wp\/v2\/product\/110390","targetHints":{"allow":["GET"]}}],"collection":[{"href":"https:\/\/gpl-love.com\/fr\/wp-json\/wp\/v2\/product"}],"about":[{"href":"https:\/\/gpl-love.com\/fr\/wp-json\/wp\/v2\/types\/product"}],"replies":[{"embeddable":true,"href":"https:\/\/gpl-love.com\/fr\/wp-json\/wp\/v2\/comments?post=110390"}],"wp:featuredmedia":[{"embeddable":true,"href":"https:\/\/gpl-love.com\/fr\/wp-json\/wp\/v2\/media\/144211"}],"wp:attachment":[{"href":"https:\/\/gpl-love.com\/fr\/wp-json\/wp\/v2\/media?parent=110390"}],"wp:term":[{"taxonomy":"product_brand","embeddable":true,"href":"https:\/\/gpl-love.com\/fr\/wp-json\/wp\/v2\/product_brand?post=110390"},{"taxonomy":"product_cat","embeddable":true,"href":"https:\/\/gpl-love.com\/fr\/wp-json\/wp\/v2\/product_cat?post=110390"},{"taxonomy":"product_tag","embeddable":true,"href":"https:\/\/gpl-love.com\/fr\/wp-json\/wp\/v2\/product_tag?post=110390"}],"curies":[{"name":"wp","href":"https:\/\/api.w.org\/{rel}","templated":true}]}}