{"id":110388,"date":"2026-03-16T00:00:00","date_gmt":"2026-03-15T23:00:00","guid":{"rendered":"http:\/\/gpl-love.com\/fr\/produit\/gravityview-gravity-forms-import-entries\/"},"modified":"2026-03-20T23:18:54","modified_gmt":"2026-03-20T22:18:54","slug":"gravityview-gravity-forms-import-entries","status":"publish","type":"product","link":"https:\/\/gpl-love.com\/fr\/produit\/gravityview-gravity-forms-import-entries\/","title":{"rendered":"Gravity View Import Entries 2.9.0"},"content":{"rendered":"<h3>Gravity View Import Entries Traits<\/h3>\n<p>Gravity View Import Entr\u00e9es est un outil incroyablement robuste et efficace qui offre aux utilisateurs la capacit\u00e9 transparente d&rsquo;importer sans effort les entr\u00e9es dans leurs formes de gravit\u00e9. Ce plugin remarquable offre aux utilisateurs la commodit\u00e9 d&rsquo;importer des entr\u00e9es \u00e0 partir de fichiers CSV avec la plus grande facilit\u00e9, tout en leur permettant simultan\u00e9ment de cartographier m\u00e9ticuleusement les champs pour s&rsquo;assurer que les donn\u00e9es sont transf\u00e9r\u00e9es avec la plus grande pr\u00e9cision. En plus de ces fonctionnalit\u00e9s exceptionnelles, le plugin poss\u00e8de \u00e9galement une pl\u00e9thore de fonctionnalit\u00e9s avanc\u00e9es, y compris la capacit\u00e9 tr\u00e8s recherch\u00e9e pour mettre \u00e0 jour sans effort les entr\u00e9es existantes, sauter sans effort des doublons et importer sans effort des images et des fichiers. Gr\u00e2ce aux capacit\u00e9s remarquables des entr\u00e9es d&rsquo;importation de vue de la gravit\u00e9, les utilisateurs peuvent d\u00e9sormais \u00e9conomiser une \u00e9norme quantit\u00e9 de temps pr\u00e9cieux et rationaliser efficacement et optimiser leurs processus de gestion des donn\u00e9es, leur offrant ainsi l&rsquo;occasion inestimable pour allouer et consacrer leur attention et leurs ressources \u00e0 plus de charni\u00e8re et Aspects critiques de leurs op\u00e9rations commerciales.<\/p>\n<ul>\n<li>Importation sans effort des entr\u00e9es de donn\u00e9es sur la vue de gravit\u00e9<\/li>\n<li>Permet l&rsquo;importation en vrac de plusieurs entr\u00e9es \u00e0 la fois<\/li>\n<li>Prend en charge l&rsquo;importation \u00e0 partir de divers formats de fichiers de donn\u00e9es (CSV, Excel, etc.)<\/li>\n<li>Fournit une interface conviviale pour la cr\u00e9ation de mappages de champs pendant le processus d&rsquo;importation<\/li>\n<li>Assure l&rsquo;int\u00e9grit\u00e9 et la validation des donn\u00e9es pendant le processus d&rsquo;importation<\/li>\n<li>Peut \u00eatre utilis\u00e9 pour les formulaires de gravit\u00e9 nouveaux et existants<\/li>\n<li>Gave le temps et r\u00e9duit les erreurs de saisie des donn\u00e9es manuelles<\/li>\n<li>Compatible avec WordPress et toutes les versions des formulaires de gravit\u00e9<\/li>\n<li>Fournit des commentaires en temps r\u00e9el sur le processus d&rsquo;importation et toutes les erreurs rencontr\u00e9es<\/li>\n<li>La conception conviviale et intuitive facilite l&rsquo;utilisation des d\u00e9butants et des utilisateurs avanc\u00e9s.<\/li>\n<\/ul>\n","protected":false},"excerpt":{"rendered":"<p>Gravity View Import Entr\u00e9es est un outil incroyablement robuste et convivial, offrant une vaste gamme de capacit\u00e9s qui vous permettent d&rsquo;importer de mani\u00e8re transparente les entr\u00e9es \u00e0 partir d&rsquo;un \u00e9ventail diversifi\u00e9 de sources, englobant des fichiers CSV, des feuilles de calcul Excel et des feuilles Google. En exploitant la puissance de ce plugin, vous pouvez transf\u00e9rer sans effort des donn\u00e9es \u00e0 partir de syst\u00e8mes alternatifs, effectuer des mises \u00e0 jour de masse \u00e0 vos entr\u00e9es et m\u00eame forger des mod\u00e8les d&rsquo;importation sur mesure. Il importe que vous vous trouviez immerg\u00e9 dans le monde du d\u00e9veloppement assaisonn\u00e9 ou que vous vous identifiiez simplement comme un utilisateur non technique, car les entr\u00e9es d&rsquo;importation de vue de gravit\u00e9 sont \u00e9quip\u00e9es de l&rsquo;adaptabilit\u00e9 et des fonctionnalit\u00e9s compl\u00e8tes n\u00e9cessaires pour r\u00e9pondre \u00e0 vos besoins sp\u00e9cifiques. Ne perdez pas de temps \u00e0 se lancer dans un essai de cet outil r\u00e9volutionnaire aujourd&rsquo;hui et lui permettez de rationaliser l&rsquo;ensemble de votre flux de travail de gestion des donn\u00e9es comme jamais auparavant.<\/p>\n","protected":false},"featured_media":144139,"comment_status":"open","ping_status":"open","template":"","meta":[],"product_brand":[2568],"product_cat":[1191,1181,1186],"product_tag":[1279],"class_list":{"0":"post-110388","1":"product","2":"type-product","3":"status-publish","4":"has-post-thumbnail","6":"product_brand-gravityview","7":"product_cat-formes","8":"product_cat-plugins","9":"product_cat-wordpress-plugins","10":"product_tag-gravityview","11":"member-discount","12":"discount-restricted","14":"first","15":"instock","16":"sale","17":"downloadable","18":"virtual","19":"sold-individually","20":"purchasable","21":"product-type-simple"},"_links":{"self":[{"href":"https:\/\/gpl-love.com\/fr\/wp-json\/wp\/v2\/product\/110388","targetHints":{"allow":["GET"]}}],"collection":[{"href":"https:\/\/gpl-love.com\/fr\/wp-json\/wp\/v2\/product"}],"about":[{"href":"https:\/\/gpl-love.com\/fr\/wp-json\/wp\/v2\/types\/product"}],"replies":[{"embeddable":true,"href":"https:\/\/gpl-love.com\/fr\/wp-json\/wp\/v2\/comments?post=110388"}],"wp:featuredmedia":[{"embeddable":true,"href":"https:\/\/gpl-love.com\/fr\/wp-json\/wp\/v2\/media\/144139"}],"wp:attachment":[{"href":"https:\/\/gpl-love.com\/fr\/wp-json\/wp\/v2\/media?parent=110388"}],"wp:term":[{"taxonomy":"product_brand","embeddable":true,"href":"https:\/\/gpl-love.com\/fr\/wp-json\/wp\/v2\/product_brand?post=110388"},{"taxonomy":"product_cat","embeddable":true,"href":"https:\/\/gpl-love.com\/fr\/wp-json\/wp\/v2\/product_cat?post=110388"},{"taxonomy":"product_tag","embeddable":true,"href":"https:\/\/gpl-love.com\/fr\/wp-json\/wp\/v2\/product_tag?post=110388"}],"curies":[{"name":"wp","href":"https:\/\/api.w.org\/{rel}","templated":true}]}}