{"id":110386,"date":"2025-11-10T00:00:00","date_gmt":"2025-11-09T23:00:00","guid":{"rendered":"http:\/\/gpl-love.com\/fr\/produit\/gravity-flow-wordpress-plugin\/"},"modified":"2026-03-20T23:17:29","modified_gmt":"2026-03-20T22:17:29","slug":"gravity-flow-wordpress-plugin","status":"publish","type":"product","link":"https:\/\/gpl-love.com\/fr\/produit\/gravity-flow-wordpress-plugin\/","title":{"rendered":"Gravity Flow WordPress Plugin 3.0.0"},"content":{"rendered":"<h3>Gravity Flow WordPress Plugin Traits<\/h3>\n<p>Gravity Flow est un plugin WordPress exceptionnellement robuste qui excelle dans la rationalisation de l&rsquo;automatisation du flux de travail pour les organisations de toutes les amplitudes. Ce plugin ing\u00e9nieux propose une interface conviviale parfaitement associ\u00e9e \u00e0 une fonctionnalit\u00e9 sans pr\u00e9c\u00e9dent de glisser-d\u00e9poser, ce qui permet aux utilisateurs de concevoir sans effort des flux de travail sur mesure qui automatisent les t\u00e2ches, surveillent les progr\u00e8s et facilitent la communication rationalis\u00e9e. Que les workflows soient des processus d&rsquo;approbation simples ou des efforts complexes en plusieurs \u00e9tapes, le flux de gravit\u00e9 offre un niveau de flexibilit\u00e9 et de personnalisation sans pr\u00e9c\u00e9dent, parfaitement adapt\u00e9 pour r\u00e9pondre aux exigences uniques d&rsquo;une organisation donn\u00e9e. En outre, le plugin englobe une pl\u00e9thore de fonctionnalit\u00e9s suppl\u00e9mentaires, y compris les notifications par e-mail, les options d&rsquo;\u00e9tat sur mesure, ainsi que les r\u00f4les et les autorisations utilisateur m\u00e9ticuleusement organis\u00e9s, ce qui garantit impeccablement que les flux de travail sont g\u00e9r\u00e9s avec diligence avec une plus grande efficacit\u00e9 et s\u00e9curit\u00e9. En tirant parti des capacit\u00e9s remarquables du flux de gravit\u00e9, les entreprises peuvent sans aucun doute \u00e9conomiser du temps et des ressources inestimables, tout en am\u00e9liorant simultan\u00e9ment les niveaux de productivit\u00e9 et en favorisant un environnement de collaboration transparente.<\/p>\n<ul>\n<li>Permet une configuration et une gestion faciles des processus d&rsquo;\u00e9coulement de gravit\u00e9 dans WordPress<\/li>\n<li>Interface glisser-d\u00e9poser intuitive pour la conception de workflows<\/li>\n<li>Prend en charge les flux de travail en plusieurs \u00e9tapes avec des messages, des chemins et des conditions personnalis\u00e9s<\/li>\n<li>Peut s&rsquo;int\u00e9grer \u00e0 des plugins de formulaires populaires comme les formulaires de gravit\u00e9 et le formulaire de contact 7<\/li>\n<li>Fournit des rapports et des analyses robustes pour les informations sur les performances du flux de travail<\/li>\n<li>Offre des options de personnalisation \u00e9tendues pour les workflows de marque et de style<\/li>\n<li>\u00c9conomise automatiquement les progr\u00e8s des utilisateurs dans les workflows pour l&rsquo;ach\u00e8vement de la t\u00e2che transparente<\/li>\n<li>Facilite la communication entre les membres de l&rsquo;\u00e9quipe par l&rsquo;int\u00e9gration avec les notifications de Slack et de courrier \u00e9lectronique<\/li>\n<li>Permet un puissant potentiel d&rsquo;automatisation et d&rsquo;int\u00e9gration via Zapier et WebHooks<\/li>\n<li>Livr\u00e9 avec un excellent support et documentation, y compris un manuel d&rsquo;utilisation d\u00e9taill\u00e9 et un forum communautaire actif.<\/li>\n<\/ul>\n","protected":false},"excerpt":{"rendered":"<p>Nous sommes ravis de vous pr\u00e9senter le remarquable plugin WordPress de Flow Gravity, qui offre une solution impeccable pour am\u00e9liorer l&rsquo;efficacit\u00e9 de votre flux de travail! Avec cet outil robuste \u00e0 votre disposition, vous pouvez automatiser sans effort vos processus et, par cons\u00e9quent, \u00e9conomiser un temps pr\u00e9cieux important. L&rsquo;int\u00e9gration du flux de gravit\u00e9 avec votre site WordPress vous permet de concevoir et de superviser sans effort les workflows complexes. De plus, l&rsquo;interface utilisateur conviviale et intuitive garantit que quiconque, quelle que soit son expertise de codage, peut impl\u00e9menter et g\u00e9rer de mani\u00e8re transparente les flux de travail personnalis\u00e9s. Alors pourquoi tarder plus longtemps? Ne perdez pas de temps et commencez l&rsquo;automatisation de vos processus aujourd&rsquo;hui en adoptant les capacit\u00e9s in\u00e9gal\u00e9es de l&rsquo;\u00e9coulement de la gravit\u00e9.<\/p>\n","protected":false},"featured_media":144048,"comment_status":"open","ping_status":"open","template":"","meta":[],"product_brand":[2564],"product_cat":[1187,1181,1186],"product_tag":[2312],"class_list":{"0":"post-110386","1":"product","2":"type-product","3":"status-publish","4":"has-post-thumbnail","6":"product_brand-gravity-flow","7":"product_cat-administration-wordpress-plugins","8":"product_cat-plugins","9":"product_cat-wordpress-plugins","10":"product_tag-gravity-flow","11":"member-discount","12":"discount-restricted","14":"first","15":"instock","16":"sale","17":"downloadable","18":"virtual","19":"sold-individually","20":"purchasable","21":"product-type-simple"},"_links":{"self":[{"href":"https:\/\/gpl-love.com\/fr\/wp-json\/wp\/v2\/product\/110386","targetHints":{"allow":["GET"]}}],"collection":[{"href":"https:\/\/gpl-love.com\/fr\/wp-json\/wp\/v2\/product"}],"about":[{"href":"https:\/\/gpl-love.com\/fr\/wp-json\/wp\/v2\/types\/product"}],"replies":[{"embeddable":true,"href":"https:\/\/gpl-love.com\/fr\/wp-json\/wp\/v2\/comments?post=110386"}],"wp:featuredmedia":[{"embeddable":true,"href":"https:\/\/gpl-love.com\/fr\/wp-json\/wp\/v2\/media\/144048"}],"wp:attachment":[{"href":"https:\/\/gpl-love.com\/fr\/wp-json\/wp\/v2\/media?parent=110386"}],"wp:term":[{"taxonomy":"product_brand","embeddable":true,"href":"https:\/\/gpl-love.com\/fr\/wp-json\/wp\/v2\/product_brand?post=110386"},{"taxonomy":"product_cat","embeddable":true,"href":"https:\/\/gpl-love.com\/fr\/wp-json\/wp\/v2\/product_cat?post=110386"},{"taxonomy":"product_tag","embeddable":true,"href":"https:\/\/gpl-love.com\/fr\/wp-json\/wp\/v2\/product_tag?post=110386"}],"curies":[{"name":"wp","href":"https:\/\/api.w.org\/{rel}","templated":true}]}}