{"id":110385,"date":"2026-04-22T00:00:00","date_gmt":"2026-04-21T22:00:00","guid":{"rendered":"http:\/\/gpl-love.com\/fr\/produit\/21-9-6\/"},"modified":"2026-04-23T00:30:24","modified_gmt":"2026-04-22T22:30:24","slug":"betheme-responsive-multi-purpose-wordpress-theme","status":"publish","type":"product","link":"https:\/\/gpl-love.com\/fr\/produit\/betheme-responsive-multi-purpose-wordpress-theme\/","title":{"rendered":"BeTheme Responsive Multi-Purpose WordPress Th\u00e8me et Full Demos 28.4.1.1"},"content":{"rendered":"<h3>BeTheme Responsive Multi-Purpose WordPress Th\u00e8me et Full Demos Traits<\/h3>\n<p>Le th\u00e8me WordPress polyvalent r\u00e9actif Betheme est une solution impeccable pour les personnes \u00e0 la recherche d&rsquo;une conception de site Web hautement personnalisable et polyvalente. Offrant une s\u00e9lection approfondie de plus de 500 d\u00e9mos et dispositions pr\u00e9d\u00e9finies, on peut construire sans effort un site Web qui s&rsquo;adresse \u00e0 toute industrie ou cr\u00e9neau. Que vous vous identifiiez comme un blogueur, un propri\u00e9taire de magasin de commerce \u00e9lectronique ou un professionnel, Betheme s&rsquo;adresse \u00e0 tous, ne laissant personne derri\u00e8re. Il poss\u00e8de une r\u00e9activit\u00e9 compl\u00e8te, garantissant que votre site Web poss\u00e8de une disposition visuellement attrayante sur tous les appareils. De plus, Betheme se targue de sa nature conviviale, gracieuset\u00e9 de son formidable Page Builder et de son interface de glisser-d\u00e9poser. Gr\u00e2ce \u00e0 Betheme, on gagne la capacit\u00e9 d&rsquo;exercer une autorit\u00e9 compl\u00e8te sur la conception et la fonctionnalit\u00e9 de leur site Web, ce qui le rend le choix par excellence pour tout projet de site Web.<\/p>\n<ul>\n<li>Th\u00e8me WordPress hautement personnalisable adapt\u00e9 \u00e0 divers sites Web et \u00e0 des fins<\/li>\n<li>Comprend plus de 600 d\u00e9mos de sites Web pr\u00e9-construits dans diff\u00e9rentes cat\u00e9gories, ce qui facilite la cr\u00e9ation de votre site Web rapidement<\/li>\n<li>Livr\u00e9 avec un outil de g\u00e9n\u00e9rateur de pages glisser-d\u00e9poser pour une personnalisation facile et la cr\u00e9ation de pages uniques<\/li>\n<li>La conception enti\u00e8rement r\u00e9active garantit que votre site Web aura fi\u00e8re allure sur n&rsquo;importe quel appareil<\/li>\n<li>Les fonctionnalit\u00e9s d&rsquo;optimisation des moteurs de recherche (SEO) int\u00e9gr\u00e9es aident \u00e0 am\u00e9liorer la visibilit\u00e9 et le classement de votre site Web<\/li>\n<li>Prend en charge divers plugins tiers pour des fonctionnalit\u00e9s suppl\u00e9mentaires<\/li>\n<li>Comprend l&rsquo;importation en un clic pour les d\u00e9mos, ce qui facilite la cr\u00e9ation de cr\u00e9ation de votre site Web<\/li>\n<li>R\u00e9guli\u00e8rement mis \u00e0 jour avec de nouvelles fonctionnalit\u00e9s et am\u00e9liorations<\/li>\n<li>Des options de documentation et de support approfondies disponibles pour vous aider \u00e0 optimiser et \u00e0 d\u00e9panner votre site Web<\/li>\n<li>Mises \u00e0 jour \u00e0 vie et acc\u00e8s au support inclus avec l&rsquo;achat.<\/li>\n<\/ul>\n","protected":false},"excerpt":{"rendered":"<p>Explorez les possibilit\u00e9s illimit\u00e9es de la conception Web avec notre th\u00e8me WordPress polyvalent r\u00e9actif Betheme. Ce th\u00e8me avanc\u00e9 et tr\u00e8s polyvalent est con\u00e7u pour s&rsquo;adapter \u00e0 toute industrie ou entreprise, ce qui en fait la solution parfaite pour les sites Web d&rsquo;entreprise, les magasins de commerce \u00e9lectronique, les blogs, etc. Avec plus de 600 sites Web pr\u00e9d\u00e9finis et des d\u00e9mos compl\u00e8tes, vous pouvez facilement personnaliser et lancer votre site Web en un rien de temps. Non seulement Betheme est sensible, garantissant des fonctionnalit\u00e9s transparentes sur n&rsquo;importe quel appareil, mais elle propose \u00e9galement un \u00e9ventail de fonctionnalit\u00e9s avanc\u00e9es. Ceux-ci incluent un panneau d&rsquo;administration puissant, un g\u00e9n\u00e9rateur de raccourcis, un menu Mega int\u00e9gr\u00e9, un t\u00e9l\u00e9chargeur de police personnalis\u00e9 et des barres lat\u00e9rales illimit\u00e9es. De plus, notre th\u00e8me est adapt\u00e9 au r\u00e9f\u00e9rencement, contribuant \u00e0 stimuler votre visibilit\u00e9 en ligne. D\u00e9couvrez les avantages de la polyvalence, de la personnalisation et des fonctionnalit\u00e9s sup\u00e9rieures avec notre th\u00e8me Betheme WordPress.<\/p>\n","protected":false},"featured_media":143233,"comment_status":"open","ping_status":"closed","template":"","meta":[],"product_brand":[2433],"product_cat":[1214,1212,1213],"product_tag":[1366],"class_list":{"0":"post-110385","1":"product","2":"type-product","3":"status-publish","4":"has-post-thumbnail","6":"product_brand-themeforest","7":"product_cat-polyvalent","8":"product_cat-themes","9":"product_cat-wordpress-themes","10":"product_tag-themeforest","11":"member-discount","12":"discount-restricted","14":"first","15":"instock","16":"sale","17":"downloadable","18":"virtual","19":"sold-individually","20":"purchasable","21":"product-type-simple"},"_links":{"self":[{"href":"https:\/\/gpl-love.com\/fr\/wp-json\/wp\/v2\/product\/110385","targetHints":{"allow":["GET"]}}],"collection":[{"href":"https:\/\/gpl-love.com\/fr\/wp-json\/wp\/v2\/product"}],"about":[{"href":"https:\/\/gpl-love.com\/fr\/wp-json\/wp\/v2\/types\/product"}],"replies":[{"embeddable":true,"href":"https:\/\/gpl-love.com\/fr\/wp-json\/wp\/v2\/comments?post=110385"}],"wp:featuredmedia":[{"embeddable":true,"href":"https:\/\/gpl-love.com\/fr\/wp-json\/wp\/v2\/media\/143233"}],"wp:attachment":[{"href":"https:\/\/gpl-love.com\/fr\/wp-json\/wp\/v2\/media?parent=110385"}],"wp:term":[{"taxonomy":"product_brand","embeddable":true,"href":"https:\/\/gpl-love.com\/fr\/wp-json\/wp\/v2\/product_brand?post=110385"},{"taxonomy":"product_cat","embeddable":true,"href":"https:\/\/gpl-love.com\/fr\/wp-json\/wp\/v2\/product_cat?post=110385"},{"taxonomy":"product_tag","embeddable":true,"href":"https:\/\/gpl-love.com\/fr\/wp-json\/wp\/v2\/product_tag?post=110385"}],"curies":[{"name":"wp","href":"https:\/\/api.w.org\/{rel}","templated":true}]}}