{"id":106299,"date":"2026-04-16T00:00:00","date_gmt":"2026-04-15T22:00:00","guid":{"rendered":"http:\/\/gpl-love.com\/fr\/produit\/yith-woocommerce-prix-dynamique-et-rabais-sur-les-primes-3\/"},"modified":"2026-04-18T06:31:44","modified_gmt":"2026-04-18T04:31:44","slug":"yith-woocommerce-dynamic-pricing-and-discounts-premium","status":"publish","type":"product","link":"https:\/\/gpl-love.com\/fr\/produit\/yith-woocommerce-dynamic-pricing-and-discounts-premium\/","title":{"rendered":"YITH Dynamic Pricing et Discounts Premium 4.29.0"},"content":{"rendered":"<h3>YITH Dynamic Pricing et Discounts Premium Traits<\/h3>\n<p>Yith Dynamic Pricing and Retumes Premium est un outil incroyablement puissant pour g\u00e9rer les prix et les remises sur les magasins de commerce \u00e9lectronique aliment\u00e9s par WooCommerce. Ce plugin exceptionnel vous donne la possibilit\u00e9 d&rsquo;\u00e9tablir des r\u00e8gles de prix dynamiques bas\u00e9es sur une multitude de crit\u00e8res, y compris la quantit\u00e9, le r\u00f4le utilisateur et la cat\u00e9gorie de produits. De plus, il vous permet de fournir un assortiment de diff\u00e9rents types de remises, allant du pourcentage de remises aux remises \u00e0 montants fixes et m\u00eame \u00e0 l&rsquo;achat d&rsquo;offres sans un \u00e0 un. De plus, vous avez la capacit\u00e9 de mode \u00e0 des campagnes de r\u00e9duction cibl\u00e9es qui s&rsquo;adressent sp\u00e9cifiquement \u00e0 certains produits ou groupes de clients, et vous pouvez encore am\u00e9liorer ces campagnes en les planifiant pour des dates et des heures pr\u00e9cises. De plus, ce plugin est \u00e9quip\u00e9 de fonctionnalit\u00e9s avanc\u00e9es, telles que des limites d&rsquo;achat minimum et maximales, des prix \u00e0 plusieurs niveaux et la possibilit\u00e9 de cr\u00e9er des r\u00e8gles de prix personnalis\u00e9es bas\u00e9es sur la saisie des utilisateurs. En utilisant les prix dynamiques de Yith et les remises premium, votre strat\u00e9gie de tarification peut subir un raffinement optimal, ce qui entra\u00eene une plus grande fid\u00e9lit\u00e9 des clients et une plus grande fid\u00e9lit\u00e9 \u00e0 la client\u00e8le.<\/p>\n<ul>\n<li>Offre des tarifs dynamiques et des options de r\u00e9duction dans WooCommerce<\/li>\n<li>Automatise les ajustements des prix en fonction des r\u00e8gles et conditions d\u00e9finies<\/li>\n<li>Permet la cr\u00e9ation de r\u00e8gles de tarification complexes telles que le bogo et les r\u00e9ductions de quantit\u00e9<\/li>\n<li>Permet des remises en fonction des r\u00f4les utilisateur, des cat\u00e9gories de produits et du comportement des utilisateurs<\/li>\n<li>Fournit des mises \u00e0 jour de prix en temps r\u00e9el sur les pages de produits<\/li>\n<li>Offres des messages personnalis\u00e9s et de l&rsquo;image de marque pour les offres promotionnelles<\/li>\n<li>Compatible avec les commutateurs de devises et les plugins multicanguels<\/li>\n<li>Peut \u00eatre utilis\u00e9 pour les strat\u00e9gies de vente crois\u00e9e et de vente au courant<\/li>\n<li>G\u00e9n\u00e8re des rapports et des analyses pour les prix et les performances de r\u00e9duction<\/li>\n<\/ul>\n","protected":false},"excerpt":{"rendered":"<p>Les prix dynamiques et les r\u00e9ductions Dynamic Premium, un plugin WooCommerce tr\u00e8s estim\u00e9, vous accordent la capacit\u00e9 remarquable de g\u00e9n\u00e9rer des prix dynamiques et des r\u00e9ductions pour votre emporium en ligne estim\u00e9. En utilisant ce formidable outil, vous \u00eates autoris\u00e9 \u00e0 \u00e9tablir des r\u00e9glementations complexes qui accordent des remises s\u00e9duisantes conform\u00e9ment \u00e0 la valeur totale des marchandises dans le panier, la quantit\u00e9 de produits achet\u00e9s, ou m\u00eame des produits ou des cat\u00e9gories sp\u00e9cifiques. En outre, ce plugin exceptionnel permet la configuration des principes de tarification avanc\u00e9s, englobant mais sans s&rsquo;y limiter \u00e0 la grandeur des prix en vrac, des remises en pourcentage de panier et un \u00e9ventail d&rsquo;autres possibilit\u00e9s remarquables. En tant que tel, ce plugin est une v\u00e9ritable panac\u00e9e pour renforcer les ventes et nourrir la loyaut\u00e9 in\u00e9branlable parmi les clients, offrant un niveau d&rsquo;adaptabilit\u00e9 in\u00e9gal\u00e9 dans l&rsquo;\u00e9laboration d&rsquo;une strat\u00e9gie de tarification qui s&rsquo;aligne extr\u00eamement avec les besoins uniques de votre entreprise estim\u00e9e.<\/p>\n","protected":false},"featured_media":146376,"comment_status":"open","ping_status":"closed","template":"","meta":[],"product_brand":[2487],"product_cat":[1183,1182,1181],"product_tag":[1437],"class_list":{"0":"post-106299","1":"product","2":"type-product","3":"status-publish","4":"has-post-thumbnail","6":"product_brand-yith","7":"product_cat-administration","8":"product_cat-commerce-electronique-plugins","9":"product_cat-plugins","10":"product_tag-yith","11":"member-discount","12":"discount-restricted","14":"first","15":"instock","16":"sale","17":"downloadable","18":"virtual","19":"sold-individually","20":"purchasable","21":"product-type-simple"},"_links":{"self":[{"href":"https:\/\/gpl-love.com\/fr\/wp-json\/wp\/v2\/product\/106299","targetHints":{"allow":["GET"]}}],"collection":[{"href":"https:\/\/gpl-love.com\/fr\/wp-json\/wp\/v2\/product"}],"about":[{"href":"https:\/\/gpl-love.com\/fr\/wp-json\/wp\/v2\/types\/product"}],"replies":[{"embeddable":true,"href":"https:\/\/gpl-love.com\/fr\/wp-json\/wp\/v2\/comments?post=106299"}],"wp:featuredmedia":[{"embeddable":true,"href":"https:\/\/gpl-love.com\/fr\/wp-json\/wp\/v2\/media\/146376"}],"wp:attachment":[{"href":"https:\/\/gpl-love.com\/fr\/wp-json\/wp\/v2\/media?parent=106299"}],"wp:term":[{"taxonomy":"product_brand","embeddable":true,"href":"https:\/\/gpl-love.com\/fr\/wp-json\/wp\/v2\/product_brand?post=106299"},{"taxonomy":"product_cat","embeddable":true,"href":"https:\/\/gpl-love.com\/fr\/wp-json\/wp\/v2\/product_cat?post=106299"},{"taxonomy":"product_tag","embeddable":true,"href":"https:\/\/gpl-love.com\/fr\/wp-json\/wp\/v2\/product_tag?post=106299"}],"curies":[{"name":"wp","href":"https:\/\/api.w.org\/{rel}","templated":true}]}}