{"id":106297,"date":"2023-01-07T00:00:00","date_gmt":"2023-01-06T23:00:00","guid":{"rendered":"http:\/\/gpl-love.com\/fr\/produit\/white-label-branding-pour-wordpress\/"},"modified":"2026-04-10T18:45:35","modified_gmt":"2026-04-10T16:45:35","slug":"white-label-branding-for-wordpress","status":"publish","type":"product","link":"https:\/\/gpl-love.com\/fr\/produit\/white-label-branding-for-wordpress\/","title":{"rendered":"White Label Branding pour WordPress 4.2.9"},"content":{"rendered":"<h3>White Label Branding pour WordPress Traits<\/h3>\n<p>White Label Branding pour WordPress est une solution logicielle incroyablement robuste qui a \u00e9t\u00e9 m\u00e9ticuleusement con\u00e7ue pour aider les entreprises et les agences dans leur effort pour renommer leurs sites Web WordPress. Cet outil particulier poss\u00e8de une pl\u00e9thore de fonctionnalit\u00e9s qui permettent aux utilisateurs de personnaliser et de marquer sans effort tous les aspects de leur site WordPress, allant de la page de connexion jusqu&rsquo;au tableau de bord et tout le reste entre les deux. Non seulement ce logiciel est incroyablement convivial, mais il poss\u00e8de \u00e9galement un niveau de flexibilit\u00e9 remarquable, offrant ainsi aux utilisateurs la possibilit\u00e9 d&rsquo;adapter leur site WordPress en fonction de leurs propres besoins et pr\u00e9f\u00e9rences distinctes. La mise en \u0153uvre de la marque White Label pour WordPress facilite la cr\u00e9ation d&rsquo;une exp\u00e9rience de marque impeccablement professionnelle et parfaitement coh\u00e9rente pour les clients et les clients, contribuant ainsi de mani\u00e8re significative \u00e0 la cr\u00e9ation de la reconnaissance et de la confiance de la marque. En substance, cet outil est une n\u00e9cessit\u00e9 absolue pour toute entreprise ou agence qui aspire \u00e0 \u00e9lever leur site Web de site Web WordPress s&rsquo;efforce de hauteurs sans pr\u00e9c\u00e9dent.<\/p>\n<ul>\n<li>Possibilit\u00e9 de personnaliser la marque d&rsquo;un site Web WordPress avec un th\u00e8me d&rsquo;\u00e9tiquette blanc<\/li>\n<li>Un look propre et professionnel pour n&rsquo;importe quel site Web<\/li>\n<li>Possibilit\u00e9 d&rsquo;ajouter votre propre logo, couleurs et polices personnalis\u00e9es<\/li>\n<li>Aucun codage requis, interface facile \u00e0 utiliser<\/li>\n<li>Contr\u00f4le complet sur la marque du site Web sans avoir besoin de services de conception co\u00fbteux<\/li>\n<li>Parfait pour les agences, les consultants ou toute personne qui cherche \u00e0 proposer un service de conception Web personnalis\u00e9<\/li>\n<li>Aide votre site Web \u00e0 se d\u00e9marquer de la concurrence avec une identit\u00e9 de marque unique<\/li>\n<li>Compatible avec la plupart des th\u00e8mes et plugins WordPress<\/li>\n<li>Mises \u00e0 jour r\u00e9guli\u00e8res pour assurer la compatibilit\u00e9 avec les derni\u00e8res versions et fonctionnalit\u00e9s WordPress<\/li>\n<li>Prix \u200b\u200babordables avec des options de licence flexibles<\/li>\n<\/ul>\n","protected":false},"excerpt":{"rendered":"<p>Transformez votre site Web WordPress sans effort en utilisant les entr\u00e9es, une solution de marque blanche incroyablement robuste et polyvalente qui vous permet de personnaliser sans effort divers \u00e9l\u00e9ments du backend de votre site Web. Du logo WordPress captivant au menu d&rsquo;administration complexe, au tableau de bord, \u00e0 la page de connexion, et bien plus encore, la saisie vous offre une pl\u00e9thore d&rsquo;options pour laisser une impression ind\u00e9l\u00e9bile sur vos clients et aligner impeccablement la conception de votre site Web sur l&rsquo;identit\u00e9 de votre marque. Avec un minimum d&rsquo;effort, vous pouvez am\u00e9liorer parfaitement l&rsquo;exp\u00e9rience utilisateur des visiteurs de votre site, garantissant une rencontre vraiment immersive et inoubliable. \u00c9levez votre site Web \u00e0 des hauteurs sans pr\u00e9c\u00e9dent aujourd&rsquo;hui en adoptant les capacit\u00e9s remarquables de contribution.<\/p>\n","protected":false},"featured_media":145759,"comment_status":"open","ping_status":"closed","template":"","meta":[],"product_brand":[2435],"product_cat":[1187,1181,1186],"product_tag":[1231],"class_list":{"0":"post-106297","1":"product","2":"type-product","3":"status-publish","4":"has-post-thumbnail","6":"product_brand-codecanyon","7":"product_cat-administration-wordpress-plugins","8":"product_cat-plugins","9":"product_cat-wordpress-plugins","10":"product_tag-codecanyon","11":"member-discount","12":"discount-restricted","14":"first","15":"instock","16":"sale","17":"downloadable","18":"virtual","19":"sold-individually","20":"purchasable","21":"product-type-simple"},"_links":{"self":[{"href":"https:\/\/gpl-love.com\/fr\/wp-json\/wp\/v2\/product\/106297","targetHints":{"allow":["GET"]}}],"collection":[{"href":"https:\/\/gpl-love.com\/fr\/wp-json\/wp\/v2\/product"}],"about":[{"href":"https:\/\/gpl-love.com\/fr\/wp-json\/wp\/v2\/types\/product"}],"replies":[{"embeddable":true,"href":"https:\/\/gpl-love.com\/fr\/wp-json\/wp\/v2\/comments?post=106297"}],"wp:featuredmedia":[{"embeddable":true,"href":"https:\/\/gpl-love.com\/fr\/wp-json\/wp\/v2\/media\/145759"}],"wp:attachment":[{"href":"https:\/\/gpl-love.com\/fr\/wp-json\/wp\/v2\/media?parent=106297"}],"wp:term":[{"taxonomy":"product_brand","embeddable":true,"href":"https:\/\/gpl-love.com\/fr\/wp-json\/wp\/v2\/product_brand?post=106297"},{"taxonomy":"product_cat","embeddable":true,"href":"https:\/\/gpl-love.com\/fr\/wp-json\/wp\/v2\/product_cat?post=106297"},{"taxonomy":"product_tag","embeddable":true,"href":"https:\/\/gpl-love.com\/fr\/wp-json\/wp\/v2\/product_tag?post=106297"}],"curies":[{"name":"wp","href":"https:\/\/api.w.org\/{rel}","templated":true}]}}