{"id":106291,"date":"2026-03-27T00:00:00","date_gmt":"2026-03-26T23:00:00","guid":{"rendered":"http:\/\/gpl-love.com\/fr\/produit\/m-tailor-theme-responsive-woocommerce\/"},"modified":"2026-04-10T18:32:11","modified_gmt":"2026-04-10T16:32:11","slug":"mr-tailor-responsive-woocommerce-theme","status":"publish","type":"product","link":"https:\/\/gpl-love.com\/fr\/produit\/mr-tailor-responsive-woocommerce-theme\/","title":{"rendered":"Mr. Tailor Responsive WooCommerce Theme 8.2"},"content":{"rendered":"<h3>Mr. Tailor Responsive WooCommerce Theme Traits<\/h3>\n<p>M. Tailor est un th\u00e8me WooCommerce exceptionnel qui a \u00e9t\u00e9 m\u00e9ticuleusement con\u00e7u pour les d\u00e9taillants en ligne sp\u00e9cialis\u00e9s dans la vente de v\u00eatements et d&rsquo;accessoires. Ce th\u00e8me tr\u00e8s r\u00e9actif poss\u00e8de une vaste gamme de fonctionnalit\u00e9s pour s&rsquo;assurer que vos produits sont pr\u00e9sent\u00e9s d&rsquo;une mani\u00e8re \u00e0 la fois organis\u00e9e et professionnelle. Sa polyvalence remarquable est apparente \u00e0 travers sa page d&rsquo;accueil personnalisable, vous permettant de montrer sans effort votre marchandise de mani\u00e8re esth\u00e9tique. En outre, le th\u00e8me propose un panneau d&rsquo;administration intuitif et robuste, vous permettant la possibilit\u00e9 de r\u00e9primer sans effort la mise en page, les polices, les couleurs et autres \u00e9l\u00e9ments de conception pour s&rsquo;aligner impeccablement avec l&rsquo;identit\u00e9 unique de votre marque.<\/p>\n<p>M. Tailor a \u00e9t\u00e9 bien optimis\u00e9 \u00e0 la fois pour les temps de chargement rapide et l&rsquo;optimisation des moteurs de recherche (SEO), ce qui le rend un choix impeccable pour les entreprises aspirant \u00e0 am\u00e9liorer leur pr\u00e9sence en ligne. Non seulement il fournit un \u00e9ventail de mod\u00e8les de page pr\u00e9-con\u00e7us captivants, tels que \u00abAbout Us\u00bb, \u00abContactez-nous\u00bb et \u00abFAQ\u00bb, mais il assure \u00e9galement la cr\u00e9ation rapide d&rsquo;un site Web complet avec un effort minimal. En vertu de M. Tailor, vous poss\u00e9dez la capacit\u00e9 de cr\u00e9er une boutique en ligne qui est non seulement visuellement captivante mais \u00e9galement extr\u00eamement conviviale, facilitant l&rsquo;attraction et la r\u00e9tention des clients avec la plus grande facilit\u00e9.<\/p>\n<ul>\n<li>Conception enti\u00e8rement r\u00e9active qui a fi\u00e8re allure sur tous les appareils, des ordinateurs de bureau aux t\u00e9l\u00e9phones mobiles<\/li>\n<li>Compatible avec WooCommerce, la plate-forme de commerce \u00e9lectronique la plus populaire pour WordPress<\/li>\n<li>Sept mises en page de page d&rsquo;accueil pr\u00e9-construites, ce qui facilite la d\u00e9marrage avec votre boutique en ligne<\/li>\n<li>Comprend le plugin Builder de page WPBAKERY, un constructeur de page de glisser-d\u00e9poser populaire qui vous permet de personnaliser votre site en toute simplicit\u00e9<\/li>\n<li>Livr\u00e9 avec Revolution Slider, vous permettant de cr\u00e9er de superbes pr\u00e9sentations de diaporamas et des vitrines de produits<\/li>\n<li>Diverses options d&rsquo;en-t\u00eate et de pied de page \u00e0 choisir, vous donnant un contr\u00f4le complet sur la disposition et la marque de votre site<\/li>\n<li>Prise en charge int\u00e9gr\u00e9e pour l&rsquo;int\u00e9gration des m\u00e9dias sociaux, vous aidant \u00e0 vous connecter avec vos clients et \u00e0 augmenter votre pr\u00e9sence en ligne<\/li>\n<li>SEO optimis\u00e9 pour un meilleur classement des moteurs de recherche et une visibilit\u00e9 accrue en ligne<\/li>\n<li>Support client qui est disponible pour vous aider avec tous les probl\u00e8mes ou questions que vous pourriez avoir<\/li>\n<li>Mises \u00e0 jour r\u00e9guli\u00e8res pour s&rsquo;assurer que le th\u00e8me est toujours \u00e0 jour et compatible avec les derni\u00e8res versions de WordPress et WooCommerce.<\/li>\n<\/ul>\n","protected":false},"excerpt":{"rendered":"<p>Le th\u00e8me WooCommerce de M. Tailor, un th\u00e8me innovant et adaptable, cr\u00e9\u00e9 exclusivement pour des sites Web de commerce \u00e9lectronique utilisant la puissante plate-forme WooCommerce, est un t\u00e9moignage de la modernit\u00e9. Con\u00e7u avec une interface esth\u00e9tique et conviviale, ce th\u00e8me vous permet de montrer vos produits sans effort, garantissant des ventes transparentes sur tous les appareils. Ce th\u00e8me poss\u00e8de une multitude de fonctionnalit\u00e9s remarquables, y compris, mais sans s&rsquo;y limiter, des fonctionnalit\u00e9s de vue rapide, des capacit\u00e9s de filtrage de produits exceptionnelles et un \u00e9ventail de widgets personnalisables, tous visant \u00e0 favoriser une exp\u00e9rience d&rsquo;achat sans pr\u00e9c\u00e9dent et captivante pour votre client\u00e8le estim\u00e9e. De plus, le th\u00e8me offre une flexibilit\u00e9 in\u00e9gal\u00e9e, vous permettant de le personnaliser sans effort en fonction de votre identit\u00e9 de marque et d&rsquo;\u00e9lever l&rsquo;importance de votre boutique en ligne au milieu du vaste march\u00e9 num\u00e9rique.<\/p>\n","protected":false},"featured_media":144596,"comment_status":"open","ping_status":"closed","template":"","meta":[],"product_brand":[2433],"product_cat":[1238,1851,1212],"product_tag":[1366],"class_list":{"0":"post-106291","1":"product","2":"type-product","3":"status-publish","4":"has-post-thumbnail","6":"product_brand-themeforest","7":"product_cat-commerce-electronique-themes","8":"product_cat-entreprise-commerce-electronique-themes","9":"product_cat-themes","10":"product_tag-themeforest","11":"member-discount","12":"discount-restricted","14":"first","15":"instock","16":"sale","17":"downloadable","18":"virtual","19":"sold-individually","20":"purchasable","21":"product-type-simple"},"_links":{"self":[{"href":"https:\/\/gpl-love.com\/fr\/wp-json\/wp\/v2\/product\/106291","targetHints":{"allow":["GET"]}}],"collection":[{"href":"https:\/\/gpl-love.com\/fr\/wp-json\/wp\/v2\/product"}],"about":[{"href":"https:\/\/gpl-love.com\/fr\/wp-json\/wp\/v2\/types\/product"}],"replies":[{"embeddable":true,"href":"https:\/\/gpl-love.com\/fr\/wp-json\/wp\/v2\/comments?post=106291"}],"wp:featuredmedia":[{"embeddable":true,"href":"https:\/\/gpl-love.com\/fr\/wp-json\/wp\/v2\/media\/144596"}],"wp:attachment":[{"href":"https:\/\/gpl-love.com\/fr\/wp-json\/wp\/v2\/media?parent=106291"}],"wp:term":[{"taxonomy":"product_brand","embeddable":true,"href":"https:\/\/gpl-love.com\/fr\/wp-json\/wp\/v2\/product_brand?post=106291"},{"taxonomy":"product_cat","embeddable":true,"href":"https:\/\/gpl-love.com\/fr\/wp-json\/wp\/v2\/product_cat?post=106291"},{"taxonomy":"product_tag","embeddable":true,"href":"https:\/\/gpl-love.com\/fr\/wp-json\/wp\/v2\/product_tag?post=106291"}],"curies":[{"name":"wp","href":"https:\/\/api.w.org\/{rel}","templated":true}]}}