{"id":106289,"date":"2026-02-06T00:00:00","date_gmt":"2026-02-05T23:00:00","guid":{"rendered":"http:\/\/gpl-love.com\/fr\/produit\/jet-onglets-pour-elementor\/"},"modified":"2026-03-20T23:20:55","modified_gmt":"2026-03-20T22:20:55","slug":"jet-tabs-for-elementor","status":"publish","type":"product","link":"https:\/\/gpl-love.com\/fr\/produit\/jet-tabs-for-elementor\/","title":{"rendered":"Jet Tabs For Elementor 2.2.14"},"content":{"rendered":"<h3>Jet Tabs For Elementor Traits<\/h3>\n<p>Les onglets \u00e0 jet pour Elementor sont un plugin incroyablement robuste et convivial qui a \u00e9t\u00e9 m\u00e9ticuleusement con\u00e7u dans le seul but de vous aider \u00e0 cr\u00e9er des onglets visuellement \u00e9tonnants et hautement fonctionnels pour vos pages Web. \u00c9quip\u00e9 d&rsquo;une multitude de fonctionnalit\u00e9s avanc\u00e9es et d&rsquo;une large gamme d&rsquo;options de personnalisation, ce plugin vous permet de construire sans effort un contenu \u00e0 onglets captivant qui s&rsquo;int\u00e8gre de mani\u00e8re transparente dans le tissu de votre site Web. Que vous souhaitiez personnaliser l&rsquo;apparence de vos onglets, s\u00e9lectionnez parmi un \u00e9ventail diversifi\u00e9 de dispositions ou incorporer un assortiment \u00e9clectique de contenu tel que le texte convaincant, les images fascinantes ou les vid\u00e9os captivantes, les onglets de jet pour Elementor vous accordent la libert\u00e9 et la flexibilit\u00e9 \u00e0 Actualisez vos visions cr\u00e9atives avec la plus grande pr\u00e9cision et finesse. De plus, ce plugin propose facilement une pl\u00e9thore de mod\u00e8les pr\u00e9-con\u00e7us qui servent de tremplin inestimable pour les amateurs de d\u00e9butants et les professionnels chevronn\u00e9s, ce qui le rend un instrument indispensable qui transcende les limites du niveau de comp\u00e9tence. Sans l&rsquo;ombre d&rsquo;un doute, les onglets de jet pour Elementor sont un atout indispensable pour tout d\u00e9sir individuel pour augmenter la fonctionnalit\u00e9 et l&rsquo;esth\u00e9tique de leur site Web en le donnant une exp\u00e9rience s\u00e9duisante et immersive.<\/p>\n<ul>\n<li>Un widget Elementor puissant et convivial pour cr\u00e9er des onglets personnalis\u00e9s sur votre site Web<\/li>\n<li>Vous permet de cr\u00e9er facilement plusieurs onglets dans une seule page \u00e9l\u00e9mentor ou de publication<\/li>\n<li>Livr\u00e9 avec une vari\u00e9t\u00e9 de mod\u00e8les pr\u00e9-con\u00e7us \u00e0 choisir pour une configuration rapide<\/li>\n<li>Les options de personnalisation incluent des sch\u00e9mas de couleurs, des styles de texte et des effets d&rsquo;animation<\/li>\n<li>Peut \u00eatre utilis\u00e9 pour afficher une gamme de types de contenu, y compris du texte, des images, des vid\u00e9os et plus<\/li>\n<li>La conception enti\u00e8rement r\u00e9active garantit que votre site Web a fi\u00e8re allure sur tous les appareils<\/li>\n<li>Les fonctionnalit\u00e9s de r\u00e9f\u00e9rencement int\u00e9gr\u00e9es vous aident \u00e0 optimiser votre contenu pour les moteurs de recherche<\/li>\n<li>Offre une int\u00e9gration transparente avec Elementor Pro pour des fonctionnalit\u00e9s encore plus avanc\u00e9es<\/li>\n<li>Comprend un acc\u00e8s gratuit \u00e0 une biblioth\u00e8que de didacticiels vid\u00e9o utiles et de documentation pour vous aider \u00e0 d\u00e9marrer<\/li>\n<\/ul>\n","protected":false},"excerpt":{"rendered":"<p>Les onglets \u00e0 jet pour Elementor sont un plugin incroyablement robuste et tr\u00e8s efficace qui propose une vaste gamme de fonctionnalit\u00e9s, vous permettant de g\u00e9n\u00e9rer sans effort un contenu \u00e0 onglets visuellement captivant pour votre site Web. Cet outil remarquablement intuitif vous fournit non seulement un assortiment impressionnant de styles pr\u00e9-con\u00e7us, mais vous accorde \u00e9galement la libert\u00e9 de personnaliser tous les aspects de vos dispositions, garantissant qu&rsquo;ils s&rsquo;int\u00e8grent parfaitement \u00e0 la conception globale de votre site Web. Peu importe que votre objectif soit de montrer vos produits et services ou d&rsquo;organiser m\u00e9ticuleusement votre contenu en sections facilement navigables, les onglets \u00e0 jet pour Elementor sert un atout inestimable qui vous permet d&rsquo;atteindre rapidement et efficacement vos objectifs. Avec ses performances in\u00e9gal\u00e9es et son interface conviviale, ce plugin appara\u00eet incontestablement comme une ressource indispensable pour tout utilisateur Elementor qui aspire \u00e0 fa\u00e7onner le contenu exquis exquis de qualit\u00e9 professionnelle.<\/p>\n","protected":false},"featured_media":144273,"comment_status":"open","ping_status":"closed","template":"","meta":[],"product_brand":[2576],"product_cat":[1189,1181,1186],"product_tag":[2329],"class_list":{"0":"post-106289","1":"product","2":"type-product","3":"status-publish","4":"has-post-thumbnail","6":"product_brand-crocoblock","7":"product_cat-personnalisation","8":"product_cat-plugins","9":"product_cat-wordpress-plugins","10":"product_tag-crocoblock","11":"member-discount","12":"discount-restricted","14":"first","15":"instock","16":"sale","17":"downloadable","18":"virtual","19":"sold-individually","20":"purchasable","21":"product-type-simple"},"_links":{"self":[{"href":"https:\/\/gpl-love.com\/fr\/wp-json\/wp\/v2\/product\/106289","targetHints":{"allow":["GET"]}}],"collection":[{"href":"https:\/\/gpl-love.com\/fr\/wp-json\/wp\/v2\/product"}],"about":[{"href":"https:\/\/gpl-love.com\/fr\/wp-json\/wp\/v2\/types\/product"}],"replies":[{"embeddable":true,"href":"https:\/\/gpl-love.com\/fr\/wp-json\/wp\/v2\/comments?post=106289"}],"wp:featuredmedia":[{"embeddable":true,"href":"https:\/\/gpl-love.com\/fr\/wp-json\/wp\/v2\/media\/144273"}],"wp:attachment":[{"href":"https:\/\/gpl-love.com\/fr\/wp-json\/wp\/v2\/media?parent=106289"}],"wp:term":[{"taxonomy":"product_brand","embeddable":true,"href":"https:\/\/gpl-love.com\/fr\/wp-json\/wp\/v2\/product_brand?post=106289"},{"taxonomy":"product_cat","embeddable":true,"href":"https:\/\/gpl-love.com\/fr\/wp-json\/wp\/v2\/product_cat?post=106289"},{"taxonomy":"product_tag","embeddable":true,"href":"https:\/\/gpl-love.com\/fr\/wp-json\/wp\/v2\/product_tag?post=106289"}],"curies":[{"name":"wp","href":"https:\/\/api.w.org\/{rel}","templated":true}]}}