{"id":106287,"date":"2024-08-21T00:00:00","date_gmt":"2024-08-20T22:00:00","guid":{"rendered":"http:\/\/gpl-love.com\/fr\/produit\/jet-stylemanager-pour-elementor\/"},"modified":"2026-03-20T23:20:54","modified_gmt":"2026-03-20T22:20:54","slug":"jet-stylemanager-for-elementor","status":"publish","type":"product","link":"https:\/\/gpl-love.com\/fr\/produit\/jet-stylemanager-for-elementor\/","title":{"rendered":"Jet Style Manager pour Elementor 1.3.8"},"content":{"rendered":"<h3>Jet Style Manager pour Elementor Traits<\/h3>\n<p>Jet Style Manager pour Elementor est un plugin remarquablement robuste qui a \u00e9t\u00e9 m\u00e9ticuleusement con\u00e7u pour offrir une interface exceptionnellement conviviale et intuitive, sp\u00e9cifiquement adapt\u00e9e pour faciliter la personnalisation transparente des aspects visuels de votre site Web. Cet outil globale qui vous permet de vous permettre de manipuler sans effort un \u00e9ventail d&rsquo;\u00e9l\u00e9ments de conception, tels que les polices, les couleurs, les arri\u00e8re-plans, les fronti\u00e8res, et bien plus encore, sans n\u00e9cessiter aucune connaissance complexe du codage. Le gestionnaire de style Jet vraiment remarquable vous accorde sans effort acc\u00e9der \u00e0 une vaste biblioth\u00e8que de mod\u00e8les et de styles pr\u00e9-con\u00e7us, vous offrant ainsi la libert\u00e9 et la flexibilit\u00e9 in\u00e9gal\u00e9es pour fa\u00e7onner les pages Web impressionnantes qui s&rsquo;alignent d\u00e9licieusement avec votre identit\u00e9 de marque distincte. De plus, ce plugin impressionnant vous permet en outre de pr\u00e9server facilement et d&#8217;employer par la suite vos styles personnalis\u00e9s sur diff\u00e9rentes pages et sections, rationalisant ainsi consid\u00e9rablement votre flux de travail et vous lib\u00e9rant d&rsquo;effort indu durable. B\u00e9n\u00e9ficiant d&rsquo;une interface vraiment dynamique et tr\u00e8s r\u00e9active, Jet Style Manager pour Elementor est sans \u00e9quivoque la solution ultime pour les concepteurs, les d\u00e9veloppeurs et les propri\u00e9taires de sites Web aspirant \u00e0 monter au summum de leurs prouesses de conception Web.<\/p>\n<ul>\n<li>Un outil puissant pour personnaliser l&rsquo;apparence des sites Web aliment\u00e9s par \u00e9l\u00e9mentor<\/li>\n<li>Offre une vari\u00e9t\u00e9 de mod\u00e8les et de styles pr\u00e9-con\u00e7us, permettant aux utilisateurs de personnaliser rapidement et facilement l&rsquo;apparence de leur site<\/li>\n<li>Dispose d&rsquo;une interface conviviale qui facilite la navigation et la personnalisation des param\u00e8tres<\/li>\n<li>Permet aux utilisateurs de cr\u00e9er leurs propres styles et mod\u00e8les personnalis\u00e9s, leur donnant un contr\u00f4le total sur la conception de leur site<\/li>\n<li>S&rsquo;int\u00e8gre parfaitement \u00e0 Elementor, garantissant que toutes les modifications apport\u00e9es par le gestionnaire de style Jet se refl\u00e8tent en temps r\u00e9el<\/li>\n<li>Offre une gamme d&rsquo;options de personnalisation, y compris des palettes de couleurs, des param\u00e8tres de typographie, et plus<\/li>\n<li>Fournit aux utilisateurs la possibilit\u00e9 de pr\u00e9visualiser leurs modifications avant de les appliquer sur leur site<\/li>\n<li>Parfait pour les concepteurs de sites Web, les d\u00e9veloppeurs et tous ceux qui souhaitent cr\u00e9er un site Web d&rsquo;aspect professionnel sans passer des heures en conception et personnalisation<\/li>\n<\/ul>\n","protected":false},"excerpt":{"rendered":"<p>Emmenez la conception de votre site Web vers de nouveaux sommets en incorporant le gestionnaire de style Jet pour Elementor. Ce plugin incroyablement puissant vous permet d&rsquo;adapter sans effort tous les aspects de votre site Web ax\u00e9 sur l&rsquo;\u00e9l\u00e9mentor, allant des minuscules tailles de police aux pr\u00e9f\u00e9rences de mise en page grandiose. B\u00e9n\u00e9ficiant d&rsquo;une interface intuitivement navigable, cet outil vous accorde un contr\u00f4le transparent sur les sch\u00e9mas de couleurs, les s\u00e9lections typographiques et divers autres \u00e9l\u00e9ments stylistiques avec une plus grande facilit\u00e9, n\u00e9cessitant simplement quelques clics. Propulsez votre site Web \u00e0 des niveaux de sophistication et de finesse sans pr\u00e9c\u00e9dent avec l&rsquo;aide indispensable du gestionnaire de style Jet pour Elementor.<\/p>\n","protected":false},"featured_media":144272,"comment_status":"open","ping_status":"closed","template":"","meta":[],"product_brand":[2576],"product_cat":[1187,1181,1186],"product_tag":[2329],"class_list":{"0":"post-106287","1":"product","2":"type-product","3":"status-publish","4":"has-post-thumbnail","6":"product_brand-crocoblock","7":"product_cat-administration-wordpress-plugins","8":"product_cat-plugins","9":"product_cat-wordpress-plugins","10":"product_tag-crocoblock","11":"member-discount","12":"discount-restricted","14":"first","15":"instock","16":"sale","17":"downloadable","18":"virtual","19":"sold-individually","20":"purchasable","21":"product-type-simple"},"_links":{"self":[{"href":"https:\/\/gpl-love.com\/fr\/wp-json\/wp\/v2\/product\/106287","targetHints":{"allow":["GET"]}}],"collection":[{"href":"https:\/\/gpl-love.com\/fr\/wp-json\/wp\/v2\/product"}],"about":[{"href":"https:\/\/gpl-love.com\/fr\/wp-json\/wp\/v2\/types\/product"}],"replies":[{"embeddable":true,"href":"https:\/\/gpl-love.com\/fr\/wp-json\/wp\/v2\/comments?post=106287"}],"wp:featuredmedia":[{"embeddable":true,"href":"https:\/\/gpl-love.com\/fr\/wp-json\/wp\/v2\/media\/144272"}],"wp:attachment":[{"href":"https:\/\/gpl-love.com\/fr\/wp-json\/wp\/v2\/media?parent=106287"}],"wp:term":[{"taxonomy":"product_brand","embeddable":true,"href":"https:\/\/gpl-love.com\/fr\/wp-json\/wp\/v2\/product_brand?post=106287"},{"taxonomy":"product_cat","embeddable":true,"href":"https:\/\/gpl-love.com\/fr\/wp-json\/wp\/v2\/product_cat?post=106287"},{"taxonomy":"product_tag","embeddable":true,"href":"https:\/\/gpl-love.com\/fr\/wp-json\/wp\/v2\/product_tag?post=106287"}],"curies":[{"name":"wp","href":"https:\/\/api.w.org\/{rel}","templated":true}]}}