{"id":106285,"date":"2026-05-02T00:00:00","date_gmt":"2026-05-01T22:00:00","guid":{"rendered":"http:\/\/gpl-love.com\/fr\/produit\/the7-reactif-polyvalent-theme-wordpress\/"},"modified":"2026-05-03T06:31:02","modified_gmt":"2026-05-03T04:31:02","slug":"the7-responsive-multi-purpose-wordpress-theme","status":"publish","type":"product","link":"https:\/\/gpl-love.com\/fr\/produit\/the7-responsive-multi-purpose-wordpress-theme\/","title":{"rendered":"The7 Responsive Multi-Purpose WordPress Theme 14.3.2"},"content":{"rendered":"<h3>The7 Responsive Multi-Purpose WordPress Theme Traits<\/h3>\n<p>Le th\u00e8me connu sous le nom de th\u00e8me WordPress polyvalent r\u00e9actif 7 poss\u00e8de une polyvalence et une personnalisation inh\u00e9rentes qui le rendent adapt\u00e9e \u00e0 une multitude de sites Web. B\u00e9n\u00e9ficiant d&rsquo;un r\u00e9pertoire de plus de 40 conceptions de sites Web pr\u00e9-faites, il offre une vaste gamme d&rsquo;options \u00e0 partir de laquelle s\u00e9lectionner afin d&rsquo;adapter la disposition et le style de votre site Web \u00e0 vos sp\u00e9cifications pr\u00e9cises. De plus, ce th\u00e8me est enti\u00e8rement r\u00e9actif de nature, assur\u00e9 de d\u00e9gager une apparence attrayante sur tout appareil \u00e0 partir duquel il est accessible, et est en outre \u00e9quip\u00e9 d&rsquo;un puissant constructeur de pages qui facilite la personnalisation sans effort. En outre, il est compl\u00e9t\u00e9 par une s\u00e9lection diversifi\u00e9e de plugins premium, y compris l&rsquo;illustre g\u00e9n\u00e9rateur de page WPBAKERY et Slider Revolution, augmentant ainsi la fonctionnalit\u00e9 de votre site Web. Dans l&rsquo;ensemble, le th\u00e8me WordPress polyvalent 7 r\u00e9actif est un choix in\u00e9gal\u00e9 pour toute personne cherchant \u00e0 \u00e9tablir une pr\u00e9sence en ligne professionnelle et in\u00e9gal\u00e9e.<\/p>\n<ul>\n<li>Th\u00e8me du site Web enti\u00e8rement personnalisable con\u00e7u pour WordPress<\/li>\n<li>La conception r\u00e9active garantit que votre site Web a fi\u00e8re allure sur n&rsquo;importe quel appareil<\/li>\n<li>Plus de 40 d\u00e9mos de site Web pr\u00e9-construites au choix<\/li>\n<li>Cr\u00e9er des conceptions uniques avec plus de 1000 options de th\u00e8me<\/li>\n<li>Personnalisez facilement les polices, les couleurs, les dispositions et plus encore avec le compositeur visuel int\u00e9gr\u00e9<\/li>\n<li>Compatible avec les plugins WordPress populaires comme WooCommerce et le formulaire de contact 7<\/li>\n<li>Comprend des plugins premium comme Slider Revolution, Convert Plus et ACF Pro<\/li>\n<li>SEO-optimis\u00e9 pour am\u00e9liorer le classement des moteurs de recherche<\/li>\n<li>Mises \u00e0 jour r\u00e9guli\u00e8res et soutien fiable des d\u00e9veloppeurs du th\u00e8me<\/li>\n<li>Multi-lingual pr\u00eat pour le public mondial<\/li>\n<li>Options d&rsquo;avanc\u00e9es pour cr\u00e9er des menus, logos et barres de navigation personnalis\u00e9s<\/li>\n<li>Multipliers de blogs et formats de publication pour une vari\u00e9t\u00e9 de types de contenu<\/li>\n<\/ul>\n","protected":false},"excerpt":{"rendered":"<p>Bienvenue dans l&rsquo;introduction du th\u00e8me WordPress polyvalent r\u00e9actif, un th\u00e8me incroyablement polyvalent et convivial qui propose une gamme de fonctionnalit\u00e9s pour satisfaire tous vos besoins. Ce th\u00e8me exceptionnel garantit non seulement des performances exceptionnelles, mais poss\u00e8de \u00e9galement un design esth\u00e9tiquement agr\u00e9able qui captivera s\u00fbrement votre public. Avec une vaste s\u00e9lection de plus de 40 sites Web pr\u00e9d\u00e9finis, une impressionnante collection de plus de 1000+ options de th\u00e8me et des possibilit\u00e9s de personnalisation illimit\u00e9es, vous avez la possibilit\u00e9 de cr\u00e9er un site Web vraiment distinctif et refl\u00e9tant l&rsquo;identit\u00e9 de votre marque. De plus, la r\u00e9activit\u00e9 impeccable de ce th\u00e8me garantit que votre site Web s&rsquo;adaptera parfaitement \u00e0 tous les appareils, offrant une exp\u00e9rience utilisateur sans faille dans tous les domaines. Embrassez l&rsquo;exp\u00e9rience de cr\u00e9ation de site Web in\u00e9gal\u00e9e offerte par le th\u00e8me WordPress polyvalent r\u00e9actif aujourd&rsquo;hui et d\u00e9bloquez le plein potentiel de votre pr\u00e9sence en ligne.<\/p>\n","protected":false},"featured_media":145479,"comment_status":"open","ping_status":"closed","template":"","meta":[],"product_brand":[2433],"product_cat":[1214,1212,1213],"product_tag":[1366],"class_list":{"0":"post-106285","1":"product","2":"type-product","3":"status-publish","4":"has-post-thumbnail","6":"product_brand-themeforest","7":"product_cat-polyvalent","8":"product_cat-themes","9":"product_cat-wordpress-themes","10":"product_tag-themeforest","11":"member-discount","12":"discount-restricted","14":"first","15":"instock","16":"sale","17":"downloadable","18":"virtual","19":"sold-individually","20":"purchasable","21":"product-type-simple"},"_links":{"self":[{"href":"https:\/\/gpl-love.com\/fr\/wp-json\/wp\/v2\/product\/106285","targetHints":{"allow":["GET"]}}],"collection":[{"href":"https:\/\/gpl-love.com\/fr\/wp-json\/wp\/v2\/product"}],"about":[{"href":"https:\/\/gpl-love.com\/fr\/wp-json\/wp\/v2\/types\/product"}],"replies":[{"embeddable":true,"href":"https:\/\/gpl-love.com\/fr\/wp-json\/wp\/v2\/comments?post=106285"}],"wp:featuredmedia":[{"embeddable":true,"href":"https:\/\/gpl-love.com\/fr\/wp-json\/wp\/v2\/media\/145479"}],"wp:attachment":[{"href":"https:\/\/gpl-love.com\/fr\/wp-json\/wp\/v2\/media?parent=106285"}],"wp:term":[{"taxonomy":"product_brand","embeddable":true,"href":"https:\/\/gpl-love.com\/fr\/wp-json\/wp\/v2\/product_brand?post=106285"},{"taxonomy":"product_cat","embeddable":true,"href":"https:\/\/gpl-love.com\/fr\/wp-json\/wp\/v2\/product_cat?post=106285"},{"taxonomy":"product_tag","embeddable":true,"href":"https:\/\/gpl-love.com\/fr\/wp-json\/wp\/v2\/product_tag?post=106285"}],"curies":[{"name":"wp","href":"https:\/\/api.w.org\/{rel}","templated":true}]}}