{"id":106281,"date":"2026-04-08T00:00:00","date_gmt":"2026-04-07T22:00:00","guid":{"rendered":"http:\/\/gpl-love.com\/fr\/produit\/jet-comparer-wishlist-pour-elementor\/"},"modified":"2026-04-09T00:30:31","modified_gmt":"2026-04-08T22:30:31","slug":"jet-compare-wishlist-for-elementor","status":"publish","type":"product","link":"https:\/\/gpl-love.com\/fr\/produit\/jet-compare-wishlist-for-elementor\/","title":{"rendered":"Jet Compare Wishlist For Elementor 1.5.12.3"},"content":{"rendered":"<h3>Jet Compare Wishlist For Elementor Traits<\/h3>\n<p>Jet Compare WishList pour Elementor est un outil remarquablement robuste qui amplifie la fonctionnalit\u00e9 de votre site Web, qui est bas\u00e9 sur Elementor, en vous accordant la capacit\u00e9 d&rsquo;incorporer la liste de souhaits et de comparer les options \u00e0 vos pages qui pr\u00e9sentent vos produits. En mettant en \u0153uvre ce plugin, votre client\u00e8le peut cr\u00e9er et g\u00e9rer efficacement leurs propres listes de souhaits, ainsi que comparer divers produits c\u00f4te \u00e0 c\u00f4te. Cette fonctionnalit\u00e9 inestimable facilite profond\u00e9ment leur capacit\u00e9 \u00e0 atteindre des d\u00e9cisions d&rsquo;achat bien inform\u00e9es. Le plugin lui-m\u00eame s&rsquo;accompagne d&rsquo;une interface \u00e0 la fois conviviale et intuitive, s&rsquo;int\u00e8gre ainsi harmonieusement \u00e0 votre site Web. De plus, il est hautement personnalisable, vous offrant une vaste gamme d&rsquo;options pour adapter la liste de souhaits et comparer les fonctionnalit\u00e9s afin de s&rsquo;harmoniser avec l&rsquo;esth\u00e9tique de votre marque unique. Sans aucun doute, Jet Compare WishList pour Elementor est un outil indispensable pour tout site Web de commerce \u00e9lectronique qui aspire \u00e0 accro\u00eetre l&rsquo;engagement des clients et \u00e0 augmenter concomitamment les ventes.<\/p>\n<ul>\n<li>Simplifie le processus de cr\u00e9ation de listes de souhaits pour votre boutique en ligne avec Elementor.<\/li>\n<li>Permet \u00e0 vos clients de comparer les produits et de prendre des d\u00e9cisions \u00e9clair\u00e9es lors des achats.<\/li>\n<li>INT\u00c9RAGE SEMBLABLEMENT DANS VOTRE CONFIGURATION ELLEMENTOR EX\u00c9CUR\u00c9E, sans avoir besoin d&rsquo;un codage.<\/li>\n<li>Fournit une gamme d&rsquo;options de personnalisation, y compris la mise en page, les informations sur les produits et le style.<\/li>\n<li>Rationalise le parcours d&rsquo;achat, contribuant \u00e0 augmenter les conversions et \u00e0 r\u00e9duire les taux d&rsquo;abandon des chariots.<\/li>\n<li>Offre des analyses et des informations compl\u00e8tes, vous permettant de suivre l&rsquo;activit\u00e9 des utilisateurs et d&rsquo;optimiser votre magasin pour de meilleurs r\u00e9sultats.<\/li>\n<li>Mis \u00e0 jour en continu avec de nouvelles fonctionnalit\u00e9s et am\u00e9liorations, garantissant un support continu et des am\u00e9liorations de performances.<\/li>\n<li>Vous permet de fournir une exp\u00e9rience de magasinage sup\u00e9rieure qui distingue votre magasin de la comp\u00e9tition.<\/li>\n<li>Convient \u00e0 toute boutique en ligne utilisant Elementor, quelle que soit la taille, le cr\u00e9neau ou l&#8217;emplacement.<\/li>\n<li>Livr\u00e9 avec une documentation compl\u00e8te et un support client, assurant une installation et une configuration lisses et sans tracas.<\/li>\n<\/ul>\n","protected":false},"excerpt":{"rendered":"<p>Jet Compare WishList pour Elementor est un outil exceptionnel con\u00e7u sp\u00e9cifiquement dans le but de cr\u00e9er des listes de souhaits hautement personnalis\u00e9es sur votre site Web. Cet outil remarquable offre \u00e0 vos clients estim\u00e9s la commodit\u00e9 et la facilit\u00e9 de pouvoir comparer sans effort divers produits et les ajouter parfaitement \u00e0 leur propre liste de souhaits individualis\u00e9e avec seulement quelques clics. Gr\u00e2ce \u00e0 son interface remarquablement conviviale et intuitive, Jet Compare WishList est en mesure de fournir \u00e0 vos clients pr\u00e9cieux une exp\u00e9rience incroyablement transparente et agr\u00e9able alors qu&rsquo;ils naviguent dans votre vaste gamme de produits de haute qualit\u00e9 et \u00e9conomisent soigneusement leurs articles pr\u00e9f\u00e9r\u00e9s. Que vous exploitiez une boutique en ligne ou une entreprise bas\u00e9e sur les services, les fonctionnalit\u00e9s et fonctionnalit\u00e9s incroyables de Jet Compare WishList sont garantis pour am\u00e9liorer consid\u00e9rablement l&rsquo;engagement des clients et augmenter consid\u00e9rablement les ventes, permettant ainsi \u00e0 votre client\u00e8le exp\u00e9rience. Par cons\u00e9quent, nous vous encourageons fortement \u00e0 saisir cette opportunit\u00e9 remarquable et \u00e0 nous lancer dans le voyage de cr\u00e9ation de comparer \u00e0 couper le souffle comparer les listes de souhaits aujourd&rsquo;hui!<\/p>\n","protected":false},"featured_media":144263,"comment_status":"open","ping_status":"closed","template":"","meta":[],"product_brand":[2576],"product_cat":[1182,1223,1181],"product_tag":[2329],"class_list":{"0":"post-106281","1":"product","2":"type-product","3":"status-publish","4":"has-post-thumbnail","6":"product_brand-crocoblock","7":"product_cat-commerce-electronique-plugins","8":"product_cat-personnalisation-commerce-electronique-plugins","9":"product_cat-plugins","10":"product_tag-crocoblock","11":"member-discount","12":"discount-restricted","14":"first","15":"instock","16":"sale","17":"downloadable","18":"virtual","19":"sold-individually","20":"purchasable","21":"product-type-simple"},"_links":{"self":[{"href":"https:\/\/gpl-love.com\/fr\/wp-json\/wp\/v2\/product\/106281","targetHints":{"allow":["GET"]}}],"collection":[{"href":"https:\/\/gpl-love.com\/fr\/wp-json\/wp\/v2\/product"}],"about":[{"href":"https:\/\/gpl-love.com\/fr\/wp-json\/wp\/v2\/types\/product"}],"replies":[{"embeddable":true,"href":"https:\/\/gpl-love.com\/fr\/wp-json\/wp\/v2\/comments?post=106281"}],"wp:featuredmedia":[{"embeddable":true,"href":"https:\/\/gpl-love.com\/fr\/wp-json\/wp\/v2\/media\/144263"}],"wp:attachment":[{"href":"https:\/\/gpl-love.com\/fr\/wp-json\/wp\/v2\/media?parent=106281"}],"wp:term":[{"taxonomy":"product_brand","embeddable":true,"href":"https:\/\/gpl-love.com\/fr\/wp-json\/wp\/v2\/product_brand?post=106281"},{"taxonomy":"product_cat","embeddable":true,"href":"https:\/\/gpl-love.com\/fr\/wp-json\/wp\/v2\/product_cat?post=106281"},{"taxonomy":"product_tag","embeddable":true,"href":"https:\/\/gpl-love.com\/fr\/wp-json\/wp\/v2\/product_tag?post=106281"}],"curies":[{"name":"wp","href":"https:\/\/api.w.org\/{rel}","templated":true}]}}