{"id":106253,"date":"2026-04-24T00:00:00","date_gmt":"2026-04-23T22:00:00","guid":{"rendered":"http:\/\/gpl-love.com\/fr\/product\/woocommerce-options-du-produit-supplementaire\/"},"modified":"2026-04-24T06:31:04","modified_gmt":"2026-04-24T04:31:04","slug":"woocommerce-extra-product-options","status":"publish","type":"product","link":"https:\/\/gpl-love.com\/fr\/produit\/woocommerce-extra-product-options\/","title":{"rendered":"WooCommerce Extra Product Options 7.5.7"},"content":{"rendered":"<h3>WooCommerce Extra Product Options Traits<\/h3>\n<p>WooCommerce Options de produits suppl\u00e9mentaires sert de plugin tr\u00e8s puissant qui amplifie efficacement la fonction d&rsquo;options de produit de WooCommerce, permettant ainsi aux propri\u00e9taires de magasins de g\u00e9n\u00e9rer sans effort un nombre infini d&rsquo;options pour leurs produits. Au moyen de ce plugin remarquable, vous poss\u00e9dez la possibilit\u00e9 d&rsquo;incorporer une gamme de types d&rsquo;options, y compris, mais sans s&rsquo;y limiter, les cases \u00e0 cocher, les boutons radio, les menus d\u00e9roulants, les zones de texte, les t\u00e9l\u00e9chargements de fichiers et une multitude d&rsquo;autres. De plus, vous avez la libert\u00e9 de configurer des options distinctes pour divers produits et cat\u00e9gories, et m\u00eame fabriquer une logique conditionnelle pour des options sp\u00e9cifiques. En outre, ce plugin poss\u00e8de un niveau de personnalisation exceptionnel et s&rsquo;int\u00e8gre de mani\u00e8re transparente \u00e0 l&rsquo;interface WooCommerce, facilitant ainsi vos efforts dans la gestion de vos options de produit et l&rsquo;augmentation de l&rsquo;exp\u00e9rience d&rsquo;achat globale de votre client\u00e8le estim\u00e9e.<\/p>\n<ul>\n<li>Fournit des options de personnalisation suppl\u00e9mentaires pour les produits dans WooCommerce<\/li>\n<li>Permet l&rsquo;ajout de champs personnalis\u00e9s et d&rsquo;options aux pages de produits<\/li>\n<li>Prend en charge divers types d&rsquo;entr\u00e9e, notamment le texte, la s\u00e9lection, la case \u00e0 cocher et le datepicker<\/li>\n<li>Permet la logique conditionnelle pour afficher les options en fonction des s\u00e9lections d&rsquo;utilisateurs<\/li>\n<li>S&rsquo;int\u00e8gre au processus de paiement WooCommerce de mani\u00e8re transparente<\/li>\n<li>Prend en charge les options mondiales et par produit pour une flexibilit\u00e9 accrue<\/li>\n<li>Compatible avec les constructeurs de pages populaires et les th\u00e8mes pour une int\u00e9gration facile<\/li>\n<li>Fournit une documentation compl\u00e8te et un support pour les utilisateurs<\/li>\n<\/ul>\n","protected":false},"excerpt":{"rendered":"<p>Les options de produits suppl\u00e9mentaires WooCommerce se pr\u00e9sentent comme un plugin robuste et influent, servant de moyen pour les propri\u00e9taires de magasins en ligne d&rsquo;incorporer de mani\u00e8re transparente des champs suppl\u00e9mentaires dans leurs pages de produits WooCommerce. Sa fonctionnalit\u00e9 expansive permet aux utilisateurs de construire des champs de produits sur mesure, s&rsquo;\u00e9tendant sur des options polyvalentes comme les zones de texte, les menus d\u00e9roulants, les cases \u00e0 cocher, les boutons radio et au-del\u00e0. De plus, ce plugin permet l&rsquo;int\u00e9gration transparente des options de produit suppl\u00e9mentaires, englobant les prix, les images et la logique conditionnelle. De fa\u00e7on marqu\u00e9e, ce plugin \u00e9merge comme particuli\u00e8rement avantageux pour les propri\u00e9taires de magasins aspirant \u00e0 offrir \u00e0 leur client\u00e8le estim\u00e9 un multiples options et une personnalisation am\u00e9lior\u00e9e lors de leur parcours d&rsquo;achat en ligne.<\/p>\n","protected":false},"featured_media":145880,"comment_status":"open","ping_status":"closed","template":"","meta":[],"product_brand":[2435],"product_cat":[1183,1182,1181],"product_tag":[1231],"class_list":{"0":"post-106253","1":"product","2":"type-product","3":"status-publish","4":"has-post-thumbnail","6":"product_brand-codecanyon","7":"product_cat-administration","8":"product_cat-commerce-electronique-plugins","9":"product_cat-plugins","10":"product_tag-codecanyon","11":"member-discount","12":"discount-restricted","14":"first","15":"instock","16":"sale","17":"downloadable","18":"virtual","19":"sold-individually","20":"purchasable","21":"product-type-simple"},"_links":{"self":[{"href":"https:\/\/gpl-love.com\/fr\/wp-json\/wp\/v2\/product\/106253","targetHints":{"allow":["GET"]}}],"collection":[{"href":"https:\/\/gpl-love.com\/fr\/wp-json\/wp\/v2\/product"}],"about":[{"href":"https:\/\/gpl-love.com\/fr\/wp-json\/wp\/v2\/types\/product"}],"replies":[{"embeddable":true,"href":"https:\/\/gpl-love.com\/fr\/wp-json\/wp\/v2\/comments?post=106253"}],"wp:featuredmedia":[{"embeddable":true,"href":"https:\/\/gpl-love.com\/fr\/wp-json\/wp\/v2\/media\/145880"}],"wp:attachment":[{"href":"https:\/\/gpl-love.com\/fr\/wp-json\/wp\/v2\/media?parent=106253"}],"wp:term":[{"taxonomy":"product_brand","embeddable":true,"href":"https:\/\/gpl-love.com\/fr\/wp-json\/wp\/v2\/product_brand?post=106253"},{"taxonomy":"product_cat","embeddable":true,"href":"https:\/\/gpl-love.com\/fr\/wp-json\/wp\/v2\/product_cat?post=106253"},{"taxonomy":"product_tag","embeddable":true,"href":"https:\/\/gpl-love.com\/fr\/wp-json\/wp\/v2\/product_tag?post=106253"}],"curies":[{"name":"wp","href":"https:\/\/api.w.org\/{rel}","templated":true}]}}