{"id":106251,"date":"2025-11-06T00:00:00","date_gmt":"2025-11-05T23:00:00","guid":{"rendered":"http:\/\/gpl-love.com\/fr\/product\/woocommerce-produits-comparer\/"},"modified":"2026-04-10T18:48:15","modified_gmt":"2026-04-10T16:48:15","slug":"woocommerce-products-compare","status":"publish","type":"product","link":"https:\/\/gpl-love.com\/fr\/produit\/woocommerce-products-compare\/","title":{"rendered":"WooCommerce Products Compare 1.4.3"},"content":{"rendered":"<h3>WooCommerce Products Compare Traits<\/h3>\n<p>Le plugin WooCommerce Comparez le plugin, sp\u00e9cifiquement con\u00e7u pour les magasins en ligne, vise \u00e0 \u00e9lever l&rsquo;exp\u00e9rience client globale en leur accordant la possibilit\u00e9 de comparer et de contraster m\u00e9ticuleusement une pl\u00e9thore de produits divers qui empirent leur int\u00e9r\u00eat. Ce plugin ing\u00e9nieux propose une interface navigable de mani\u00e8re transparente, permettant aux clients d&rsquo;\u00e9valuer et de juxtaposer m\u00e9ticuleusement une gamme de produits, de prendre en consid\u00e9ration une multitude d&rsquo;attributs distinctifs, par exemple, le prix, les dimensions, les variantes de couleur et d&rsquo;autres facettes pivots. En exploitant la puissance de ce plugin exceptionnel, les clients re\u00e7oivent la capacit\u00e9 inestimable pour prendre des d\u00e9cisions d&rsquo;achat bien inform\u00e9es et judicieuses, catapultant finalement les chiffres de ventes \u00e0 des hauteurs sans pr\u00e9c\u00e9dent et en favorisant des niveaux de satisfaction des clients sans pr\u00e9c\u00e9dent. En outre, le plugin WooCommerce Products Compare est r\u00e9put\u00e9 pour sa simplicit\u00e9 inh\u00e9rente en termes d&rsquo;installation et de personnalisation, ce qui en fait une solution exemplaire pour les entreprises de commerce \u00e9lectronique aspirant \u00e0 augmenter les prouesses fonctionnelles de leurs magasins virtuels.<\/p>\n<ul>\n<li>Permet aux clients de comparer plusieurs produits sur votre boutique WooCommerce<\/li>\n<li>Interface simple et conviviale pour des comparaisons faciles<\/li>\n<li>Affiche les caract\u00e9ristiques cl\u00e9s du produit c\u00f4te \u00e0 c\u00f4te pour une comparaison facile<\/li>\n<li>Peut \u00eatre facilement personnalis\u00e9 pour correspondre \u00e0 l&rsquo;apparence de votre site Web<\/li>\n<li>Augmente l&rsquo;engagement des clients et le temps pass\u00e9 sur votre site Web<\/li>\n<li>Aide les clients \u00e0 prendre des d\u00e9cisions d&rsquo;achat \u00e9clair\u00e9es<\/li>\n<li>Prend en charge tous les types de produits, y compris les produits variables<\/li>\n<li>Compatible avec la plupart des th\u00e8mes et plugins WooCommerce<\/li>\n<li>Conception adapt\u00e9e aux mobiles pour une exp\u00e9rience transparente \u00e0 travers les appareils<\/li>\n<li>Gave le temps et am\u00e9liore l&rsquo;exp\u00e9rience d&rsquo;achat de vos clients<\/li>\n<\/ul>\n","protected":false},"excerpt":{"rendered":"<p>WooCommerce Products Compare, un outil tr\u00e8s convivial, pr\u00e9sente la possibilit\u00e9 aux clients de comparer facilement plusieurs produits de mani\u00e8re c\u00f4te \u00e0 c\u00f4te, facilitant ainsi leur capacit\u00e9 \u00e0 prendre des d\u00e9cisions bien inform\u00e9es en mati\u00e8re d&rsquo;achat. Lors de l&rsquo;int\u00e9gration de ce plugin dans votre site WooCommerce, les clients acqui\u00e8rent la possibilit\u00e9 d&rsquo;\u00e9valuer et de \u00e9valuer rapidement et rapidement des facteurs cruciaux tels que les caract\u00e9ristiques des produits, les prix et d&rsquo;autres d\u00e9tails importants. Cet outil exceptionnellement complet poss\u00e8de un \u00e9ventail de fonctionnalit\u00e9s, y compris une table de comparaison enti\u00e8rement personnalisable, un chargement bas\u00e9 sur l&rsquo;Ajax sans faille, des options de filtre polyvalente et une abondance de fonctionnalit\u00e9s suppl\u00e9mentaires. En incorporant les produits WooCommerce se comparez \u00e0 votre plateforme d&rsquo;achat en ligne, vous pouvez am\u00e9liorer consid\u00e9rablement l&rsquo;exp\u00e9rience d&rsquo;achat globale de votre client\u00e8le estim\u00e9e tout en g\u00e9n\u00e9rant simultan\u00e9ment des ventes et des revenus plus importants.<\/p>\n","protected":false},"featured_media":145999,"comment_status":"open","ping_status":"closed","template":"","meta":[],"product_brand":[2440],"product_cat":[1183,1182,1181],"product_tag":[1398],"class_list":{"0":"post-106251","1":"product","2":"type-product","3":"status-publish","4":"has-post-thumbnail","6":"product_brand-woocommerce","7":"product_cat-administration","8":"product_cat-commerce-electronique-plugins","9":"product_cat-plugins","10":"product_tag-woocommerce","11":"member-discount","12":"discount-restricted","14":"first","15":"instock","16":"sale","17":"downloadable","18":"virtual","19":"sold-individually","20":"purchasable","21":"product-type-simple"},"_links":{"self":[{"href":"https:\/\/gpl-love.com\/fr\/wp-json\/wp\/v2\/product\/106251","targetHints":{"allow":["GET"]}}],"collection":[{"href":"https:\/\/gpl-love.com\/fr\/wp-json\/wp\/v2\/product"}],"about":[{"href":"https:\/\/gpl-love.com\/fr\/wp-json\/wp\/v2\/types\/product"}],"replies":[{"embeddable":true,"href":"https:\/\/gpl-love.com\/fr\/wp-json\/wp\/v2\/comments?post=106251"}],"wp:featuredmedia":[{"embeddable":true,"href":"https:\/\/gpl-love.com\/fr\/wp-json\/wp\/v2\/media\/145999"}],"wp:attachment":[{"href":"https:\/\/gpl-love.com\/fr\/wp-json\/wp\/v2\/media?parent=106251"}],"wp:term":[{"taxonomy":"product_brand","embeddable":true,"href":"https:\/\/gpl-love.com\/fr\/wp-json\/wp\/v2\/product_brand?post=106251"},{"taxonomy":"product_cat","embeddable":true,"href":"https:\/\/gpl-love.com\/fr\/wp-json\/wp\/v2\/product_cat?post=106251"},{"taxonomy":"product_tag","embeddable":true,"href":"https:\/\/gpl-love.com\/fr\/wp-json\/wp\/v2\/product_tag?post=106251"}],"curies":[{"name":"wp","href":"https:\/\/api.w.org\/{rel}","templated":true}]}}