{"id":106249,"date":"2025-10-14T00:00:00","date_gmt":"2025-10-13T22:00:00","guid":{"rendered":"http:\/\/gpl-love.com\/fr\/product\/woocommerce-360-%e2%80%8b%e2%80%8bimages\/"},"modified":"2026-03-20T23:44:10","modified_gmt":"2026-03-20T22:44:10","slug":"woocommerce-360-image","status":"publish","type":"product","link":"https:\/\/gpl-love.com\/fr\/produit\/woocommerce-360-image\/","title":{"rendered":"WooCommerce 360 Degree Image 1.4.2"},"content":{"rendered":"<h3>WooCommerce 360 Degree Image Traits<\/h3>\n<p>Le plugin d&rsquo;image WooCommerce 360 \u200b\u200boffre une fonctionnalit\u00e9 remarquablement robuste, vous permettant d&rsquo;incorporer sans effort des images interactives \u00e0 360 degr\u00e9s dans vos pages de produits WooCommerce. En tirant parti des capacit\u00e9s de ce plugin, vous pouvez g\u00e9n\u00e9rer sans effort des visualisations de produits captivantes visuellement qui accordent \u00e0 vos clients estim\u00e9s une perspective globale de votre marchandise sous tous les angles imaginables. Ce qui distingue ce plugin, c&rsquo;est sa facilit\u00e9 d&rsquo;utilisation et son int\u00e9gration transparente avec votre magasin WooCommerce, assurant une exp\u00e9rience plus rationalis\u00e9e et sans tracas. En outre, il b\u00e9n\u00e9ficie d&rsquo;une compatibilit\u00e9 compl\u00e8te avec tous les formats d&rsquo;images majeurs, vous offrant la flexibilit\u00e9 de travailler avec le format qui convient le mieux \u00e0 vos besoins. De plus, le plugin vous permet de personnaliser l&rsquo;esth\u00e9tique du spectateur \u00e0 360 degr\u00e9s, l&rsquo;harmonisation ainsi avec votre image de marque et l&rsquo;\u00e9tablissement d&rsquo;une identit\u00e9 visuelle coh\u00e9sive. En incorporant le plugin d&rsquo;image WooCommerce 360 \u200b\u200bdans votre plate-forme de commerce \u00e9lectronique, vous pouvez augmenter l&rsquo;attrait de vos pages de produits, cultivant ainsi un voyage d&rsquo;achat plus immersif et plus engageant pour votre client\u00e8le estim\u00e9e.<\/p>\n<ul>\n<li>Un plugin pour WooCommerce qui permet l&rsquo;affichage d&rsquo;images de produit \u00e0 360 degr\u00e9s.<\/li>\n<li>Exp\u00e9rience de visualisation interactive pour les clients, leur permettant d&rsquo;examiner le produit sous tous les angles.<\/li>\n<li>Int\u00e9gration facile avec les sites Web WooCommerce existants, aucun codage suppl\u00e9mentaire requis.<\/li>\n<li>Prend en charge plusieurs formats d&rsquo;image, notamment JPEG, PNG et GIF.<\/li>\n<li>Option pour personnaliser les param\u00e8tres d&rsquo;affichage tels que la vitesse de rotation et la direction.<\/li>\n<li>Conception adapt\u00e9e aux mobiles pour une visualisation transparente sur les smartphones et les tablettes.<\/li>\n<li>Am\u00e9liore l&rsquo;exp\u00e9rience utilisateur globale et augmente l&rsquo;engagement avec le produit.<\/li>\n<li>Augmente les ventes en offrant aux clients une vision plus r\u00e9aliste et immersive du produit.<\/li>\n<li>Compatible avec une large gamme de produits, des v\u00eatements et des accessoires aux \u00e9lectroniques et aux articles de maison.<\/li>\n<li>Documentation compl\u00e8te et prise en charge disponibles pour l&rsquo;installation et le d\u00e9pannage.<\/li>\n<\/ul>\n","protected":false},"excerpt":{"rendered":"<p>Le plugin d&rsquo;image WooCommerce 360 \u200b\u200bs&rsquo;av\u00e8re \u00eatre un outil extr\u00eamement pratique et pr\u00e9cieux, car il vous accorde la possibilit\u00e9 de montrer vos produits d&rsquo;une mani\u00e8re qui captive et engage votre public. Gr\u00e2ce \u00e0 ce plugin ing\u00e9nieux, vous \u00eates autoris\u00e9 \u00e0 t\u00e9l\u00e9charger et pr\u00e9senter des images rotatives \u00e0 360 degr\u00e9s de vos produits, offrant ainsi \u00e0 vos clients l&rsquo;occasion de se livrer \u00e0 une inspection compl\u00e8tement compl\u00e8te et d\u00e9taill\u00e9e de chaque angle, texture et fonction complexe, et complex poss\u00e8de. Ce plugin remarquable est particuli\u00e8rement bien adapt\u00e9 pour les entreprises sp\u00e9cialis\u00e9es dans le d\u00e9tail des v\u00eatements \u00e0 la mode, des bijoux exquis, des meubles luxueux et d&rsquo;innombrables autres offres similaires. En utilisant le plugin d&rsquo;image WooCommerce 360, vous permettrez \u00e0 votre client\u00e8le estim\u00e9 de savourer une exp\u00e9rience d&rsquo;achat vraiment d\u00e9licieuse et immersive, conduisant \u00e0 une augmentation substantielle de vos chiffres de vente globaux.<\/p>\n","protected":false},"featured_media":145787,"comment_status":"open","ping_status":"closed","template":"","meta":[],"product_brand":[2440],"product_cat":[1182,1223,1181],"product_tag":[1398],"class_list":{"0":"post-106249","1":"product","2":"type-product","3":"status-publish","4":"has-post-thumbnail","6":"product_brand-woocommerce","7":"product_cat-commerce-electronique-plugins","8":"product_cat-personnalisation-commerce-electronique-plugins","9":"product_cat-plugins","10":"product_tag-woocommerce","11":"member-discount","12":"discount-restricted","14":"first","15":"instock","16":"sale","17":"downloadable","18":"virtual","19":"sold-individually","20":"purchasable","21":"product-type-simple"},"_links":{"self":[{"href":"https:\/\/gpl-love.com\/fr\/wp-json\/wp\/v2\/product\/106249","targetHints":{"allow":["GET"]}}],"collection":[{"href":"https:\/\/gpl-love.com\/fr\/wp-json\/wp\/v2\/product"}],"about":[{"href":"https:\/\/gpl-love.com\/fr\/wp-json\/wp\/v2\/types\/product"}],"replies":[{"embeddable":true,"href":"https:\/\/gpl-love.com\/fr\/wp-json\/wp\/v2\/comments?post=106249"}],"wp:featuredmedia":[{"embeddable":true,"href":"https:\/\/gpl-love.com\/fr\/wp-json\/wp\/v2\/media\/145787"}],"wp:attachment":[{"href":"https:\/\/gpl-love.com\/fr\/wp-json\/wp\/v2\/media?parent=106249"}],"wp:term":[{"taxonomy":"product_brand","embeddable":true,"href":"https:\/\/gpl-love.com\/fr\/wp-json\/wp\/v2\/product_brand?post=106249"},{"taxonomy":"product_cat","embeddable":true,"href":"https:\/\/gpl-love.com\/fr\/wp-json\/wp\/v2\/product_cat?post=106249"},{"taxonomy":"product_tag","embeddable":true,"href":"https:\/\/gpl-love.com\/fr\/wp-json\/wp\/v2\/product_tag?post=106249"}],"curies":[{"name":"wp","href":"https:\/\/api.w.org\/{rel}","templated":true}]}}