{"id":106247,"date":"2022-02-11T00:00:00","date_gmt":"2022-02-10T23:00:00","guid":{"rendered":"http:\/\/gpl-love.com\/fr\/product\/woocommerce-points-et-des-recompenses-plugin-wordpress\/"},"modified":"2026-03-20T22:57:25","modified_gmt":"2026-03-20T21:57:25","slug":"woocommerce-points-and-rewards-wordpress-plugin","status":"publish","type":"product","link":"https:\/\/gpl-love.com\/fr\/produit\/woocommerce-points-and-rewards-wordpress-plugin\/","title":{"rendered":"Bravo WooCommerce Points et Rewards Wordpress Plugin 2.2.8"},"content":{"rendered":"<h3>Bravo WooCommerce Points et Rewards Wordpress Plugin Traits<\/h3>\n<p>Le plugin Bravo WooCommerce et r\u00e9compense WordPress, r\u00e9put\u00e9 pour ses fonctionnalit\u00e9s robustes, pr\u00e9sente une formidable solution pour stimuler l&rsquo;engagement client gr\u00e2ce \u00e0 la fourniture de points de fid\u00e9lit\u00e9 et de r\u00e9compenses. En tirant parti de ce plugin de pointe, vous avez la possibilit\u00e9 de satisfaire vos clients estim\u00e9s non seulement pour leurs achats, mais aussi pour leurs r\u00e9f\u00e9rences inestimables, les partages de m\u00e9dias sociaux remarquables et une pl\u00e9thore d&rsquo;autres actions louables. De plus, ce plugin s&rsquo;accompagne d&rsquo;un processus d&rsquo;installation et de configuration sans tracas, vous permettant de vous lancer rapidement dans la personnalisation du programme de r\u00e9compenses conform\u00e9ment aux exigences sp\u00e9cifiques de votre entreprise. D\u00e9couvrez la libert\u00e9 d&rsquo;\u00e9tablir un assortiment de niveaux de r\u00e9compense, de d\u00e9signer des dates d&rsquo;expiration et de s\u00e9lectionner parmi une myriade d&rsquo;options de rachat, favorisant ainsi la fid\u00e9lit\u00e9 in\u00e9branlable et assurant une satisfaction optimale des clients. Gr\u00e2ce \u00e0 l&rsquo;utilisation des points et des r\u00e9compenses de Bravo WooCommerce, une augmentation marqu\u00e9e des taux de r\u00e9tention de la client\u00e8le, une augmentation notable des chiffres des ventes et une escalade sans pr\u00e9c\u00e9dent de la g\u00e9n\u00e9ration de revenus sont pr\u00eate \u00e0 devenir des composants int\u00e9graux de la r\u00e9ussite de votre entreprise.<\/p>\n<ul>\n<li>Fournit un syst\u00e8me de points et de r\u00e9compenses pour les magasins WooCommerce<\/li>\n<li>Permet aux propri\u00e9taires de magasins de d\u00e9finir le nombre de points que les clients gagnent par dollar d\u00e9pens\u00e9s<\/li>\n<li>Permet aux propri\u00e9taires de magasins de d\u00e9finir le taux de conversion pour pointer des dollars<\/li>\n<li>Fournit aux clients une vue claire de leur solde de points et du nombre de points dont ils ont besoin pour gagner une r\u00e9compense<\/li>\n<li>Offre une vari\u00e9t\u00e9 d&rsquo;options de r\u00e9compense, y compris des remises, des produits gratuits et une livraison gratuite<\/li>\n<li>Permet aux propri\u00e9taires de magasins de fixer des dates d&rsquo;expiration pour les points et les r\u00e9compenses<\/li>\n<li>Fournit des rapports et des analyses d\u00e9taill\u00e9s qui montrent combien de points et de r\u00e9compenses ont \u00e9t\u00e9 gagn\u00e9s et \u00e9chang\u00e9s au fil du temps<\/li>\n<li>Offre une vari\u00e9t\u00e9 d&rsquo;options de personnalisation, y compris la possibilit\u00e9 de personnaliser les points et r\u00e9compenses que les clients voient<\/li>\n<li>S&rsquo;int\u00e8gre parfaitement \u00e0 WooCommerce et WordPress, ce qui facilite la configuration et la gestion<\/li>\n<li>Fournit un excellent support client et documentation pour aider les propri\u00e9taires de magasin \u00e0 tirer le meilleur parti du plugin.<\/li>\n<\/ul>\n","protected":false},"excerpt":{"rendered":"<p>D\u00e9couvrez la strat\u00e9gie de r\u00e9tention de la client\u00e8le ultime avec Bravo WooCommerce Points et r\u00e9compense le plugin WordPress. Cette solution innovante est con\u00e7ue de mani\u00e8re experte pour que les utilisateurs de WordPress fournissent un programme de fid\u00e9lisation client robuste et engageant. En offrant des points et des r\u00e9compenses, il encourage les affaires r\u00e9p\u00e9t\u00e9es et am\u00e9liore l&rsquo;engagement des clients.<\/p>\n<p>Le plugin est parfaitement int\u00e9gr\u00e9 \u00e0 WooCommerce, l&rsquo;une des plates-formes de commerce \u00e9lectronique les plus populaires. Cela rend incroyablement facile pour les propri\u00e9taires de magasins en ligne de g\u00e9rer et de suivre les points des clients. Avec une interface conviviale, vous pouvez ajuster sans effort les param\u00e8tres de r\u00e9compense, surveiller les transactions ponctuelles et personnaliser les taux de conversion ponctuelle.<\/p>\n<p>Le plugin Bravo Points and Rewards propose \u00e9galement un syst\u00e8me automatis\u00e9 pour attribuer des points aux clients en fonction de leurs achats, avis, inscriptions, r\u00e9f\u00e9rences, etc. Cela garantit un syst\u00e8me de r\u00e9compense juste et transparent qui peut \u00eatre facilement compris par vos clients.<\/p>\n<p>De plus, ce plugin WordPress permet \u00e9galement aux clients d&rsquo;\u00e9changer leurs points lors du d\u00e9part, ce qui rend une exp\u00e9rience d&rsquo;achat plus fluide et plus enrichissante.<\/p>\n<p>En conclusion, le plugin Bravo WooCommerce Points and Rewards WordPress est un outil inestimable pour augmenter<\/p>\n","protected":false},"featured_media":143315,"comment_status":"open","ping_status":"closed","template":"","meta":[],"product_brand":[2435],"product_cat":[1200,1182,1181],"product_tag":[1231],"class_list":{"0":"post-106247","1":"product","2":"type-product","3":"status-publish","4":"has-post-thumbnail","6":"product_brand-codecanyon","7":"product_cat-commercialisation","8":"product_cat-commerce-electronique-plugins","9":"product_cat-plugins","10":"product_tag-codecanyon","11":"member-discount","12":"discount-restricted","14":"first","15":"instock","16":"sale","17":"downloadable","18":"virtual","19":"sold-individually","20":"purchasable","21":"product-type-simple"},"_links":{"self":[{"href":"https:\/\/gpl-love.com\/fr\/wp-json\/wp\/v2\/product\/106247","targetHints":{"allow":["GET"]}}],"collection":[{"href":"https:\/\/gpl-love.com\/fr\/wp-json\/wp\/v2\/product"}],"about":[{"href":"https:\/\/gpl-love.com\/fr\/wp-json\/wp\/v2\/types\/product"}],"replies":[{"embeddable":true,"href":"https:\/\/gpl-love.com\/fr\/wp-json\/wp\/v2\/comments?post=106247"}],"wp:featuredmedia":[{"embeddable":true,"href":"https:\/\/gpl-love.com\/fr\/wp-json\/wp\/v2\/media\/143315"}],"wp:attachment":[{"href":"https:\/\/gpl-love.com\/fr\/wp-json\/wp\/v2\/media?parent=106247"}],"wp:term":[{"taxonomy":"product_brand","embeddable":true,"href":"https:\/\/gpl-love.com\/fr\/wp-json\/wp\/v2\/product_brand?post=106247"},{"taxonomy":"product_cat","embeddable":true,"href":"https:\/\/gpl-love.com\/fr\/wp-json\/wp\/v2\/product_cat?post=106247"},{"taxonomy":"product_tag","embeddable":true,"href":"https:\/\/gpl-love.com\/fr\/wp-json\/wp\/v2\/product_tag?post=106247"}],"curies":[{"name":"wp","href":"https:\/\/api.w.org\/{rel}","templated":true}]}}