{"id":106245,"date":"2026-05-09T00:00:00","date_gmt":"2026-05-08T22:00:00","guid":{"rendered":"http:\/\/gpl-love.com\/fr\/product\/seopress-pro\/"},"modified":"2026-05-09T00:30:43","modified_gmt":"2026-05-08T22:30:43","slug":"seopress-pro","status":"publish","type":"product","link":"https:\/\/gpl-love.com\/fr\/produit\/seopress-pro\/","title":{"rendered":"SEOPress Pro 9.8.4"},"content":{"rendered":"<h3>SEOPress Pro Traits<\/h3>\n<p>Seopress Pro, un plugin tr\u00e8s robuste sp\u00e9cifiquement con\u00e7u pour les sites Web WordPress, propose un \u00e9ventail de fonctionnalit\u00e9s qui contribuent \u00e0 l&rsquo;optimisation et \u00e0 l&rsquo;am\u00e9lioration des classements des moteurs de recherche. Ce plugin remarquable comprend un vaste r\u00e9pertoire de fonctionnalit\u00e9s, y compris, mais sans s&rsquo;y limiter, la g\u00e9n\u00e9ration de sitemap XML, l&rsquo;int\u00e9gration transparente avec les plateformes de m\u00e9dias sociaux, l&rsquo;analyse de pointe, ainsi que le support complet des extraits riches en Google. En exploitant la puissance de Seopress Pro, les utilisateurs peuvent sans effort affiner le contenu de leur site Web, surveiller avec diligence leur classement et augmenter consid\u00e9rablement leur visibilit\u00e9 dans la vaste \u00e9tendue des pages de r\u00e9sultats des moteurs de recherche. Que l&rsquo;on se trouve \u00eatre un entrepreneur en charge d&rsquo;une petite entreprise commerciale, d&rsquo;un blogueur passionn\u00e9 ou d&rsquo;un sp\u00e9cialiste du marketing num\u00e9rique chevronn\u00e9, l&rsquo;indispensabilit\u00e9 de Seopress Pro en tant qu&rsquo;outil visant \u00e0 am\u00e9liorer les performances de r\u00e9f\u00e9rencement de son site Web ne peut tout simplement pas \u00eatre surestim\u00e9e.<\/p>\n<ul>\n<li>Plugin avanc\u00e9 pour WordPress qui aide \u00e0 optimiser votre site Web pour les moteurs de recherche<\/li>\n<li>Interface facile \u00e0 utiliser pour les d\u00e9butants et les professionnels<\/li>\n<li>Permet de personnaliser des titres, des descriptions et des \u00e9tiquettes de m\u00e9ta pour un meilleur classement des moteurs de recherche<\/li>\n<li>Offre une analyse compl\u00e8te du r\u00e9f\u00e9rencement de votre site, y compris la recherche de mots cl\u00e9s et la gestion des backlinks<\/li>\n<li>Aide \u00e0 int\u00e9grer les plateformes de m\u00e9dias sociaux \u00e0 votre site Web pour une exposition maximale<\/li>\n<li>Offre des capacit\u00e9s de balisage de sch\u00e9ma pour am\u00e9liorer les r\u00e9sultats de la recherche et am\u00e9liorer les taux de clics<\/li>\n<li>Fournit des rapports et des analyses d\u00e9taill\u00e9es pour surveiller les performances du moteur de recherche de votre site<\/li>\n<li>Offre un soutien complet et des mises \u00e0 jour r\u00e9guli\u00e8res pour rester \u00e0 jour avec les derni\u00e8res tendances du r\u00e9f\u00e9rencement.<\/li>\n<\/ul>\n","protected":false},"excerpt":{"rendered":"<p>Seopress Pro, un plugin de r\u00e9f\u00e9rencement hautement sophistiqu\u00e9 sp\u00e9cialement con\u00e7u pour les sites Web WordPress, pr\u00e9sente une vaste gamme de fonctions visant \u00e0 am\u00e9liorer la visibilit\u00e9 du site Web et le renforcement des classements sur les moteurs de recherche, y compris le c\u00e9l\u00e8bre Google. Arm\u00e9s de Seopress Pro, les propri\u00e9taires de sites Web peuvent affiner sans effort, les \u00e9tiquettes de m\u00e9ta et les images, g\u00e9n\u00e9rer des sitemaps XML et HTML, g\u00e9rer efficacement les redirectes, et bien plus encore. Notamment, cet outil remarquable poss\u00e8de une interface conviviale et une conception intuitivement con\u00e7ue, le rendant accessible et navigable pour les n\u00e9ophytes et les utilisateurs assaisonn\u00e9s. En fin de compte, Seopress Pro sert un atout inestimable dans la poursuite implacable des performances optimales de r\u00e9f\u00e9rencement, augmentant efficacement le trafic organique et propulsant les sites Web \u00e0 des hauteurs de r\u00e9ussite.<\/p>\n","protected":false},"featured_media":145223,"comment_status":"open","ping_status":"closed","template":"","meta":[],"product_brand":[2653],"product_cat":[1181,1335,1186],"product_tag":[1345],"class_list":{"0":"post-106245","1":"product","2":"type-product","3":"status-publish","4":"has-post-thumbnail","6":"product_brand-seo-press","7":"product_cat-plugins","8":"product_cat-seo","9":"product_cat-wordpress-plugins","10":"product_tag-seo-press","11":"member-discount","12":"discount-restricted","14":"first","15":"instock","16":"sale","17":"downloadable","18":"virtual","19":"sold-individually","20":"purchasable","21":"product-type-simple"},"_links":{"self":[{"href":"https:\/\/gpl-love.com\/fr\/wp-json\/wp\/v2\/product\/106245","targetHints":{"allow":["GET"]}}],"collection":[{"href":"https:\/\/gpl-love.com\/fr\/wp-json\/wp\/v2\/product"}],"about":[{"href":"https:\/\/gpl-love.com\/fr\/wp-json\/wp\/v2\/types\/product"}],"replies":[{"embeddable":true,"href":"https:\/\/gpl-love.com\/fr\/wp-json\/wp\/v2\/comments?post=106245"}],"wp:featuredmedia":[{"embeddable":true,"href":"https:\/\/gpl-love.com\/fr\/wp-json\/wp\/v2\/media\/145223"}],"wp:attachment":[{"href":"https:\/\/gpl-love.com\/fr\/wp-json\/wp\/v2\/media?parent=106245"}],"wp:term":[{"taxonomy":"product_brand","embeddable":true,"href":"https:\/\/gpl-love.com\/fr\/wp-json\/wp\/v2\/product_brand?post=106245"},{"taxonomy":"product_cat","embeddable":true,"href":"https:\/\/gpl-love.com\/fr\/wp-json\/wp\/v2\/product_cat?post=106245"},{"taxonomy":"product_tag","embeddable":true,"href":"https:\/\/gpl-love.com\/fr\/wp-json\/wp\/v2\/product_tag?post=106245"}],"curies":[{"name":"wp","href":"https:\/\/api.w.org\/{rel}","templated":true}]}}