{"id":106243,"date":"2026-04-30T00:00:00","date_gmt":"2026-04-29T22:00:00","guid":{"rendered":"http:\/\/gpl-love.com\/fr\/product\/projecthuddle-un-plugin-wordpress-pour-le-site-web-et-design-communication\/"},"modified":"2026-05-01T06:30:49","modified_gmt":"2026-05-01T04:30:49","slug":"projecthuddle-a-wordpress-plugin-for-website-and-design-communication","status":"publish","type":"product","link":"https:\/\/gpl-love.com\/fr\/produit\/projecthuddle-a-wordpress-plugin-for-website-and-design-communication\/","title":{"rendered":"ProjectHuddle A WordPress plugin pour website et design communication 4.9.3"},"content":{"rendered":"<h3>ProjectHuddle A WordPress plugin pour website et design communication Traits<\/h3>\n<p>ProJecthuddle, un plugin WordPress exceptionnel, a \u00e9t\u00e9 sp\u00e9cifiquement d\u00e9velopp\u00e9 pour am\u00e9liorer la communication dans les efforts de sites Web et de conception. Avec ses fonctionnalit\u00e9s transparentes, cet outil nourrit efficacement la collaboration entre les propri\u00e9taires de sites Web, les concepteurs et les clients. B\u00e9n\u00e9ficiant d&rsquo;une vaste gamme de fonctionnalit\u00e9s, telles que le balisage en temps r\u00e9el, la marque personnalis\u00e9e et les commentaires dans le contexte, ProJecthuddle simplifie le processus de communication complexe en fournissant aux utilisateurs les moyens de partager sans effort des conceptions, des images et des documents. De plus, il permet aux utilisateurs de suivre m\u00e9ticuleusement les progr\u00e8s du projet tout en restant constamment mis \u00e0 jour sur les derni\u00e8res modifications. Sans aucun doute, ProJecthuddle est un atout indispensable pour les personnes qui aspirent \u00e0 rationaliser le processus de conception et \u00e0 favoriser une communication am\u00e9lior\u00e9e au sein de leur \u00e9quipe.<\/p>\n<ul>\n<li>Int\u00e9grer de mani\u00e8re transparente le site Web et la conception des commentaires directement dans votre site WordPress<\/li>\n<li>Syst\u00e8me de commentaires et d&rsquo;annotation intuitifs pour identifier des domaines sp\u00e9cifiques de pr\u00e9occupation ou de louanges<\/li>\n<li>G\u00e9rer plusieurs projets et membres de l&rsquo;\u00e9quipe avec facilit\u00e9<\/li>\n<li>Collaborez avec les clients et les coll\u00e8gues en temps r\u00e9el, sans jamais quitter votre site Web<\/li>\n<li>Rationaliser la communication et \u00e9liminer la confusion avec tous les commentaires dans un emplacement centralis\u00e9<\/li>\n<li>Options de marque et de messagerie personnalisables pour une touche professionnelle et personnalis\u00e9e<\/li>\n<li>Alimenter la productivit\u00e9 et gagner du temps avec des notifications automatis\u00e9es et des fonctionnalit\u00e9s de gestion des t\u00e2ches<\/li>\n<li>L&rsquo;interface conviviale n\u00e9cessite une formation minimale et aucune exp\u00e9rience de codage<\/li>\n<li>Le syst\u00e8me s\u00e9curis\u00e9 et bas\u00e9 sur le cloud garantit que toutes les donn\u00e9es sont prot\u00e9g\u00e9es et accessibles de n&rsquo;importe o\u00f9<\/li>\n<li>Des plans de prix abordables et flexibles pour s&rsquo;adapter aux entreprises de toute taille ou budget.<\/li>\n<\/ul>\n","protected":false},"excerpt":{"rendered":"<p>ProJecthuddle, un plugin incroyablement robuste pour WordPress, a \u00e9t\u00e9 ing\u00e9nieusement con\u00e7u pour transformer compl\u00e8tement le domaine du site Web et de la communication de conception. Cet outil incroyablement pratique permet aux concepteurs et aux clients de collaborer sans effort et efficacement, facilitant ainsi la rationalisation du processus d&rsquo;examen et de r\u00e9troaction. L&rsquo;intuitivit\u00e9 et la convivialit\u00e9 des projets sont vraiment sans pr\u00e9c\u00e9dent, pr\u00e9sentant une plate-forme de communication in\u00e9gal\u00e9e qui s&rsquo;adresse de mani\u00e8re transparente aux projets de site Web de toutes les \u00e9tendues et \u00e9chelles. Adieu aux canaux de communication lourds et alambiqu\u00e9s, et embrassez de tout c\u0153ur le monde remarquable de la collaboration transparente que projette offre gracieusement.<\/p>\n","protected":false},"featured_media":145031,"comment_status":"open","ping_status":"closed","template":"","meta":[],"product_brand":[2462],"product_cat":[1189,1181,1186],"product_tag":[2349],"class_list":{"0":"post-106243","1":"product","2":"type-product","3":"status-publish","4":"has-post-thumbnail","6":"product_brand-brainstorm-force","7":"product_cat-personnalisation","8":"product_cat-plugins","9":"product_cat-wordpress-plugins","10":"product_tag-brainstorm-force","11":"member-discount","12":"discount-restricted","14":"first","15":"instock","16":"sale","17":"downloadable","18":"virtual","19":"sold-individually","20":"purchasable","21":"product-type-simple"},"_links":{"self":[{"href":"https:\/\/gpl-love.com\/fr\/wp-json\/wp\/v2\/product\/106243","targetHints":{"allow":["GET"]}}],"collection":[{"href":"https:\/\/gpl-love.com\/fr\/wp-json\/wp\/v2\/product"}],"about":[{"href":"https:\/\/gpl-love.com\/fr\/wp-json\/wp\/v2\/types\/product"}],"replies":[{"embeddable":true,"href":"https:\/\/gpl-love.com\/fr\/wp-json\/wp\/v2\/comments?post=106243"}],"wp:featuredmedia":[{"embeddable":true,"href":"https:\/\/gpl-love.com\/fr\/wp-json\/wp\/v2\/media\/145031"}],"wp:attachment":[{"href":"https:\/\/gpl-love.com\/fr\/wp-json\/wp\/v2\/media?parent=106243"}],"wp:term":[{"taxonomy":"product_brand","embeddable":true,"href":"https:\/\/gpl-love.com\/fr\/wp-json\/wp\/v2\/product_brand?post=106243"},{"taxonomy":"product_cat","embeddable":true,"href":"https:\/\/gpl-love.com\/fr\/wp-json\/wp\/v2\/product_cat?post=106243"},{"taxonomy":"product_tag","embeddable":true,"href":"https:\/\/gpl-love.com\/fr\/wp-json\/wp\/v2\/product_tag?post=106243"}],"curies":[{"name":"wp","href":"https:\/\/api.w.org\/{rel}","templated":true}]}}