{"id":106239,"date":"2026-03-16T00:00:00","date_gmt":"2026-03-15T23:00:00","guid":{"rendered":"http:\/\/gpl-love.com\/fr\/product\/artefacts-et\/"},"modified":"2026-03-20T23:00:28","modified_gmt":"2026-03-20T22:00:28","slug":"deblocker","status":"publish","type":"product","link":"https:\/\/gpl-love.com\/fr\/produit\/deblocker\/","title":{"rendered":"DeBlocker Anti AdBlock pour Wordpress 3.4.12"},"content":{"rendered":"<h3>DeBlocker Anti AdBlock pour Wordpress Traits<\/h3>\n<p>DeBlocker Anti Adblock est un plugin tr\u00e8s efficace et puissant sp\u00e9cifiquement adapt\u00e9 \u00e0 WordPress, rendant une assistance inestimable aux propri\u00e9taires de sites Web en \u00e9luant effectivement les embrayages des extensions Adblock et en servant avec succ\u00e8s des publicit\u00e9s \u00e0 leurs visiteurs estim\u00e9s. Ce plugin remarquable a \u00e9t\u00e9 m\u00e9ticuleusement con\u00e7u dans le seul objectif de contrecarrer les capacit\u00e9s de blocage de l&rsquo;ADBlock, augmentant ainsi les sources de revenus de ces propri\u00e9taires de sites Web. DeBlocker Anti Adblock met en \u0153uvre un \u00e9ventail complet de techniques sophistiqu\u00e9es afin d&rsquo;identifier et de d\u00e9tecter avec succ\u00e8s la pr\u00e9sence d&rsquo;extensions ADBlock, tout en s&rsquo;int\u00e9grant de mani\u00e8re transparente \u00e0 divers formats d&rsquo;annonces tels que Google Adsense, les publicit\u00e9s d&rsquo;achat indig\u00e8nes d&rsquo;Amazon et bien d&rsquo;autres. Le processus d&rsquo;installation de ce plugin est incroyablement simple et sans effort, et il offre en outre des rapports informatifs et complets d\u00e9taillant les annonces qui ont \u00e9t\u00e9 bloqu\u00e9es et les mod\u00e8les de comportement pr\u00e9sent\u00e9s par les visiteurs. En utilisant les capacit\u00e9s extraordinaires de DeBlocker Anti Adblock, les propri\u00e9taires de sites Web peuvent s&rsquo;assurer que leur pr\u00e9cieux contenu et leurs publicit\u00e9s atteignent sans \u00e9quivoque chaque visiteur, affinant ainsi essentiellement l&rsquo;exp\u00e9rience utilisateur globale et, finalement, aboutissant \u00e0 une augmentation substantielle des revenus.<\/p>\n<ul>\n<li>DeBlocker Anti Adblock est un plugin pour WordPress qui aide les propri\u00e9taires de sites \u00e0 maximiser les revenus en contournant les blocs de publicit\u00e9.<\/li>\n<li>Il d\u00e9tecte les blocs de publicit\u00e9 et affiche un contenu alternatif aux utilisateurs qui les ont install\u00e9s pour s&rsquo;assurer que les annonces sont vues.<\/li>\n<li>DeBlocker Anti Adblock est facile \u00e0 installer et \u00e0 configurer sur n&rsquo;importe quel site WordPress, sans connaissances ou connaissances techniques requises.<\/li>\n<li>Le plugin est enti\u00e8rement personnalisable, permettant aux propri\u00e9taires de sites Web de choisir les annonces affich\u00e9es et quel contenu est affich\u00e9 aux utilisateurs avec des blocs de publicit\u00e9.<\/li>\n<li>DeBlocker Anti Adblock comprend \u00e9galement de puissantes analyses et outils de rapports pour suivre les impressions publicitaires et les revenus.<\/li>\n<li>Il est compatible avec tous les principaux navigateurs et enti\u00e8rement r\u00e9actif sur tous les appareils, garantissant une exp\u00e9rience utilisateur transparente pour les visiteurs de votre site.<\/li>\n<li>En utilisant DeBlocker Anti Adblock, les propri\u00e9taires de sites Web peuvent augmenter les revenus publicitaires et s&rsquo;assurer que leur contenu est vu par plus de personnes, ce qui stimule finalement le trafic et les conversions.<\/li>\n<\/ul>\n","protected":false},"excerpt":{"rendered":"<p>DeBlocker est un plugin anti-adblock pour WordPress, con\u00e7u pour emp\u00eacher les visiteurs du site d&rsquo;utiliser un bloqueur d&rsquo;annonces sur votre site Web. Cet outil puissant garantit que vos annonces sont toujours visibles, contribuant \u00e0 augmenter vos revenus publicitaires et \u00e0 maintenir l&rsquo;int\u00e9grit\u00e9 de la disposition de votre site. Il dispose d&rsquo;une interface facile \u00e0 utiliser et d&rsquo;une int\u00e9gration transparente avec WordPress, ce qui en fait un ajout pr\u00e9cieux \u00e0 votre bo\u00eete \u00e0 outils de gestion de votre site Web. Avec DeBlocker, vous pouvez prot\u00e9ger efficacement votre contenu en ligne et continuer \u00e0 diffuser des publicit\u00e9s de haute qualit\u00e9 \u00e0 votre public. Am\u00e9liorez votre exp\u00e9rience WordPress et maximisez votre potentiel publicitaire avec DeBlocker.<\/p>\n","protected":false},"featured_media":143514,"comment_status":"open","ping_status":"closed","template":"","meta":[],"product_brand":[2435],"product_cat":[1207,1181,1186],"product_tag":[1231],"class_list":{"0":"post-106239","1":"product","2":"type-product","3":"status-publish","4":"has-post-thumbnail","6":"product_brand-codecanyon","7":"product_cat-commercialisation-wordpress-plugins","8":"product_cat-plugins","9":"product_cat-wordpress-plugins","10":"product_tag-codecanyon","11":"member-discount","12":"discount-restricted","14":"first","15":"instock","16":"sale","17":"downloadable","18":"virtual","19":"sold-individually","20":"purchasable","21":"product-type-simple"},"_links":{"self":[{"href":"https:\/\/gpl-love.com\/fr\/wp-json\/wp\/v2\/product\/106239","targetHints":{"allow":["GET"]}}],"collection":[{"href":"https:\/\/gpl-love.com\/fr\/wp-json\/wp\/v2\/product"}],"about":[{"href":"https:\/\/gpl-love.com\/fr\/wp-json\/wp\/v2\/types\/product"}],"replies":[{"embeddable":true,"href":"https:\/\/gpl-love.com\/fr\/wp-json\/wp\/v2\/comments?post=106239"}],"wp:featuredmedia":[{"embeddable":true,"href":"https:\/\/gpl-love.com\/fr\/wp-json\/wp\/v2\/media\/143514"}],"wp:attachment":[{"href":"https:\/\/gpl-love.com\/fr\/wp-json\/wp\/v2\/media?parent=106239"}],"wp:term":[{"taxonomy":"product_brand","embeddable":true,"href":"https:\/\/gpl-love.com\/fr\/wp-json\/wp\/v2\/product_brand?post=106239"},{"taxonomy":"product_cat","embeddable":true,"href":"https:\/\/gpl-love.com\/fr\/wp-json\/wp\/v2\/product_cat?post=106239"},{"taxonomy":"product_tag","embeddable":true,"href":"https:\/\/gpl-love.com\/fr\/wp-json\/wp\/v2\/product_tag?post=106239"}],"curies":[{"name":"wp","href":"https:\/\/api.w.org\/{rel}","templated":true}]}}