{"id":106238,"date":"2025-07-23T00:00:00","date_gmt":"2025-07-22T22:00:00","guid":{"rendered":"http:\/\/gpl-love.com\/fr\/product\/blacksilver-theme-photographie-pour-wordpress\/"},"modified":"2026-03-20T22:56:23","modified_gmt":"2026-03-20T21:56:23","slug":"blacksilver-photography-theme-for-wordpress","status":"publish","type":"product","link":"https:\/\/gpl-love.com\/fr\/produit\/blacksilver-photography-theme-for-wordpress\/","title":{"rendered":"Blacksilver Photography Th\u00e8me pour WordPress 9.7"},"content":{"rendered":"<h3>Blacksilver Photography Th\u00e8me pour WordPress Traits<\/h3>\n<p>Le th\u00e8me de la photographie Blacksilver est un ajout absolument \u00e0 couper le souffle \u00e0 tout site WordPress qui aspire \u00e0 montrer son contenu photographique de la mani\u00e8re la plus impeccable imaginable. Avec son design \u00e9l\u00e9gant et extr\u00eamement moderne, ce th\u00e8me s&rsquo;av\u00e8re \u00eatre un match fait au paradis pour les photographes, les artistes et les cr\u00e9atifs qui aspirent \u00e0 poss\u00e9der un site Web visuellement captivant qui guide sans effort les visiteurs le long de leur navigation. Non seulement ce th\u00e8me poss\u00e8de une r\u00e9activit\u00e9 compl\u00e8te, garantissant son apparence sans faille sur n&rsquo;importe quel appareil, mais elle poss\u00e8de \u00e9galement une gamme de fonctionnalit\u00e9s personnalisables. Ceux-ci incluent une vaste s\u00e9lection d&rsquo;options de couleurs, de choix de polices et de param\u00e8tres de mise en page, permettant aux utilisateurs d&rsquo;adapter le th\u00e8me au style distinctif et exclusif de leur marque. De plus, le th\u00e8me de la photographie Blacksilver a \u00e9t\u00e9 m\u00e9ticuleusement optimis\u00e9 pour l&rsquo;optimisation des moteurs de recherche (SEO), en vous garantissant ainsi que votre pr\u00e9cieux contenu reste d\u00e9couverte sans effort par des moteurs de recherche importants. Pour r\u00e9sumer, ce th\u00e8me extraordinaire est sans \u00e9quivoque un choix exceptionnel pour tout site Web qui aspire \u00e0 \u00e9lever son contenu photographique \u00e0 de nouveaux sommets et \u00e0 cr\u00e9er une exp\u00e9rience utilisateur totalement captivante qui laissera les visiteurs envahis.<\/p>\n<ul>\n<li>Th\u00e8me de photographie \u00e9l\u00e9gant et sophistiqu\u00e9 pour WordPress<\/li>\n<li>Design \u00e0 100% r\u00e9actif pour avoir fi\u00e8re allure sur tous les appareils<\/li>\n<li>Plusieurs options de mise en page pour pr\u00e9senter votre portefeuille<\/li>\n<li>Sch\u00e9mas de couleurs personnalisables pour correspondre \u00e0 votre marque<\/li>\n<li>Options de galerie avanc\u00e9es pour pr\u00e9senter vos photos<\/li>\n<li>Builder de page de glisser-d\u00e9poser facile \u00e0 utiliser<\/li>\n<li>Boutons de partage des m\u00e9dias sociaux int\u00e9gr\u00e9s pour une promotion facile<\/li>\n<li>Code de r\u00e9f\u00e9rencement pour un meilleur classement des moteurs de recherche<\/li>\n<li>Mises \u00e0 jour r\u00e9guli\u00e8res et support pour que votre site Web fonctionne bien<\/li>\n<li>Installation en un clic pour une configuration rapide et facile<\/li>\n<\/ul>\n","protected":false},"excerpt":{"rendered":"<p>Immergez-vous dans le monde de la photographie professionnelle avec le th\u00e8me de la photographie Blacksilver pour WordPress. Les caract\u00e9ristiques cl\u00e9s de ce th\u00e8me incluent un affichage haute r\u00e9solution, une interface intuitive et une option de portefeuille robuste qui vous permet de pr\u00e9senter votre travail de mani\u00e8re impressionnante. Pr\u00e9parez-vous \u00e0 attirer des clients potentiels avec une esth\u00e9tique \u00e9l\u00e9gante, une navigation facile et des temps de chargement rapides. Non seulement vous pouvez personnaliser votre site avec diverses options de mise en page, mais vous pouvez \u00e9galement profiter des avantages de l&rsquo;int\u00e9gration du commerce \u00e9lectronique pour vendre des impressions ou des s\u00e9ances photo. Lib\u00e9rez votre cr\u00e9ativit\u00e9 tout en profitant de la configuration rapide, des mises \u00e0 jour r\u00e9guli\u00e8res et du support client d\u00e9di\u00e9 qui est livr\u00e9 avec le th\u00e8me de la photographie Blacksilver. C&rsquo;est un choix id\u00e9al pour les photographes, les studios num\u00e9riques, les pigistes et toute personne qui cherche \u00e0 cr\u00e9er une pr\u00e9sence en ligne frappante. Avec ce th\u00e8me, vous pouvez transformer votre passion en profession.<\/p>\n","protected":false},"featured_media":143247,"comment_status":"open","ping_status":"closed","template":"","meta":[],"product_brand":[2433],"product_cat":[1242,1212,1213],"product_tag":[1366],"class_list":{"0":"post-106238","1":"product","2":"type-product","3":"status-publish","4":"has-post-thumbnail","6":"product_brand-themeforest","7":"product_cat-creatif","8":"product_cat-themes","9":"product_cat-wordpress-themes","10":"product_tag-themeforest","11":"member-discount","12":"discount-restricted","14":"first","15":"instock","16":"sale","17":"downloadable","18":"virtual","19":"sold-individually","20":"purchasable","21":"product-type-simple"},"_links":{"self":[{"href":"https:\/\/gpl-love.com\/fr\/wp-json\/wp\/v2\/product\/106238","targetHints":{"allow":["GET"]}}],"collection":[{"href":"https:\/\/gpl-love.com\/fr\/wp-json\/wp\/v2\/product"}],"about":[{"href":"https:\/\/gpl-love.com\/fr\/wp-json\/wp\/v2\/types\/product"}],"replies":[{"embeddable":true,"href":"https:\/\/gpl-love.com\/fr\/wp-json\/wp\/v2\/comments?post=106238"}],"wp:featuredmedia":[{"embeddable":true,"href":"https:\/\/gpl-love.com\/fr\/wp-json\/wp\/v2\/media\/143247"}],"wp:attachment":[{"href":"https:\/\/gpl-love.com\/fr\/wp-json\/wp\/v2\/media?parent=106238"}],"wp:term":[{"taxonomy":"product_brand","embeddable":true,"href":"https:\/\/gpl-love.com\/fr\/wp-json\/wp\/v2\/product_brand?post=106238"},{"taxonomy":"product_cat","embeddable":true,"href":"https:\/\/gpl-love.com\/fr\/wp-json\/wp\/v2\/product_cat?post=106238"},{"taxonomy":"product_tag","embeddable":true,"href":"https:\/\/gpl-love.com\/fr\/wp-json\/wp\/v2\/product_tag?post=106238"}],"curies":[{"name":"wp","href":"https:\/\/api.w.org\/{rel}","templated":true}]}}