{"id":106168,"date":"2025-04-16T00:00:00","date_gmt":"2025-04-15T22:00:00","guid":{"rendered":"http:\/\/gpl-love.com\/fr\/product\/wordpress-trouver-un-magasin\/"},"modified":"2026-03-20T23:49:16","modified_gmt":"2026-03-20T22:49:16","slug":"wordpress-store-locator","status":"publish","type":"product","link":"https:\/\/gpl-love.com\/fr\/produit\/wordpress-store-locator\/","title":{"rendered":"WordPress Store Locator 2.2.7"},"content":{"rendered":"<h3>WordPress Store Locator Traits<\/h3>\n<p>Le localisateur WordPress Store sert de moyen tr\u00e8s pratique et efficace pour les entreprises d&rsquo;exposer leur magasin sur leurs sites Web. En utilisant cet outil, les clients sont en mesure d&rsquo;identifier rapidement le magasin le plus proche de leur sort actuel, augmentant ainsi le trafic pi\u00e9tonnier et renfor\u00e7ant les ventes. Emball\u00e9 avec des cartes, des filtres et des options de recherche personnalisables qui peuvent \u00eatre adapt\u00e9s aux exigences uniques de toute entreprise, ce plugin ne laisse vraiment aucune pierre non retourn\u00e9e. En outre, la nature conviviale du localisateur du magasin WordPress \u00e9vite la n\u00e9cessit\u00e9 d&rsquo;une comp\u00e9tence de codage, permettant aux propri\u00e9taires de sites de l&rsquo;int\u00e9grer de mani\u00e8re transparente dans leurs sites pr\u00e9existants. Compte tenu de sa fonctionnalit\u00e9 in\u00e9branlable et de ses fonctionnalit\u00e9s remarquables, cet outil repr\u00e9sente sans aucun doute un atout indispensable pour toute entreprise commerciale pour am\u00e9liorer sa pr\u00e9sence en ligne et attirer une client\u00e8le plus large dans ses \u00e9tablissements physiques.<\/p>\n<ul>\n<li>Int\u00e9gration facile avec n&rsquo;importe quel site Web WordPress<\/li>\n<li>Ajoutez rapidement la fonctionnalit\u00e9 de localisation des magasins \u00e0 votre site Web<\/li>\n<li>Carte personnalisable et conception de marqueur<\/li>\n<li>G\u00e9rer et mettre \u00e0 jour facilement les emplacements des magasins<\/li>\n<li>Conception r\u00e9active pour les utilisateurs mobiles et de bureau<\/li>\n<li>Fonction de recherche int\u00e9gr\u00e9e pour trouver des emplacements de magasin en fonction des crit\u00e8res de proximit\u00e9 ou de recherche<\/li>\n<li>Tableau de bord administratif facile \u00e0 utiliser pour g\u00e9rer les emplacements des magasins<\/li>\n<li>Plusieurs types de cartes disponibles, y compris la feuille de route, le terrain et l&rsquo;hybride<\/li>\n<li>Option pour afficher une liste des emplacements de magasin \u00e0 c\u00f4t\u00e9 de la carte<\/li>\n<li>Compatible avec les th\u00e8mes et plugins WordPress populaires<\/li>\n<li>S&rsquo;int\u00e8gre \u00e0 Google Maps pour des informations de localisation pr\u00e9cises<\/li>\n<\/ul>\n","protected":false},"excerpt":{"rendered":"<p>Le localisateur WordPress Store est un plugin extr\u00eamement robuste qui vous accorde la capacit\u00e9 sans effort pour incorporer un localisateur de magasin sur votre site Web WordPress. En utilisant ce plugin ing\u00e9nieux, vous pouvez pr\u00e9senter efficacement une carte compl\u00e8te englobant tous les emplacements de votre magasin, offrant ainsi \u00e0 votre client\u00e8le estim\u00e9 les moyens rapides pour v\u00e9rifier rapidement le magasin le plus proche de leur sort actuel. Ce plugin remarquablement polyvalent est enti\u00e8rement susceptible de personnalisation et poss\u00e8de une exp\u00e9rience utilisateur transparente, ce qui le rend une solution exemplaire adapt\u00e9e pour r\u00e9pondre aux divers besoins des entreprises couvrant toute la gamme de tailles. Que vous pr\u00e9siiez une boutique locale diminutive ou un vaste conglom\u00e9rat d&rsquo;\u00e9tablissements de vente au d\u00e9tail, le localisateur de magasin WordPress appara\u00eet comme une ressource in\u00e9gal\u00e9e, facilitant habilement l&rsquo;attraction des clients frais et catalysant la croissance des ventes exponentives.<\/p>\n","protected":false},"featured_media":146119,"comment_status":"open","ping_status":"closed","template":"","meta":[],"product_brand":[2435],"product_cat":[1187,1181,1186],"product_tag":[1231],"class_list":{"0":"post-106168","1":"product","2":"type-product","3":"status-publish","4":"has-post-thumbnail","6":"product_brand-codecanyon","7":"product_cat-administration-wordpress-plugins","8":"product_cat-plugins","9":"product_cat-wordpress-plugins","10":"product_tag-codecanyon","11":"member-discount","12":"discount-restricted","14":"first","15":"instock","16":"sale","17":"downloadable","18":"virtual","19":"sold-individually","20":"purchasable","21":"product-type-simple"},"_links":{"self":[{"href":"https:\/\/gpl-love.com\/fr\/wp-json\/wp\/v2\/product\/106168","targetHints":{"allow":["GET"]}}],"collection":[{"href":"https:\/\/gpl-love.com\/fr\/wp-json\/wp\/v2\/product"}],"about":[{"href":"https:\/\/gpl-love.com\/fr\/wp-json\/wp\/v2\/types\/product"}],"replies":[{"embeddable":true,"href":"https:\/\/gpl-love.com\/fr\/wp-json\/wp\/v2\/comments?post=106168"}],"wp:featuredmedia":[{"embeddable":true,"href":"https:\/\/gpl-love.com\/fr\/wp-json\/wp\/v2\/media\/146119"}],"wp:attachment":[{"href":"https:\/\/gpl-love.com\/fr\/wp-json\/wp\/v2\/media?parent=106168"}],"wp:term":[{"taxonomy":"product_brand","embeddable":true,"href":"https:\/\/gpl-love.com\/fr\/wp-json\/wp\/v2\/product_brand?post=106168"},{"taxonomy":"product_cat","embeddable":true,"href":"https:\/\/gpl-love.com\/fr\/wp-json\/wp\/v2\/product_cat?post=106168"},{"taxonomy":"product_tag","embeddable":true,"href":"https:\/\/gpl-love.com\/fr\/wp-json\/wp\/v2\/product_tag?post=106168"}],"curies":[{"name":"wp","href":"https:\/\/api.w.org\/{rel}","templated":true}]}}