{"id":106166,"date":"2025-05-10T00:00:00","date_gmt":"2025-05-09T22:00:00","guid":{"rendered":"http:\/\/gpl-love.com\/fr\/product\/woocommerce-rapide\/"},"modified":"2026-03-20T23:52:28","modified_gmt":"2026-03-20T22:52:28","slug":"woocommerce-quick-view","status":"publish","type":"product","link":"https:\/\/gpl-love.com\/fr\/produit\/woocommerce-quick-view\/","title":{"rendered":"XT WooCommerce Quick View 2.1.6"},"content":{"rendered":"<h3>XT WooCommerce Quick View Traits<\/h3>\n<p>XT WooCommerce rapide est un plugin incroyablement robuste et influent qui accorde aux clients la capacit\u00e9 transparente \u00e0 pr\u00e9visualiser les produits rapidement et de mani\u00e8re transparente sans avoir besoin de s&rsquo;aventurer loin de leur page actuelle. Ce plugin remarquable int\u00e8gre de mani\u00e8re transparente un bouton de vue rapide dans les listes de produits, accordant ainsi aux utilisateurs la capacit\u00e9 exceptionnelle de parcourir les d\u00e9tails complexes d&rsquo;un produit tels que sa tarification, sa description et ses images dans les limites d&rsquo;une fen\u00eatre contextuelle captivante Lightbox. En vertu de cette fonctionnalit\u00e9 extraordinaire, les clients sont dot\u00e9s de la gamme inestimable de la commodit\u00e9 de la sauvegarde du temps et d&rsquo;une exp\u00e9rience de magasinage \u00e9lev\u00e9e, car ils prennent sans effort des d\u00e9cisions d&rsquo;achat bien inform\u00e9es sans avoir \u00e0 naviguer loin de la page de liste des produits. En outre, il est crucial de noter que la vue rapide de XT WooCommerce est dot\u00e9e d&rsquo;un degr\u00e9 exceptionnel de polyvalence et d&rsquo;adaptabilit\u00e9, vous permettant de modifier et d&rsquo;adapter sans effort l&rsquo;esth\u00e9tique et l&rsquo;apparence g\u00e9n\u00e9rale de la fen\u00eatre contextuelle afin qu&rsquo;il s&rsquo;aligne de mani\u00e8re transparente avec le design distinctif de votre magasin. \u00c0 la lumi\u00e8re de ces caract\u00e9ristiques extraordinaires, il devient clairement clair que ce plugin est un imp\u00e9ratif absolu pour tous les magasins WooCommerce qui cherchent s\u00e9rieusement \u00e0 am\u00e9liorer l&rsquo;exp\u00e9rience utilisateur et \u00e0 augmenter consid\u00e9rablement leurs taux de conversion.<\/p>\n<ul>\n<li>Fournit une option de vue rapide pour les produits dans les magasins en ligne WooCommerce<\/li>\n<li>Permet aux clients de pr\u00e9visualiser les informations du produit sans avoir besoin de naviguer loin de la page actuelle<\/li>\n<li>Augmente l&rsquo;efficacit\u00e9 de la navigation pour les clients en r\u00e9duisant le nombre de clics n\u00e9cessaires pour afficher les d\u00e9tails du produit<\/li>\n<li>Options de conception personnalisables pour correspondre \u00e0 la marque et \u00e0 la mise en page de votre magasin<\/li>\n<li>Int\u00e9gration avec des th\u00e8mes et des extensions populaires<\/li>\n<li>La conception r\u00e9active garantit que la fen\u00eatre de vue rapide a fi\u00e8re allure sur tous les appareils<\/li>\n<li>Compatible avec la plupart des navigateurs modernes<\/li>\n<li>Installation facile via le r\u00e9f\u00e9rentiel de plugin WordPress<\/li>\n<li>Aide \u00e0 augmenter les ventes en offrant aux clients un moyen facile de visualiser les informations sur les produits et de prendre des d\u00e9cisions d&rsquo;achat plus rapidement<\/li>\n<\/ul>\n","protected":false},"excerpt":{"rendered":"<p>Le plugin XT WooCommerce Quick View propose une exp\u00e9rience de navigation et d&rsquo;achat transparente pour les clients visitant votre magasin WooCommerce, leur permettant de parcourir et d&rsquo;acqu\u00e9rir des produits sans effort. En cliquant simplement sur un bouton, ils peuvent acc\u00e9der rapidement \u00e0 des d\u00e9tails complets sur n&rsquo;importe quel \u00e9l\u00e9ment, \u00e9liminant la n\u00e9cessit\u00e9 de s&rsquo;\u00e9loigner de la page actuelle. Cette am\u00e9lioration de l&rsquo;exp\u00e9rience utilisateur favorise non seulement la satisfaction des clients, mais augmente \u00e9galement efficacement les ventes. De plus, le plugin poss\u00e8de un haut niveau de personnalisation, vous accordant la possibilit\u00e9 de cueillir \u00e0 la main les informations sp\u00e9cifiques pr\u00e9sent\u00e9es dans la fonction de vue rapide, parall\u00e8lement \u00e0 la conception et \u00e0 la disposition globales. Embrassez le plugin XT WooCommerce Quick View pour accorder \u00e0 vos pr\u00e9cieux clients la commodit\u00e9 qu&rsquo;ils souhaitent avec ferveur.<\/p>\n","protected":false},"featured_media":146329,"comment_status":"open","ping_status":"closed","template":"","meta":[],"product_brand":[2440],"product_cat":[1183,1182,1181],"product_tag":[1398],"class_list":{"0":"post-106166","1":"product","2":"type-product","3":"status-publish","4":"has-post-thumbnail","6":"product_brand-woocommerce","7":"product_cat-administration","8":"product_cat-commerce-electronique-plugins","9":"product_cat-plugins","10":"product_tag-woocommerce","11":"member-discount","12":"discount-restricted","14":"first","15":"instock","16":"sale","17":"downloadable","18":"virtual","19":"sold-individually","20":"purchasable","21":"product-type-simple"},"_links":{"self":[{"href":"https:\/\/gpl-love.com\/fr\/wp-json\/wp\/v2\/product\/106166","targetHints":{"allow":["GET"]}}],"collection":[{"href":"https:\/\/gpl-love.com\/fr\/wp-json\/wp\/v2\/product"}],"about":[{"href":"https:\/\/gpl-love.com\/fr\/wp-json\/wp\/v2\/types\/product"}],"replies":[{"embeddable":true,"href":"https:\/\/gpl-love.com\/fr\/wp-json\/wp\/v2\/comments?post=106166"}],"wp:featuredmedia":[{"embeddable":true,"href":"https:\/\/gpl-love.com\/fr\/wp-json\/wp\/v2\/media\/146329"}],"wp:attachment":[{"href":"https:\/\/gpl-love.com\/fr\/wp-json\/wp\/v2\/media?parent=106166"}],"wp:term":[{"taxonomy":"product_brand","embeddable":true,"href":"https:\/\/gpl-love.com\/fr\/wp-json\/wp\/v2\/product_brand?post=106166"},{"taxonomy":"product_cat","embeddable":true,"href":"https:\/\/gpl-love.com\/fr\/wp-json\/wp\/v2\/product_cat?post=106166"},{"taxonomy":"product_tag","embeddable":true,"href":"https:\/\/gpl-love.com\/fr\/wp-json\/wp\/v2\/product_tag?post=106166"}],"curies":[{"name":"wp","href":"https:\/\/api.w.org\/{rel}","templated":true}]}}