{"id":106164,"date":"2021-02-09T00:00:00","date_gmt":"2021-02-08T23:00:00","guid":{"rendered":"http:\/\/gpl-love.com\/fr\/product\/loading\/"},"modified":"2026-04-10T18:34:37","modified_gmt":"2026-04-10T16:34:37","slug":"ninja-kick-sliding-panel-for-wordpress","status":"publish","type":"product","link":"https:\/\/gpl-love.com\/fr\/produit\/ninja-kick-sliding-panel-for-wordpress\/","title":{"rendered":"Ninja Kick: Sliding Panel pour WordPress 3.0.16"},"content":{"rendered":"<h3>Ninja Kick: Sliding Panel pour WordPress Traits<\/h3>\n<p>Le panneau Ninja Kick: Sliding pour WordPress est un plugin de fonctionnalit\u00e9s et de dynamisme remarquables, m\u00e9ticuleusement con\u00e7us pour am\u00e9liorer l&rsquo;interaction des utilisateurs et augmenter les taux de conversion sur les sites Web WordPress. Distingu\u00e9 par sa nature exceptionnelle, ce plugin profite d&rsquo;un panneau coulissant intuitif et r\u00e9actif qui peut \u00eatre configur\u00e9 sans effort pour \u00eatre \u00e9l\u00e9gamment gliss\u00e9 de tout p\u00e9rim\u00e8tre de l&rsquo;\u00e9cran, dominant ainsi les utilisateurs d&rsquo;un moyen sophistiqu\u00e9 et \u00e9l\u00e9gant pour montrer du contenu, des formulaires, des menus et Une pl\u00e9thore d&rsquo;autres \u00e9l\u00e9ments. Avec ses options de personnalisation conviviales, le panneau Ninja Kick: Sliding pour WordPress conf\u00e8re aux utilisateurs la possibilit\u00e9 de fabriquer une exp\u00e9rience utilisateur transparente et individualis\u00e9e pour leurs visiteurs estim\u00e9s. Ind\u00e9pendamment de la question de savoir si son domaine en ligne comprend une plate-forme de commerce \u00e9lectronique, un blog ou toute autre variante de site Web, il est indubitablement incombent \u00e0 un pour se procurer le Ninja Kick indispensable: Panneau coulissant pour WordPress, un instrument inestimable qui a le potentiel de propulser \u00e0 propulser: leur site Web \u00e0 des hauteurs in\u00e9gal\u00e9es.<\/p>\n<ul>\n<li>Panneau coulissant facile \u00e0 utiliser pour les sites Web WordPress<\/li>\n<li>Conception personnalisable de panneaux qui correspond \u00e0 la marque de votre site Web<\/li>\n<li>Ajoute des fonctionnalit\u00e9s suppl\u00e9mentaires \u00e0 votre site Web en permettant un acc\u00e8s facile \u00e0 des pages ou des fonctionnalit\u00e9s importantes<\/li>\n<li>Peut \u00eatre utilis\u00e9 \u00e0 diverses fins, telles que des formulaires de contact, des formulaires d&rsquo;abonnement ou des flux de m\u00e9dias sociaux<\/li>\n<li>Int\u00e8gre de mani\u00e8re transparente avec votre site WordPress, sans ralentir les temps de chargement de la page<\/li>\n<li>La conception r\u00e9active garantit que le panneau a fi\u00e8re allure sur n&rsquo;importe quelle taille d&rsquo;\u00e9cran ou appareil<\/li>\n<li>Compatible avec une large gamme de th\u00e8mes et plugins WordPress<\/li>\n<li>Livr\u00e9 avec une documentation d\u00e9taill\u00e9e et une prise en charge pour une installation et une utilisation faciles<\/li>\n<li>Les mises \u00e0 jour r\u00e9guli\u00e8res et les corrections de bogues assurent la compatibilit\u00e9 et les performances continues<\/li>\n<li>Plans de prix abordables disponibles pour une utilisation personnelle et professionnelle.<\/li>\n<\/ul>\n","protected":false},"excerpt":{"rendered":"<p>Le panneau Ninja Kick: Sliding pour WordPress est un outil extr\u00eamement robuste et puissant qui permet aux utilisateurs la possibilit\u00e9 d&rsquo;incorporer de mani\u00e8re transparente des panneaux coulissants personnalis\u00e9s et rationalis\u00e9s dans leur site WordPress. En raison de son interface remarquablement conviviale et intuitive, les utilisateurs peuvent fabriquer sans effort des panneaux qui pr\u00e9sentent un \u00e9ventail de contenus notables tels que les formulaires de contact, les informations sur les produits ou les flux de m\u00e9dias sociaux, entre autres. Les panneaux coulissants peuvent \u00eatre invit\u00e9s par divers stimuli, y compris des boutons, des liens ou m\u00eame des gestes de souris, leur rendant un ajout extraordinairement dynamique et captivant \u00e0 n&rsquo;importe quel site Web. Que vous soyez un blogueur, un marketing ou un propri\u00e9taire d&rsquo;entreprise, la polyvalence et l&rsquo;efficacit\u00e9 in\u00e9gal\u00e9es du Ninja Kick: Sliding Panel pour WordPress se pr\u00e9sente comme la solution par excellence pour amplifier les fonctionnalit\u00e9s de votre site Web et \u00e9lever l&rsquo;exp\u00e9rience utilisateur globale.<\/p>\n","protected":false},"featured_media":144811,"comment_status":"open","ping_status":"closed","template":"","meta":[],"product_brand":[2435],"product_cat":[1189,1181,1186],"product_tag":[1231],"class_list":{"0":"post-106164","1":"product","2":"type-product","3":"status-publish","4":"has-post-thumbnail","6":"product_brand-codecanyon","7":"product_cat-personnalisation","8":"product_cat-plugins","9":"product_cat-wordpress-plugins","10":"product_tag-codecanyon","11":"member-discount","12":"discount-restricted","14":"first","15":"instock","16":"sale","17":"downloadable","18":"virtual","19":"sold-individually","20":"purchasable","21":"product-type-simple"},"_links":{"self":[{"href":"https:\/\/gpl-love.com\/fr\/wp-json\/wp\/v2\/product\/106164","targetHints":{"allow":["GET"]}}],"collection":[{"href":"https:\/\/gpl-love.com\/fr\/wp-json\/wp\/v2\/product"}],"about":[{"href":"https:\/\/gpl-love.com\/fr\/wp-json\/wp\/v2\/types\/product"}],"replies":[{"embeddable":true,"href":"https:\/\/gpl-love.com\/fr\/wp-json\/wp\/v2\/comments?post=106164"}],"wp:featuredmedia":[{"embeddable":true,"href":"https:\/\/gpl-love.com\/fr\/wp-json\/wp\/v2\/media\/144811"}],"wp:attachment":[{"href":"https:\/\/gpl-love.com\/fr\/wp-json\/wp\/v2\/media?parent=106164"}],"wp:term":[{"taxonomy":"product_brand","embeddable":true,"href":"https:\/\/gpl-love.com\/fr\/wp-json\/wp\/v2\/product_brand?post=106164"},{"taxonomy":"product_cat","embeddable":true,"href":"https:\/\/gpl-love.com\/fr\/wp-json\/wp\/v2\/product_cat?post=106164"},{"taxonomy":"product_tag","embeddable":true,"href":"https:\/\/gpl-love.com\/fr\/wp-json\/wp\/v2\/product_tag?post=106164"}],"curies":[{"name":"wp","href":"https:\/\/api.w.org\/{rel}","templated":true}]}}