{"id":106162,"date":"2026-04-21T00:00:00","date_gmt":"2026-04-20T22:00:00","guid":{"rendered":"http:\/\/gpl-love.com\/fr\/product\/myhome-immobilier-wordpress\/"},"modified":"2026-04-21T18:30:38","modified_gmt":"2026-04-21T16:30:38","slug":"myhome-real-estate-wordpress","status":"publish","type":"product","link":"https:\/\/gpl-love.com\/fr\/produit\/myhome-real-estate-wordpress\/","title":{"rendered":"MyHome Real Estate WordPress 4.3.0"},"content":{"rendered":"<h3>MyHome Real Estate WordPress Traits<\/h3>\n<p>MyHome Real Estate WordPress est un outil incroyablement robuste et polyvalent qui est sp\u00e9cialement con\u00e7u pour l&rsquo;utilisation de professionnels de l&rsquo;immobilier qui cherchent \u00e0 \u00e9tablir une forte pr\u00e9sence en ligne gr\u00e2ce \u00e0 la cr\u00e9ation de sites Web \u00e0 la fois tr\u00e8s fonctionnels et visuellement attrayants. Cette plate-forme exceptionnelle offre une vaste gamme de fonctionnalit\u00e9s personnalisables, permettant aux utilisateurs d&rsquo;adapter leurs sites Web en fonction de leurs besoins uniques et individuels avec une facilit\u00e9 consomm\u00e9e. Une caract\u00e9ristique notable de MyHome Real Estate WordPress est son inclusion d&rsquo;outils de recherche avanc\u00e9s, qui permettent aux visiteurs de localiser rapidement et efficacement les propri\u00e9t\u00e9s sp\u00e9cifiques dont ils sont \u00e0 la recherche. De plus, cet outil remarquable fournit \u00e9galement aux utilisateurs une vaste s\u00e9lection de mod\u00e8les pr\u00e9fabriqu\u00e9s, rationalisant ainsi le processus de cr\u00e9ation de sites Web et permettant aux individus de fabriquer des pages sans effort qui d\u00e9gagent une esth\u00e9tique polie et professionnelle. Avec MyHome Real Estate WordPress \u00e0 votre disposition, vous poss\u00e9derez toutes les ressources et composants n\u00e9cessaires pour produire un site Web immobilier vraiment exceptionnel qui se dresse la t\u00eate et les \u00e9paules au-dessus de la concurrence.<\/p>\n<ul>\n<li>Conceptions de sites Web immobiliers professionnels et superbes<\/li>\n<li>Enti\u00e8rement r\u00e9actif, garantir que votre site Web a fi\u00e8re allure sur tous les appareils<\/li>\n<li>Syst\u00e8me de gestion de listes de propri\u00e9t\u00e9s faciles \u00e0 utiliser<\/li>\n<li>Formulaires de capture de plomb int\u00e9gr\u00e9s et formulaires de contact pour une communication client facile<\/li>\n<li>Structure de r\u00e9f\u00e9rencement pour vous aider \u00e0 vous classer plus haut dans les moteurs de recherche<\/li>\n<li>Int\u00e9gration avec des portails immobiliers populaires tels que Zillow et Trulia<\/li>\n<li>Int\u00e9gration des m\u00e9dias sociaux pour vous aider \u00e0 promouvoir vos listes sur des plateformes comme Facebook et Twitter<\/li>\n<li>Widgets et barres lat\u00e9rales personnalisables pour plus de flexibilit\u00e9<\/li>\n<li>Une fonctionnalit\u00e9 de recherche puissante pour aider vos clients \u00e0 trouver rapidement les propri\u00e9t\u00e9s qu&rsquo;ils recherchent<\/li>\n<li>Notifications par e-mail automatiques pour tenir vos clients inform\u00e9s des nouvelles propri\u00e9t\u00e9s qui correspondent \u00e0 leurs crit\u00e8res de recherche<\/li>\n<li>Aucune personnalisation n\u00e9cessaire de codage ne peut \u00eatre effectu\u00e9e via l&rsquo;interface WordPress intuitive.<\/li>\n<\/ul>\n","protected":false},"excerpt":{"rendered":"<p>MyHome Real Estate WordPress est une plate-forme tr\u00e8s remarquable et remarquable qui a \u00e9t\u00e9 m\u00e9ticuleusement con\u00e7ue et con\u00e7ue dans le seul but d&rsquo;aider et de faciliter les agents immobiliers et les propri\u00e9taires dans la cr\u00e9ation de sites Web visuellement captivants et hautement fonctionnels qui pr\u00e9sentent efficacement leurs pr\u00e9cieux et leurs pr\u00e9cieux et leurs pr\u00e9cieux et leurs pr\u00e9cieux et leurs pr\u00e9cieux sites Web propri\u00e9t\u00e9s estim\u00e9es. En utilisant MyHome, les utilisateurs re\u00e7oivent un niveau de flexibilit\u00e9 et de polyvalence in\u00e9gal\u00e9, leur permettant d&rsquo;adapter sans effort et sans effort leurs sites Web pour r\u00e9pondre au mieux et r\u00e9pondre \u00e0 leurs besoins et pr\u00e9f\u00e9rences individuelles, si cela peut entra\u00eener l&rsquo;inclusion et l&rsquo;incorporation des listes de propri\u00e9t\u00e9s, L&rsquo;organisation syst\u00e9matique et l&rsquo;arrangement de leurs portefeuilles de propri\u00e9t\u00e9s, ou l&rsquo;\u00e9tablissement et le d\u00e9veloppement de galeries de photos captivantes et captivantes. La plate-forme elle-m\u00eame est fier et se vante de pr\u00e9senter une interface remarquablement et extraordinairement conviviale et intuitive, qui est compl\u00e9t\u00e9e et accompagn\u00e9e d&rsquo;une gamme \u00e9tendue et \u00e9tendue et d&rsquo;un assortiment d&rsquo;options de personnalisation, facilitant ainsi et permettant aux utilisateurs de conserver et de conserver leurs sites Web dans un La mani\u00e8re et la mode qui s&rsquo;aligne impeccablement et correspond \u00e0 leurs visions et objectifs uniques et individualistes. De plus, Myhome place et met \u00e9galement l&rsquo;accent sur un accent significatif et substantiel et se concentre sur les aspects et composants primordiaux et critiques de la s\u00e9curit\u00e9 et des performances, garantissant et garantissant ainsi que les utilisateurs et les visiteurs peuvent appr\u00e9cier et se livrer \u00e0 une exp\u00e9rience ininterrompue et sans faille. En profitant et en exploitant les capacit\u00e9s et les fonctionnalit\u00e9s transformatrices et ph\u00e9nom\u00e9nales de Myhome, on est capable de cr\u00e9er efficacement et de mani\u00e8re approfondie un site Web qui d\u00e9gage et incarne l&rsquo;esth\u00e9tique professionnelle et polie, attirant ainsi sans effort et r\u00e9sultant sans effort un plus grand nombre de prospects, cullant et r\u00e9sultant sans effort et r\u00e9sultant sans effort, finalement, qui r\u00e9sulte et r\u00e9sultant sans effort, finalement, qui r\u00e9sulte et r\u00e9sultant sans effort un plus grand dans une capacit\u00e9 accrue et \u00e9lev\u00e9e de conclusion et de conclusion des accords lucratifs et r\u00e9ussis.<\/p>\n","protected":false},"featured_media":144637,"comment_status":"open","ping_status":"closed","template":"","meta":[],"product_brand":[2433],"product_cat":[1356,1212,1213],"product_tag":[1366],"class_list":{"0":"post-106162","1":"product","2":"type-product","3":"status-publish","4":"has-post-thumbnail","6":"product_brand-themeforest","7":"product_cat-immobilier","8":"product_cat-themes","9":"product_cat-wordpress-themes","10":"product_tag-themeforest","11":"member-discount","12":"discount-restricted","14":"first","15":"instock","16":"sale","17":"downloadable","18":"virtual","19":"sold-individually","20":"purchasable","21":"product-type-simple"},"_links":{"self":[{"href":"https:\/\/gpl-love.com\/fr\/wp-json\/wp\/v2\/product\/106162","targetHints":{"allow":["GET"]}}],"collection":[{"href":"https:\/\/gpl-love.com\/fr\/wp-json\/wp\/v2\/product"}],"about":[{"href":"https:\/\/gpl-love.com\/fr\/wp-json\/wp\/v2\/types\/product"}],"replies":[{"embeddable":true,"href":"https:\/\/gpl-love.com\/fr\/wp-json\/wp\/v2\/comments?post=106162"}],"wp:featuredmedia":[{"embeddable":true,"href":"https:\/\/gpl-love.com\/fr\/wp-json\/wp\/v2\/media\/144637"}],"wp:attachment":[{"href":"https:\/\/gpl-love.com\/fr\/wp-json\/wp\/v2\/media?parent=106162"}],"wp:term":[{"taxonomy":"product_brand","embeddable":true,"href":"https:\/\/gpl-love.com\/fr\/wp-json\/wp\/v2\/product_brand?post=106162"},{"taxonomy":"product_cat","embeddable":true,"href":"https:\/\/gpl-love.com\/fr\/wp-json\/wp\/v2\/product_cat?post=106162"},{"taxonomy":"product_tag","embeddable":true,"href":"https:\/\/gpl-love.com\/fr\/wp-json\/wp\/v2\/product_tag?post=106162"}],"curies":[{"name":"wp","href":"https:\/\/api.w.org\/{rel}","templated":true}]}}