{"id":106158,"date":"2025-06-03T00:00:00","date_gmt":"2025-06-02T22:00:00","guid":{"rendered":"http:\/\/gpl-love.com\/fr\/product\/mainwp-piwik\/"},"modified":"2026-03-20T23:23:24","modified_gmt":"2026-03-20T22:23:24","slug":"mainwp-piwik","status":"publish","type":"product","link":"https:\/\/gpl-love.com\/fr\/produit\/mainwp-piwik\/","title":{"rendered":"MainWP Matomo (Piwik) 5.1"},"content":{"rendered":"<h3>MainWP Matomo (Piwik) Traits<\/h3>\n<p>MainWP Matomo (Piwik) est une plate-forme d&rsquo;analyse avanc\u00e9e qui pr\u00e9sente un \u00e9ventail de fonctionnalit\u00e9s permettant aux propri\u00e9taires de sites Web et aux gestionnaires de suivre et effectuer une analyse approfondie du comportement des utilisateurs sur leurs sites Web. En tirant parti de ses capacit\u00e9s de suivi robustes, cette plate-forme offre des informations compl\u00e8tes sur l&rsquo;activit\u00e9 des visiteurs, englobant des mesures cruciales telles que des pages vues, des clics, des taux de rebond, etc. De plus, la plate-forme a \u00e9t\u00e9 soigneusement con\u00e7ue pour hi\u00e9rarchiser la convivialit\u00e9 et pr\u00e9sente une large gamme d&rsquo;options de personnalisation adapt\u00e9es pour r\u00e9pondre aux exigences uniques de toute entreprise. Notamment, il poss\u00e8de \u00e9galement une pl\u00e9thore d&rsquo;outils de rapports puissants, permettant aux utilisateurs de g\u00e9n\u00e9rer sans effort des rapports complexes sur les performances du site Web et le comportement des utilisateurs. Par cons\u00e9quent, MainWP Matomo (Piwik) sert d&rsquo;outil essentiel qui permet aux entreprises de la possibilit\u00e9 d&rsquo;optimiser les performances de leur site Web et d&rsquo;am\u00e9liorer les taux de conversion, de le rendre indispensable pour tous les propri\u00e9taires de sites Web ou les gestionnaires s&rsquo;effor\u00e7ant d&rsquo;atteindre un succ\u00e8s en ligne in\u00e9branlable.<\/p>\n<ul>\n<li>Fournit aux propri\u00e9taires de sites Web WordPress un acc\u00e8s aux donn\u00e9es d&rsquo;analyse Matomo (anciennement Piwik)<\/li>\n<li>Intregate de mani\u00e8re transparente avec le tableau de bord Mainwp pour un acc\u00e8s et une gestion faciles<\/li>\n<li>Propose des donn\u00e9es d\u00e9taill\u00e9es sur le trafic du site Web, le comportement des utilisateurs, etc.<\/li>\n<li>Permet le suivi personnalis\u00e9 d&rsquo;\u00e9v\u00e9nements ou d&rsquo;objectifs de site Web sp\u00e9cifiques<\/li>\n<li>Offre une gamme d&rsquo;outils d&rsquo;analyse, y compris le suivi des visiteurs en temps r\u00e9el, le suivi de l&#8217;emplacement des utilisateurs, et plus<\/li>\n<li>Permet aux propri\u00e9taires de sites Web de cr\u00e9er des rapports et des tableaux de bord personnalis\u00e9s pour mieux comprendre les performances de leur site Web<\/li>\n<li>Fournit aux propri\u00e9taires de sites Web un aper\u00e7u des performances du site Web, de l&rsquo;engagement des utilisateurs, etc., afin d&rsquo;optimiser la conception du site, le contenu et les efforts de marketing.<\/li>\n<\/ul>\n","protected":false},"excerpt":{"rendered":"<p>Mainwp Matomo (Piwik) est un plugin incroyablement robuste qui permet aux utilisateurs de suivre et de g\u00e9rer de mani\u00e8re transparente leur analyse de site Web, tous dans les limites de leur tableau de bord Mainwp. Cet outil tr\u00e8s efficace offre aux utilisateurs les moyens de mesurer et d&rsquo;analyser avec pr\u00e9cision une gamme de mesures cruciales relatives \u00e0 leur site Web, y compris, mais sans s&rsquo;y limiter, le volume et les mod\u00e8les de trafic, le comportement des visiteurs et d&rsquo;autres points de donn\u00e9es imp\u00e9ratifs. Ce qui distingue vraiment le MainWP Matomo (Piwik) de ses concurrents, c&rsquo;est son interface conviviale, ce qui fait de la cr\u00e9ation de rapports personnalis\u00e9s, du suivi des objectifs et de la surveillance en temps r\u00e9el des performances du site Web une brise absolue. De plus, gr\u00e2ce \u00e0 sa capacit\u00e9 remarquable \u00e0 g\u00e9n\u00e9rer des rapports complets et tr\u00e8s d\u00e9taill\u00e9s, MainWP Matomo (Piwik) est vraiment un atout primordial pour toute personne cherchant \u00e0 optimiser leur site Web et \u00e0 renforcer leur pr\u00e9sence en ligne.<\/p>\n","protected":false},"featured_media":144435,"comment_status":"open","ping_status":"open","template":"","meta":[],"product_brand":[2587],"product_cat":[1187,1181,1186],"product_tag":[1299],"class_list":{"0":"post-106158","1":"product","2":"type-product","3":"status-publish","4":"has-post-thumbnail","6":"product_brand-main-wp","7":"product_cat-administration-wordpress-plugins","8":"product_cat-plugins","9":"product_cat-wordpress-plugins","10":"product_tag-main-wp","11":"member-discount","12":"discount-restricted","14":"first","15":"instock","16":"sale","17":"downloadable","18":"virtual","19":"sold-individually","20":"purchasable","21":"product-type-simple"},"_links":{"self":[{"href":"https:\/\/gpl-love.com\/fr\/wp-json\/wp\/v2\/product\/106158","targetHints":{"allow":["GET"]}}],"collection":[{"href":"https:\/\/gpl-love.com\/fr\/wp-json\/wp\/v2\/product"}],"about":[{"href":"https:\/\/gpl-love.com\/fr\/wp-json\/wp\/v2\/types\/product"}],"replies":[{"embeddable":true,"href":"https:\/\/gpl-love.com\/fr\/wp-json\/wp\/v2\/comments?post=106158"}],"wp:featuredmedia":[{"embeddable":true,"href":"https:\/\/gpl-love.com\/fr\/wp-json\/wp\/v2\/media\/144435"}],"wp:attachment":[{"href":"https:\/\/gpl-love.com\/fr\/wp-json\/wp\/v2\/media?parent=106158"}],"wp:term":[{"taxonomy":"product_brand","embeddable":true,"href":"https:\/\/gpl-love.com\/fr\/wp-json\/wp\/v2\/product_brand?post=106158"},{"taxonomy":"product_cat","embeddable":true,"href":"https:\/\/gpl-love.com\/fr\/wp-json\/wp\/v2\/product_cat?post=106158"},{"taxonomy":"product_tag","embeddable":true,"href":"https:\/\/gpl-love.com\/fr\/wp-json\/wp\/v2\/product_tag?post=106158"}],"curies":[{"name":"wp","href":"https:\/\/api.w.org\/{rel}","templated":true}]}}