{"id":106156,"date":"2026-04-18T00:00:00","date_gmt":"2026-04-17T22:00:00","guid":{"rendered":"http:\/\/gpl-love.com\/fr\/product\/affiliatewp-wordpress-plugin\/"},"modified":"2026-04-19T00:30:12","modified_gmt":"2026-04-18T22:30:12","slug":"affiliatewp-wordpress-plugin","status":"publish","type":"product","link":"https:\/\/gpl-love.com\/fr\/produit\/affiliatewp-wordpress-plugin\/","title":{"rendered":"AffiliateWP WordPress Plugin 2.32.1"},"content":{"rendered":"<h3>AffiliateWP WordPress Plugin Traits<\/h3>\n<p>AffiliateWP est un plugin WordPress remarquablement robuste qui a le but d&rsquo;aider les propri\u00e9taires de sites Web et les blogueurs dans la cr\u00e9ation et la gestion d&rsquo;un programme d&rsquo;affiliation d&rsquo;une mani\u00e8re remarquablement sans effort. Avec son interface simple et conviviale, AffiliateWP permet aux utilisateurs d&rsquo;int\u00e9grer de mani\u00e8re transparente le suivi d&rsquo;affiliation dans leur site Web et de lancer le processus de recrutement d&rsquo;affili\u00e9s pour promouvoir efficacement leurs produits ou services. Le plugin offre en outre une gamme diversifi\u00e9e de types de commissions et d&rsquo;options de paiement, accordant ainsi aux propri\u00e9taires de sites Web la flexibilit\u00e9 d&rsquo;\u00e9tablir un programme d&rsquo;affiliation qui s&rsquo;av\u00e8re tr\u00e8s rentable et s&rsquo;aligne pr\u00e9cis\u00e9ment avec leurs exigences commerciales uniques. En outre, l&rsquo;installation et l&rsquo;utilisation de ce plugin sont incroyablement simples, et sa vaste suite de fonctionnalit\u00e9s avanc\u00e9es permet aux utilisateurs d&rsquo;optimiser leur programme d&rsquo;affiliation afin d&rsquo;obtenir des r\u00e9sultats optimaux. En tirant parti des innombrables avantages de l&rsquo;affiliatewp, que ce soit en fl\u00e8che des chiffres de vente, en amplifiant le trafic Web ou en renfor\u00e7ant la reconnaissance de la marque, les propri\u00e9taires de sites Web et les blogueurs sont en mesure de capitaliser efficacement sur le potentiel de mon\u00e9tisation de leur plate-forme en ligne.<\/p>\n<ul>\n<li>Permet aux propri\u00e9taires de sites Web de mettre en place leur propre programme d&rsquo;affiliation<\/li>\n<li>Suit les r\u00e9f\u00e9rences et commissions affili\u00e9es<\/li>\n<li>Int\u00e9gre parfaitement les plateformes de commerce \u00e9lectronique populaires<\/li>\n<li>Fournit des rapports et des analyses en temps r\u00e9el<\/li>\n<li>Offre des comptes et cr\u00e9atifs d&rsquo;affiliation illimit\u00e9s<\/li>\n<li>Prend en charge plusieurs m\u00e9thodes de paiement<\/li>\n<li>Permet les taux de commission personnalis\u00e9s et les niveaux<\/li>\n<li>Fournit un tableau de bord affili\u00e9 convivial<\/li>\n<li>Offre une documentation et un support approfondis<\/li>\n<li>Peut \u00eatre facilement personnalis\u00e9 avec des modules compl\u00e9mentaires et des extensions<\/li>\n<\/ul>\n","protected":false},"excerpt":{"rendered":"<p>Le plugin WordPress AffiliateWP pour les entreprises est un outil extr\u00eamement puissant, sp\u00e9cialement con\u00e7u pour rationaliser le marketing d&rsquo;affiliation avec AffiliateWP. Son interface conviviale est un tr\u00e9sor pour les d\u00e9butants et les utilisateurs avanc\u00e9s dans le marketing d&rsquo;affiliation. Que vous soyez une entreprise \u00e0 petite \u00e9chelle de vous aventurer dans le marketing d&rsquo;affiliation ou un marchand num\u00e9rique \u00e9tabli visant \u00e0 \u00e9lever votre programme, AffiliateWP propose des solutions sur mesure avec un large \u00e9ventail d&rsquo;outils et de ressources.<\/p>\n<p>L&rsquo;un des principaux avantages d&rsquo;AffiliateWP est son int\u00e9gration transparente avec WooCommerce et des t\u00e9l\u00e9chargements num\u00e9riques faciles. Cette int\u00e9gration rend sans effort de l&rsquo;\u00e9tablissement et de la gestion de vos relations d&rsquo;affiliation. Les \u00e9valuations des performances utilisant AffiliateWP sont compl\u00e8tes, vous permettant de surveiller et d&rsquo;optimiser de pr\u00e8s vos efforts de marketing.<\/p>\n<p>Les outils fournis par AffiliateWP pour les marchands num\u00e9riques sont complets, con\u00e7us pour propulser vos programmes d&rsquo;affiliation \u00e0 de nouveaux sommets de succ\u00e8s. Quelle que soit la taille ou le niveau d&rsquo;exp\u00e9rience de votre entreprise, AffiliateWP est \u00e9quip\u00e9 de ressources adapt\u00e9es avec diligence pour aider votre parcours de marketing d&rsquo;affiliation r\u00e9ussi. Des d\u00e9butants aux utilisateurs avanc\u00e9s, AffiliateWP propose des solutions pour tous.<\/p>\n","protected":false},"featured_media":143090,"comment_status":"open","ping_status":"open","template":"","meta":[],"product_brand":[2453],"product_cat":[1182,1200,1181],"product_tag":[1202],"class_list":{"0":"post-106156","1":"product","2":"type-product","3":"status-publish","4":"has-post-thumbnail","6":"product_brand-affiliate-wp","7":"product_cat-commerce-electronique-plugins","8":"product_cat-commercialisation","9":"product_cat-plugins","10":"product_tag-affiliate-wp","11":"member-discount","12":"discount-restricted","14":"first","15":"instock","16":"sale","17":"downloadable","18":"virtual","19":"sold-individually","20":"purchasable","21":"product-type-simple"},"_links":{"self":[{"href":"https:\/\/gpl-love.com\/fr\/wp-json\/wp\/v2\/product\/106156","targetHints":{"allow":["GET"]}}],"collection":[{"href":"https:\/\/gpl-love.com\/fr\/wp-json\/wp\/v2\/product"}],"about":[{"href":"https:\/\/gpl-love.com\/fr\/wp-json\/wp\/v2\/types\/product"}],"replies":[{"embeddable":true,"href":"https:\/\/gpl-love.com\/fr\/wp-json\/wp\/v2\/comments?post=106156"}],"wp:featuredmedia":[{"embeddable":true,"href":"https:\/\/gpl-love.com\/fr\/wp-json\/wp\/v2\/media\/143090"}],"wp:attachment":[{"href":"https:\/\/gpl-love.com\/fr\/wp-json\/wp\/v2\/media?parent=106156"}],"wp:term":[{"taxonomy":"product_brand","embeddable":true,"href":"https:\/\/gpl-love.com\/fr\/wp-json\/wp\/v2\/product_brand?post=106156"},{"taxonomy":"product_cat","embeddable":true,"href":"https:\/\/gpl-love.com\/fr\/wp-json\/wp\/v2\/product_cat?post=106156"},{"taxonomy":"product_tag","embeddable":true,"href":"https:\/\/gpl-love.com\/fr\/wp-json\/wp\/v2\/product_tag?post=106156"}],"curies":[{"name":"wp","href":"https:\/\/api.w.org\/{rel}","templated":true}]}}