{"id":106131,"date":"2023-01-13T00:00:00","date_gmt":"2023-01-12T23:00:00","guid":{"rendered":"http:\/\/gpl-love.com\/fr\/product\/materiel-zephyr-design-theme\/"},"modified":"2026-03-20T23:54:32","modified_gmt":"2026-03-20T22:54:32","slug":"zephyr-material-design-theme","status":"publish","type":"product","link":"https:\/\/gpl-love.com\/fr\/produit\/zephyr-material-design-theme\/","title":{"rendered":"Zephyr Material Design Theme 8.13.4"},"content":{"rendered":"<h3>Zephyr Material Design Theme Traits<\/h3>\n<p>Le th\u00e8me de la conception des mat\u00e9riaux Zephyr offre une opportunit\u00e9 exceptionnelle pour les personnes qui cherchent \u00e0 d\u00e9velopper un site Web contemporain et visuellement captivant. Ce th\u00e8me poss\u00e8de un design propre et instinctif, mettant l&rsquo;accent sur la typographie audacieuse, les teintes dynamiques et les composants bien d\u00e9finis. En utilisant Zephyr, vous avez la capacit\u00e9 de construire sans effort un site Web qui d\u00e9gage une apparence professionnelle, distincte des masses, que vous g\u00e9rez un blog personnel ou une boutique en ligne. De plus, ce th\u00e8me est pleinement r\u00e9actif, garantissant que votre site maintient une apparence admirable sur tous les appareils. De plus, le th\u00e8me Zephyr Material Design offre une personnalisation sans effort, offrant aux utilisateurs une myriade de choix en termes de sch\u00e9mas de couleurs, de polices et de widgets. En conclusion, si vous recherchez un th\u00e8me qui fusionne parfaitement le design \u00e9l\u00e9gant et contemporain avec des fonctionnalit\u00e9s et une adaptabilit\u00e9 conviviales, Zephyr est incontestablement comme une s\u00e9lection exceptionnelle.<\/p>\n<ul>\n<li>Un th\u00e8me de conception de mat\u00e9riaux moderne et \u00e9l\u00e9gant pour les applications Web et mobiles.<\/li>\n<li>Pr\u00e9sente des couleurs vibrantes et une typographie audacieuse.<\/li>\n<li>Comprend plusieurs dispositions pour les pages et les sections.<\/li>\n<li>Livr\u00e9 avec une vari\u00e9t\u00e9 d&rsquo;ic\u00f4nes et d&rsquo;illustrations.<\/li>\n<li>Construit avec la r\u00e9activit\u00e9 \u00e0 l&rsquo;esprit, garantissant que votre application a fi\u00e8re allure sur n&rsquo;importe quel appareil.<\/li>\n<li>Optimis\u00e9 pour les vitesses de chargement rapide.<\/li>\n<li>Facile \u00e0 personnaliser et \u00e0 int\u00e9grer dans votre application existante.<\/li>\n<li>Compatible avec des cadres populaires tels que bootstrap, fondation et se mat\u00e9rialiser.<\/li>\n<li>Comprend une documentation d\u00e9taill\u00e9e et un support pour toute question ou probl\u00e8me.<\/li>\n<\/ul>\n","protected":false},"excerpt":{"rendered":"<p>Le th\u00e8me de la conception du mat\u00e9riau Zephyr, un mod\u00e8le de conception impeccablement \u00e9l\u00e9gant et contemporain, poss\u00e8de la capacit\u00e9 remarquable \u00e0 insuffler la vie \u00e0 votre site Web. Ses lignes propres et \u00e9l\u00e9gantes, associ\u00e9es \u00e0 ses couleurs vibrantes et vives, font de ce th\u00e8me un choix id\u00e9al pour pr\u00e9senter votre contenu de mani\u00e8re captivante et conviviale. De plus, sa conception r\u00e9active garantit un \u00e9cran visuellement \u00e9tonnant sur divers appareils mobiles, tandis que ses fonctionnalit\u00e9s de personnalisation conviviales vous permettent de la personnaliser dans le contenu de votre c\u0153ur. Que vous vous lanciez dans un nouveau parcours de cr\u00e9ation de site Web ou que vous vous r\u00e9jouissiez un nouveau site existant, le th\u00e8me de la conception des mat\u00e9riaux de Zephyr vous permettra sans aucun doute de vous distinguer sans effort du vaste oc\u00e9an de concurrents en ligne.<\/p>\n","protected":false},"featured_media":146471,"comment_status":"open","ping_status":"closed","template":"","meta":[],"product_brand":[2433],"product_cat":[1242,1212,1213],"product_tag":[1366],"class_list":{"0":"post-106131","1":"product","2":"type-product","3":"status-publish","4":"has-post-thumbnail","6":"product_brand-themeforest","7":"product_cat-creatif","8":"product_cat-themes","9":"product_cat-wordpress-themes","10":"product_tag-themeforest","11":"member-discount","12":"discount-restricted","14":"first","15":"instock","16":"sale","17":"downloadable","18":"virtual","19":"sold-individually","20":"purchasable","21":"product-type-simple"},"_links":{"self":[{"href":"https:\/\/gpl-love.com\/fr\/wp-json\/wp\/v2\/product\/106131","targetHints":{"allow":["GET"]}}],"collection":[{"href":"https:\/\/gpl-love.com\/fr\/wp-json\/wp\/v2\/product"}],"about":[{"href":"https:\/\/gpl-love.com\/fr\/wp-json\/wp\/v2\/types\/product"}],"replies":[{"embeddable":true,"href":"https:\/\/gpl-love.com\/fr\/wp-json\/wp\/v2\/comments?post=106131"}],"wp:featuredmedia":[{"embeddable":true,"href":"https:\/\/gpl-love.com\/fr\/wp-json\/wp\/v2\/media\/146471"}],"wp:attachment":[{"href":"https:\/\/gpl-love.com\/fr\/wp-json\/wp\/v2\/media?parent=106131"}],"wp:term":[{"taxonomy":"product_brand","embeddable":true,"href":"https:\/\/gpl-love.com\/fr\/wp-json\/wp\/v2\/product_brand?post=106131"},{"taxonomy":"product_cat","embeddable":true,"href":"https:\/\/gpl-love.com\/fr\/wp-json\/wp\/v2\/product_cat?post=106131"},{"taxonomy":"product_tag","embeddable":true,"href":"https:\/\/gpl-love.com\/fr\/wp-json\/wp\/v2\/product_tag?post=106131"}],"curies":[{"name":"wp","href":"https:\/\/api.w.org\/{rel}","templated":true}]}}