{"id":106129,"date":"2025-10-23T00:00:00","date_gmt":"2025-10-22T22:00:00","guid":{"rendered":"http:\/\/gpl-love.com\/fr\/product\/yoast-woocommerce-seo-premium\/"},"modified":"2026-04-01T00:31:05","modified_gmt":"2026-03-31T22:31:05","slug":"yoast-woocommerce-seo-premium","status":"publish","type":"product","link":"https:\/\/gpl-love.com\/fr\/produit\/yoast-woocommerce-seo-premium\/","title":{"rendered":"Yoast WooCommerce SEO Premium 16.8"},"content":{"rendered":"<h3>Yoast WooCommerce SEO Premium Traits<\/h3>\n<p>Yoast WooCommerce Seo Premium est un outil incroyablement puissant qui am\u00e9liore consid\u00e9rablement l&rsquo;optimisation des moteurs de recherche des sites Web WooCommerce, offrant une multitude de fonctionnalit\u00e9s avanc\u00e9es. Avec son interface intuitive et conviviale, les utilisateurs peuvent personnaliser sans effort des descriptions, des titres et des mots cl\u00e9s pour tous les produits et pages de leurs sites Web. En outre, ce logiciel exceptionnel g\u00e9n\u00e8re des sitemaps XML, facilitant la rampe et l&rsquo;indexation transparentes du contenu par les moteurs de recherche. En tirant parti des capacit\u00e9s de Yoast WooCommerce SEO Premium, les entreprises en ligne peuvent optimiser efficacement leurs sites Web pour la recherche locale, g\u00e9rer efficacement les redirections et surveiller sans effort le trafic Web. En substance, ce logiciel propose une suite compl\u00e8te de fonctionnalit\u00e9s de pointe, renfor\u00e7ant la visibilit\u00e9 en ligne des entreprises, attirant un afflux de trafic accru et finalement conduit les ventes \u00e0 des hauteurs sans pr\u00e9c\u00e9dent.<\/p>\n<ul>\n<li>Optimise votre magasin WooCommerce pour les moteurs de recherche<\/li>\n<li>Fournit une analyse SEO en temps r\u00e9el de vos pages de produits<\/li>\n<li>Offre des informations et des suggestions de contenu pour am\u00e9liorer le r\u00e9f\u00e9rencement et la lisibilit\u00e9<\/li>\n<li>G\u00e9n\u00e8re automatiquement des sitemaps XML et les met \u00e0 jour \u00e0 mesure que de nouveaux produits sont ajout\u00e9s<\/li>\n<li>Am\u00e9liore le partage des m\u00e9dias sociaux avec les aper\u00e7us personnalisables Facebook et Twitter<\/li>\n<li>Comprend un puissant gestionnaire de redirection pour pr\u00e9server la valeur SEO des anciennes pages<\/li>\n<li>S&rsquo;int\u00e8gre \u00e0 Google Analytics pour suivre et analyser le comportement des visiteurs<\/li>\n<li>Fournit une prise en charge de plusieurs langues et devises<\/li>\n<li>Offre le support client premium de l&rsquo;\u00e9quipe d&rsquo;experts de Yoast<\/li>\n<\/ul>\n","protected":false},"excerpt":{"rendered":"<p>D\u00e9verrouillez la r\u00e9solution in\u00e9gal\u00e9e et d\u00e9finitive pour affiner l&rsquo;efficacit\u00e9 de votre magasin WooCommerce en tirant parti des capacit\u00e9s inestimables de Yoast WooCommerce SEO Premium. Ce plugin remarquablement puissant simplifie impeccablement le processus d&rsquo;optimisation sur la page pour une large gamme de composants cruciaux, y compris, mais sans s&rsquo;y limiter, les pages de produits, les pages de cat\u00e9gorie et tous les autres contenus associ\u00e9s \u00e0 WooCommerce. Arm\u00e9 d&rsquo;une pl\u00e9thore de fonctionnalit\u00e9s de pointe telles que la navigation de fracture am\u00e9lior\u00e9e, un balisage de sch\u00e9ma m\u00e9ticuleusement mis en \u0153uvre et une gamme d&rsquo;options de partage social am\u00e9lior\u00e9es, vous assisteriez sans aucun doute \u00e0 une am\u00e9lioration substantielle de la visibilit\u00e9 de votre emporium en ligne, attire ainsi sans effort dans une plus grande partie de plus grande dans une plus grande augmentation dans une plus grande partie dans une plus grande allure dans un plus grand plus grand effort dans une plus grande partie dans une plus grande \u00e9laboration de plus grande dans un plus grand effort dans une plus grande partie dans une plus grande plus grande envergure dans un plus grand effort dans une plus grande plus grande enver afflux de trafic organique et augmenter vos chiffres de vente globaux. Alors pourquoi en tarder davantage? Commencez le voyage d&rsquo;optimisation de votre magasin WooCommerce en utilisant les prouesses in\u00e9gal\u00e9es de Yoast WooCommerce SEO Premium aujourd&rsquo;hui!<\/p>\n","protected":false},"featured_media":146453,"comment_status":"open","ping_status":"open","template":"","meta":[],"product_brand":[2749],"product_cat":[1181,1335,1186],"product_tag":[1449],"class_list":{"0":"post-106129","1":"product","2":"type-product","3":"status-publish","4":"has-post-thumbnail","6":"product_brand-yoast","7":"product_cat-plugins","8":"product_cat-seo","9":"product_cat-wordpress-plugins","10":"product_tag-yoast","11":"member-discount","12":"discount-restricted","14":"first","15":"instock","16":"sale","17":"downloadable","18":"virtual","19":"sold-individually","20":"purchasable","21":"product-type-simple"},"_links":{"self":[{"href":"https:\/\/gpl-love.com\/fr\/wp-json\/wp\/v2\/product\/106129","targetHints":{"allow":["GET"]}}],"collection":[{"href":"https:\/\/gpl-love.com\/fr\/wp-json\/wp\/v2\/product"}],"about":[{"href":"https:\/\/gpl-love.com\/fr\/wp-json\/wp\/v2\/types\/product"}],"replies":[{"embeddable":true,"href":"https:\/\/gpl-love.com\/fr\/wp-json\/wp\/v2\/comments?post=106129"}],"wp:featuredmedia":[{"embeddable":true,"href":"https:\/\/gpl-love.com\/fr\/wp-json\/wp\/v2\/media\/146453"}],"wp:attachment":[{"href":"https:\/\/gpl-love.com\/fr\/wp-json\/wp\/v2\/media?parent=106129"}],"wp:term":[{"taxonomy":"product_brand","embeddable":true,"href":"https:\/\/gpl-love.com\/fr\/wp-json\/wp\/v2\/product_brand?post=106129"},{"taxonomy":"product_cat","embeddable":true,"href":"https:\/\/gpl-love.com\/fr\/wp-json\/wp\/v2\/product_cat?post=106129"},{"taxonomy":"product_tag","embeddable":true,"href":"https:\/\/gpl-love.com\/fr\/wp-json\/wp\/v2\/product_tag?post=106129"}],"curies":[{"name":"wp","href":"https:\/\/api.w.org\/{rel}","templated":true}]}}