{"id":106127,"date":"2024-12-05T00:00:00","date_gmt":"2024-12-04T23:00:00","guid":{"rendered":"http:\/\/gpl-love.com\/fr\/product\/yoast-video-seo-haut-de-gamme\/"},"modified":"2026-03-20T23:54:15","modified_gmt":"2026-03-20T22:54:15","slug":"yoast-video-seo-premium","status":"publish","type":"product","link":"https:\/\/gpl-love.com\/fr\/produit\/yoast-video-seo-premium\/","title":{"rendered":"Yoast Video SEO Premium 15.0"},"content":{"rendered":"<h3>Yoast Video SEO Premium Traits<\/h3>\n<p>Le plugin Yoast Video SEO Premium, un outil puissant sp\u00e9cialement cr\u00e9\u00e9 pour WordPress, vise \u00e0 optimiser le contenu vid\u00e9o pour les moteurs de recherche. Il poss\u00e8de un large \u00e9ventail de fonctionnalit\u00e9s englobant les aspects de cr\u00e9ation, de publication et de gestion du contenu vid\u00e9o. Notamment, il prend en charge le balisage du sch\u00e9ma, les sitemaps vid\u00e9o et la g\u00e9n\u00e9ration de sitemaps vid\u00e9o XML automatique. Parall\u00e8lement \u00e0 ces capacit\u00e9s avanc\u00e9es, Yoast Video SEO Premium am\u00e9liore l&rsquo;exp\u00e9rience utilisateur en activant les aper\u00e7us vid\u00e9o, les miniatures vid\u00e9o et la lecture vid\u00e9o automatique. Ce plugin est indispensable pour les personnes cherchant \u00e0 am\u00e9liorer la visibilit\u00e9 et l&rsquo;engagement de leur contenu vid\u00e9o sur les moteurs de recherche. Son interface conviviale associ\u00e9e \u00e0 ses fonctionnalit\u00e9s avanc\u00e9es fait de Yoast Video SEO Premium un plugin imp\u00e9ratif pour tout utilisateur WordPress d\u00e9sireux d&rsquo;\u00e9lever son contenu vid\u00e9o \u00e0 de nouveaux sommets.<\/p>\n<ul>\n<li>Optimise le contenu vid\u00e9o \u00e0 des fins de r\u00e9f\u00e9rencement<\/li>\n<li>Fournit un site de site vid\u00e9o complet pour une indexation facile par les moteurs de recherche<\/li>\n<li>Permet l&rsquo;int\u00e9gration de m\u00e9tadonn\u00e9es vid\u00e9o personnalis\u00e9es<\/li>\n<li>G\u00e9n\u00e8re des extraits vid\u00e9o pour les pages de r\u00e9sultats des moteurs de recherche (SERP)<\/li>\n<li>Fournit des options d&rsquo;optimisation vid\u00e9o Facebook et Twitter<\/li>\n<li>S&rsquo;int\u00e8gre \u00e0 Yoast SEO pour une optimisation vid\u00e9o sans couture sur les sites Web WordPress<\/li>\n<li>Permet un suivi facile de l&rsquo;analyse vid\u00e9o via l&rsquo;int\u00e9gration Google Analytics<\/li>\n<li>Offre le soutien prioritaire de l&rsquo;\u00e9quipe de service client expert de Yoast avec abonnement premium.<\/li>\n<\/ul>\n","protected":false},"excerpt":{"rendered":"<p>Yoast Video SEO Premium est un plugin incroyablement robuste qui offre une assistance inestimable dans l&rsquo;optimisation de vos vid\u00e9os pour les moteurs de recherche. En fournissant une vaste gamme de fonctionnalit\u00e9s, notamment la g\u00e9n\u00e9ration de sitemap vid\u00e9o, l&rsquo;int\u00e9gration transparente avec schema.org, et la capacit\u00e9 d&rsquo;\u00e9laborer des titres et des descriptions sp\u00e9cifiquement adapt\u00e9s \u00e0 l&rsquo;optimisation optimale du moteur de recherche, ce plugin permet aux cr\u00e9ateurs de contenu vid\u00e9o pour am\u00e9liorer consid\u00e9rablement leur visibilit\u00e9 et efficacement G\u00e9nirez le trafic vers leurs vid\u00e9os. En outre, la version premium poss\u00e8de des fonctionnalit\u00e9s avanc\u00e9es telles que la g\u00e9n\u00e9ration automatique de vignettes vid\u00e9o et la capacit\u00e9 pratique \u00e0 t\u00e9l\u00e9charger et \u00e0 int\u00e9grer directement les vid\u00e9os dans le plugin lui-m\u00eame. Ainsi, cet outil indispensable sert de n\u00e9cessit\u00e9 absolue \u00e0 tout marketing vid\u00e9o qui cherche \u00e0 \u00e9lever leurs strat\u00e9gies de r\u00e9f\u00e9rencement vid\u00e9o et \u00e0 \u00e9tendre leur port\u00e9e \u00e0 un public plus large.<\/p>\n","protected":false},"featured_media":146452,"comment_status":"open","ping_status":"closed","template":"","meta":[],"product_brand":[2749],"product_cat":[1335,1181,1186],"product_tag":[1449],"class_list":{"0":"post-106127","1":"product","2":"type-product","3":"status-publish","4":"has-post-thumbnail","6":"product_brand-yoast","7":"product_cat-seo","8":"product_cat-plugins","9":"product_cat-wordpress-plugins","10":"product_tag-yoast","11":"member-discount","12":"discount-restricted","14":"first","15":"instock","16":"sale","17":"downloadable","18":"virtual","19":"sold-individually","20":"purchasable","21":"product-type-simple"},"_links":{"self":[{"href":"https:\/\/gpl-love.com\/fr\/wp-json\/wp\/v2\/product\/106127","targetHints":{"allow":["GET"]}}],"collection":[{"href":"https:\/\/gpl-love.com\/fr\/wp-json\/wp\/v2\/product"}],"about":[{"href":"https:\/\/gpl-love.com\/fr\/wp-json\/wp\/v2\/types\/product"}],"replies":[{"embeddable":true,"href":"https:\/\/gpl-love.com\/fr\/wp-json\/wp\/v2\/comments?post=106127"}],"wp:featuredmedia":[{"embeddable":true,"href":"https:\/\/gpl-love.com\/fr\/wp-json\/wp\/v2\/media\/146452"}],"wp:attachment":[{"href":"https:\/\/gpl-love.com\/fr\/wp-json\/wp\/v2\/media?parent=106127"}],"wp:term":[{"taxonomy":"product_brand","embeddable":true,"href":"https:\/\/gpl-love.com\/fr\/wp-json\/wp\/v2\/product_brand?post=106127"},{"taxonomy":"product_cat","embeddable":true,"href":"https:\/\/gpl-love.com\/fr\/wp-json\/wp\/v2\/product_cat?post=106127"},{"taxonomy":"product_tag","embeddable":true,"href":"https:\/\/gpl-love.com\/fr\/wp-json\/wp\/v2\/product_tag?post=106127"}],"curies":[{"name":"wp","href":"https:\/\/api.w.org\/{rel}","templated":true}]}}