{"id":106125,"date":"2026-04-16T00:00:00","date_gmt":"2026-04-15T22:00:00","guid":{"rendered":"http:\/\/gpl-love.com\/fr\/product\/yoast-seo-premium\/"},"modified":"2026-04-17T00:31:33","modified_gmt":"2026-04-16T22:31:33","slug":"yoast-seo-premium","status":"publish","type":"product","link":"https:\/\/gpl-love.com\/fr\/produit\/yoast-seo-premium\/","title":{"rendered":"Yoast Seo Premium 27.4"},"content":{"rendered":"<h3>Yoast Seo Premium Traits<\/h3>\n<p>Yoast SEO Premium, un plugin incroyablement puissant d\u00e9velopp\u00e9 sp\u00e9cifiquement pour les utilisateurs de WordPress, poss\u00e8de une gamme de fonctionnalit\u00e9s remarquables visant \u00e0 optimiser le contenu du site Web et \u00e0 \u00e9lever les classements des moteurs de recherche. Cet outil multiforme comprend une vari\u00e9t\u00e9 de fonctionnalit\u00e9s, notamment l&rsquo;optimisation des mots cl\u00e9s, l&rsquo;analyse du contenu, les \u00e9valuations de lisibilit\u00e9 et les capacit\u00e9s techniques de r\u00e9f\u00e9rencement. En \u00e9quipant les utilisateurs de ces ressources inestimables, Yoast SEO Premium leur permet de cr\u00e9er un contenu de haut niveau et optimis\u00e9 qui s&rsquo;adresse de mani\u00e8re transparente aux utilisateurs et aux moteurs de recherche. De plus, ce plugin exceptionnel offre des fonctionnalit\u00e9s avanc\u00e9es telles que les suggestions de liaison interne, la gestion de la redirection et les aper\u00e7us des m\u00e9dias sociaux, aboutissant \u00e0 une solution compl\u00e8te qui r\u00e9pond aux besoins de quiconque cherche \u00e0 am\u00e9liorer la visibilit\u00e9 de leur site Web et \u00e0 g\u00e9n\u00e9rer plus de trafic. En r\u00e9sum\u00e9, Yoast SEO Premium est un atout indispensable pour les individus qui s&rsquo;efforcent d&rsquo;am\u00e9liorer les performances du r\u00e9f\u00e9rencement de leur site Web et de gagner un avantage concurrentiel dans le paysage num\u00e9rique.<\/p>\n<ul>\n<li>Optimiser facilement le site Web pour les moteurs de recherche<\/li>\n<li>Acc\u00e8s aux fonctionnalit\u00e9s avanc\u00e9es et puissantes pour une optimisation maximale<\/li>\n<li>Am\u00e9liorer la lisibilit\u00e9 avec un outil d&rsquo;analyse de contenu int\u00e9gr\u00e9<\/li>\n<li>Aper\u00e7u de la fa\u00e7on dont votre site Web appara\u00eetra dans les r\u00e9sultats de la recherche<\/li>\n<li>Personnalisez l&rsquo;apparence des m\u00e9dias sociaux de votre site Web<\/li>\n<li>Surveiller et suivre les m\u00e9triques d&rsquo;importance du site Web<\/li>\n<li>Restez \u00e0 jour avec les mises \u00e0 jour r\u00e9guli\u00e8res et le soutien de Yoast<\/li>\n<li>Profitez d&rsquo;une int\u00e9gration transparente avec les constructeurs de pages populaires et les plates-formes de commerce \u00e9lectronique.<\/li>\n<\/ul>\n","protected":false},"excerpt":{"rendered":"<p>Obtenez les r\u00e9sultats les plus optimaux pour am\u00e9liorer le r\u00e9f\u00e9rencement de votre site Web gr\u00e2ce \u00e0 l&rsquo;utilisation de Yoast SEO Premium. En incorporant un \u00e9ventail de fonctionnalit\u00e9s exceptionnelles, notamment la fourniture de suggestions automatiques pour la liaison interne, l&rsquo;analyse en temps r\u00e9el du contenu et la mise en \u0153uvre de contr\u00f4les de sch\u00e9ma avanc\u00e9, Yoast SEO Premium sert de catalyseur dans l&rsquo;\u00e9l\u00e9vation du niveau d&rsquo;optimisation pour votre site. De plus, vous aurez acc\u00e8s au support client 24h \/ 24 fourni par les experts de l&rsquo;industrie \u00e0 Yoast. Propulser le r\u00e9f\u00e9rencement de votre site Web vers de nouveaux sommets en adoptant les capacit\u00e9s in\u00e9gal\u00e9es de Yoast SEO Premium.<\/p>\n","protected":false},"featured_media":146451,"comment_status":"open","ping_status":"closed","template":"","meta":[],"product_brand":[2749],"product_cat":[1181,1335,1186],"product_tag":[1449],"class_list":{"0":"post-106125","1":"product","2":"type-product","3":"status-publish","4":"has-post-thumbnail","6":"product_brand-yoast","7":"product_cat-plugins","8":"product_cat-seo","9":"product_cat-wordpress-plugins","10":"product_tag-yoast","11":"member-discount","12":"discount-restricted","14":"first","15":"instock","16":"sale","17":"downloadable","18":"virtual","19":"sold-individually","20":"purchasable","21":"product-type-simple"},"_links":{"self":[{"href":"https:\/\/gpl-love.com\/fr\/wp-json\/wp\/v2\/product\/106125","targetHints":{"allow":["GET"]}}],"collection":[{"href":"https:\/\/gpl-love.com\/fr\/wp-json\/wp\/v2\/product"}],"about":[{"href":"https:\/\/gpl-love.com\/fr\/wp-json\/wp\/v2\/types\/product"}],"replies":[{"embeddable":true,"href":"https:\/\/gpl-love.com\/fr\/wp-json\/wp\/v2\/comments?post=106125"}],"wp:featuredmedia":[{"embeddable":true,"href":"https:\/\/gpl-love.com\/fr\/wp-json\/wp\/v2\/media\/146451"}],"wp:attachment":[{"href":"https:\/\/gpl-love.com\/fr\/wp-json\/wp\/v2\/media?parent=106125"}],"wp:term":[{"taxonomy":"product_brand","embeddable":true,"href":"https:\/\/gpl-love.com\/fr\/wp-json\/wp\/v2\/product_brand?post=106125"},{"taxonomy":"product_cat","embeddable":true,"href":"https:\/\/gpl-love.com\/fr\/wp-json\/wp\/v2\/product_cat?post=106125"},{"taxonomy":"product_tag","embeddable":true,"href":"https:\/\/gpl-love.com\/fr\/wp-json\/wp\/v2\/product_tag?post=106125"}],"curies":[{"name":"wp","href":"https:\/\/api.w.org\/{rel}","templated":true}]}}