{"id":106123,"date":"2025-02-06T00:00:00","date_gmt":"2025-02-05T23:00:00","guid":{"rendered":"http:\/\/gpl-love.com\/fr\/product\/yoast-nouvelles-seo-haut-de-gamme\/"},"modified":"2026-03-20T23:54:14","modified_gmt":"2026-03-20T22:54:14","slug":"yoast-news-seo-premium","status":"publish","type":"product","link":"https:\/\/gpl-love.com\/fr\/produit\/yoast-news-seo-premium\/","title":{"rendered":"Yoast News SEO Premium 13.3"},"content":{"rendered":"<h3>Yoast News SEO Premium Traits<\/h3>\n<p>Yoast News Seo Premium est un outil en ligne incroyablement robuste et influent qui sert \u00e0 aider les \u00e9diteurs et les sites Web d&rsquo;information pour optimiser leur contenu pour les moteurs de recherche, les plateformes de m\u00e9dias sociaux et les plateformes d&rsquo;information. Gr\u00e2ce \u00e0 sa gamme de fonctionnalit\u00e9s avanc\u00e9es, Yoast News SEO Premium garantit que vos articles restent constamment \u00e0 jour et optimis\u00e9 conform\u00e9ment aux derniers algorithmes de moteur de recherche. Cet outil tout compris fournit une analyse de mots cl\u00e9s approfondie, des informations de contenu inestimables et des aper\u00e7us de m\u00e9dias sociaux, qui fonctionnent tous harmonieusement pour \u00e9lever et augmenter vos articles, leur accordant une visibilit\u00e9 maximale et favoriser un engagement optimal. De plus, Yoast News SEO Premium \u00e9tend le support pour Google News, accordant aux \u00e9diteurs la possibilit\u00e9 d&rsquo;indexer efficacement leurs articles et de garantir leur pr\u00e9sence dans les r\u00e9sultats de la recherche de Google News. B\u00e9n\u00e9ficiant d&rsquo;une interface conviviale et d&rsquo;un assortiment de fonctionnalit\u00e9s avanc\u00e9es, Yoast News SEO Premium s&rsquo;av\u00e8re \u00eatre l&rsquo;outil ultime pour les \u00e9diteurs aspirant \u00e0 \u00e9tendre leur visibilit\u00e9 en ligne et \u00e0 \u00e9tendre leur port\u00e9e \u00e0 un public plus large.<\/p>\n<ul>\n<li>Aide \u00e0 am\u00e9liorer le classement de votre site Web dans Google News<\/li>\n<li>Permet une int\u00e9gration facile avec Google News Publisher Center<\/li>\n<li>Fournit des suggestions sur l&rsquo;am\u00e9lioration des titres et descriptions de votre article pour un r\u00e9f\u00e9rencement optimal<\/li>\n<li>Vous permet de configurer des sites de nouvelles XML avanc\u00e9s pour votre site Web<\/li>\n<li>Comprend la prise en charge des mots cl\u00e9s de presse Google Meta Tags<\/li>\n<li>Vous aide \u00e0 vous assurer que votre site Web est optimis\u00e9 pour Google News et les r\u00e9sultats de recherche Google r\u00e9guliers<\/li>\n<li>Fournit un support client prioritaire pour tous les probl\u00e8mes ou questions que vous pourriez avoir.<\/li>\n<\/ul>\n","protected":false},"excerpt":{"rendered":"<p>Le plugin Yoast News SEO Premium est un outil incroyablement robuste qui a \u00e9t\u00e9 sp\u00e9cifiquement d\u00e9velopp\u00e9 pour am\u00e9liorer l&rsquo;optimisation du contenu sur votre site Web d&rsquo;actualit\u00e9s, dans le but ultime d&rsquo;augmenter sa visibilit\u00e9 sur les moteurs de recherche. Ce plugin exceptionnel poss\u00e8de un \u00e9ventail de fonctionnalit\u00e9s impressionnantes, y compris, mais sans s&rsquo;y limiter, les titres d&rsquo;actualit\u00e9s automatiques, les balises de m\u00e9ta d&rsquo;information personnalisables et l&rsquo;int\u00e9gration transparente avec Google News. En incorporant ces fonctionnalit\u00e9s dans votre site Web, vous pouvez \u00eatre assur\u00e9 que vos articles et communiqu\u00e9s de presse seront accessibles sans effort aux personnes appropri\u00e9es pr\u00e9cis\u00e9ment lorsqu&rsquo;elles en auront le plus besoin. De plus, ce plugin va au-del\u00e0 en offrant des outils d&rsquo;analyse avanc\u00e9s qui examinent avec diligence vos articles pour s&rsquo;assurer qu&rsquo;ils adh\u00e8rent aux directives strictes \u00e9nonc\u00e9es par Google News. En respectant ces directives, vous \u00eates effectivement en mesure d&rsquo;optimiser la visibilit\u00e9 de votre site Web et de v\u00e9rifier que votre message atteint efficacement un public plus large et plus vaste.<\/p>\n","protected":false},"featured_media":146450,"comment_status":"open","ping_status":"closed","template":"","meta":[],"product_brand":[2749],"product_cat":[1335,1181,1186],"product_tag":[1449],"class_list":{"0":"post-106123","1":"product","2":"type-product","3":"status-publish","4":"has-post-thumbnail","6":"product_brand-yoast","7":"product_cat-seo","8":"product_cat-plugins","9":"product_cat-wordpress-plugins","10":"product_tag-yoast","11":"member-discount","12":"discount-restricted","14":"first","15":"instock","16":"sale","17":"downloadable","18":"virtual","19":"sold-individually","20":"purchasable","21":"product-type-simple"},"_links":{"self":[{"href":"https:\/\/gpl-love.com\/fr\/wp-json\/wp\/v2\/product\/106123","targetHints":{"allow":["GET"]}}],"collection":[{"href":"https:\/\/gpl-love.com\/fr\/wp-json\/wp\/v2\/product"}],"about":[{"href":"https:\/\/gpl-love.com\/fr\/wp-json\/wp\/v2\/types\/product"}],"replies":[{"embeddable":true,"href":"https:\/\/gpl-love.com\/fr\/wp-json\/wp\/v2\/comments?post=106123"}],"wp:featuredmedia":[{"embeddable":true,"href":"https:\/\/gpl-love.com\/fr\/wp-json\/wp\/v2\/media\/146450"}],"wp:attachment":[{"href":"https:\/\/gpl-love.com\/fr\/wp-json\/wp\/v2\/media?parent=106123"}],"wp:term":[{"taxonomy":"product_brand","embeddable":true,"href":"https:\/\/gpl-love.com\/fr\/wp-json\/wp\/v2\/product_brand?post=106123"},{"taxonomy":"product_cat","embeddable":true,"href":"https:\/\/gpl-love.com\/fr\/wp-json\/wp\/v2\/product_cat?post=106123"},{"taxonomy":"product_tag","embeddable":true,"href":"https:\/\/gpl-love.com\/fr\/wp-json\/wp\/v2\/product_tag?post=106123"}],"curies":[{"name":"wp","href":"https:\/\/api.w.org\/{rel}","templated":true}]}}