{"id":106121,"date":"2026-01-24T00:00:00","date_gmt":"2026-01-23T23:00:00","guid":{"rendered":"http:\/\/gpl-love.com\/fr\/product\/yoast-local-seo-premium\/"},"modified":"2026-04-01T00:31:03","modified_gmt":"2026-03-31T22:31:03","slug":"yoast-local-seo-premium","status":"publish","type":"product","link":"https:\/\/gpl-love.com\/fr\/produit\/yoast-local-seo-premium\/","title":{"rendered":"Yoast Local SEO Premium 15.8"},"content":{"rendered":"<h3>Yoast Local SEO Premium Traits<\/h3>\n<p>Yoast Local SEO Premium est un outil incroyablement robuste et efficace qui joue un r\u00f4le crucial dans l&rsquo;aide aux entreprises dans l&rsquo;am\u00e9lioration de leur classement de moteurs de recherche gr\u00e2ce \u00e0 l&rsquo;optimisation de leurs listes locales. Cet outil remarquable offre une vaste gamme de fonctionnalit\u00e9s, englobant la fourniture de pages de localisation personnalis\u00e9es, une synchronisation automatique sans couture avec Google My Business, ainsi qu&rsquo;une int\u00e9gration transparente avec le SEO Yoast estim\u00e9. En utilisant le pouvoir de Yoast Local SEO Premium, les entreprises sont autoris\u00e9es \u00e0 s&rsquo;assurer que leur pr\u00e9sence en ligne refl\u00e8te impeccablement leur emplacement physique, catapultant ainsi leur visibilit\u00e9 et attirant sans effort un plus grand nombre de clients locaux. De plus, ce plugin exceptionnel poss\u00e8de une interface conviviale qui le rend exceptionnellement facile \u00e0 naviguer et \u00e0 utiliser, et il fournit en outre un support complet pour guider les entreprises vers la r\u00e9alisation de leurs objectifs d&rsquo;optimisation. Que l&rsquo;on soit un propri\u00e9taire d&rsquo;une petite entreprise qui cherche \u00e0 maximiser son succ\u00e8s ou un professionnel du marketing visant \u00e0 optimiser ses strat\u00e9gies, la nature indispensable de Yoast Local SEO Premium en tant qu&rsquo;outil indispensable pour atteindre le classement des moteurs de recherche locale de premier ordre ne peut pas \u00eatre surestim\u00e9.<\/p>\n<ul>\n<li>Stimuler l&rsquo;optimisation des moteurs de recherche locale<\/li>\n<li>Analyse d\u00e9taill\u00e9e et rapport des performances de r\u00e9f\u00e9rencement locales du site Web<\/li>\n<li>La possibilit\u00e9 d&rsquo;ajouter plusieurs emplacements et d&rsquo;optimiser pour chacun<\/li>\n<li>Int\u00e9gration facile avec Google mon entreprise<\/li>\n<li>Impl\u00e9mentation de la majoration des donn\u00e9es structur\u00e9es pour am\u00e9liorer la visibilit\u00e9 de la recherche locale<\/li>\n<li>Gestion des listes commerciales locales<\/li>\n<li>Insignes pour aider \u00e0 optimiser les termes et phrases de recherche sp\u00e9cifiques<\/li>\n<li>Interface utilisateur facile pour simplifier la gestion du r\u00e9f\u00e9rencement local<\/li>\n<li>Acc\u00e8s aux fonctionnalit\u00e9s avanc\u00e9es et fonctionnalit\u00e9s<\/li>\n<\/ul>\n","protected":false},"excerpt":{"rendered":"<p>Yoast Local SEO Premium appara\u00eet comme un plugin extr\u00eamement puissant sp\u00e9cifiquement d\u00e9velopp\u00e9 pour amplifier consid\u00e9rablement l&rsquo;efficacit\u00e9 des efforts d&rsquo;optimisation des moteurs de recherche locaux pour votre site Web. En utilisant cet outil extraordinaire, vous serez accord\u00e9 avec une vaste gamme de fonctionnalit\u00e9s exceptionnelles qui augmenteront ind\u00e9niablement votre pr\u00e9sence num\u00e9rique, telles que l&rsquo;int\u00e9gration de mots cl\u00e9s locaux, la fusion sans couture avec Google Maps et la possibilit\u00e9 d&rsquo;incorporer la marque de sch\u00e9ma de pointe. Ce qui distingue vraiment votre prime de r\u00e9f\u00e9rencement local, c&rsquo;est son engagement in\u00e9branlable \u00e0 simplifier la t\u00e2che ardue d&rsquo;optimiser votre site Web pour g\u00e9n\u00e9rer un trafic local, facilitant ainsi l&rsquo;attraction d&rsquo;un public plus large, la g\u00e9n\u00e9ration de prospects pr\u00e9cieux et, par cons\u00e9quent, la croissance exponentielle de vos estim\u00e9s estim\u00e9s et, par cons\u00e9quent, la croissance exponentielle de vos estim\u00e9s entreprise. Il s&rsquo;agit d&rsquo;un atout indispensable pour les personnes originaires de divers domaines, que ce soit le domaine de l&rsquo;entrepreneuriat ou du marketing num\u00e9rique, car il leur fait sans \u00e9quivoque les outils n\u00e9cessaires pour am\u00e9liorer remarquablement leurs efforts de r\u00e9f\u00e9rencement locaux.<\/p>\n","protected":false},"featured_media":146449,"comment_status":"open","ping_status":"open","template":"","meta":[],"product_brand":[2749],"product_cat":[1181,1335,1186],"product_tag":[1449],"class_list":{"0":"post-106121","1":"product","2":"type-product","3":"status-publish","4":"has-post-thumbnail","6":"product_brand-yoast","7":"product_cat-plugins","8":"product_cat-seo","9":"product_cat-wordpress-plugins","10":"product_tag-yoast","11":"member-discount","12":"discount-restricted","14":"first","15":"instock","16":"sale","17":"downloadable","18":"virtual","19":"sold-individually","20":"purchasable","21":"product-type-simple"},"_links":{"self":[{"href":"https:\/\/gpl-love.com\/fr\/wp-json\/wp\/v2\/product\/106121","targetHints":{"allow":["GET"]}}],"collection":[{"href":"https:\/\/gpl-love.com\/fr\/wp-json\/wp\/v2\/product"}],"about":[{"href":"https:\/\/gpl-love.com\/fr\/wp-json\/wp\/v2\/types\/product"}],"replies":[{"embeddable":true,"href":"https:\/\/gpl-love.com\/fr\/wp-json\/wp\/v2\/comments?post=106121"}],"wp:featuredmedia":[{"embeddable":true,"href":"https:\/\/gpl-love.com\/fr\/wp-json\/wp\/v2\/media\/146449"}],"wp:attachment":[{"href":"https:\/\/gpl-love.com\/fr\/wp-json\/wp\/v2\/media?parent=106121"}],"wp:term":[{"taxonomy":"product_brand","embeddable":true,"href":"https:\/\/gpl-love.com\/fr\/wp-json\/wp\/v2\/product_brand?post=106121"},{"taxonomy":"product_cat","embeddable":true,"href":"https:\/\/gpl-love.com\/fr\/wp-json\/wp\/v2\/product_cat?post=106121"},{"taxonomy":"product_tag","embeddable":true,"href":"https:\/\/gpl-love.com\/fr\/wp-json\/wp\/v2\/product_tag?post=106121"}],"curies":[{"name":"wp","href":"https:\/\/api.w.org\/{rel}","templated":true}]}}