{"id":106119,"date":"2021-05-14T00:00:00","date_gmt":"2021-05-13T22:00:00","guid":{"rendered":"http:\/\/gpl-love.com\/fr\/product\/yith-wordpress-titre-bar-effets-premium\/"},"modified":"2026-04-21T06:32:36","modified_gmt":"2026-04-21T04:32:36","slug":"yith-wordpress-title-bar-effects-premium","status":"publish","type":"product","link":"https:\/\/gpl-love.com\/fr\/produit\/yith-wordpress-title-bar-effects-premium\/","title":{"rendered":"YITH WordPress Title Bar Effects Premium 1.1.12"},"content":{"rendered":"<h3>YITH WordPress Title Bar Effects Premium Traits<\/h3>\n<p>Le Yith WordPress Title Bar Effects Premium est un plugin tr\u00e8s avanc\u00e9 et de pointe qui est sp\u00e9cialement con\u00e7u pour am\u00e9liorer et am\u00e9liorer l&rsquo;apparence globale et l&rsquo;esth\u00e9tique des barres de titre pr\u00e9sentes sur votre site Web WordPress. En fournissant une large gamme d&rsquo;effets \u00e9l\u00e9gants et visuellement attrayants, ce plugin vous offre la possibilit\u00e9 de personnaliser et de modifier sans effort l&rsquo;apparence de votre barre de titre, en fin de compte, il s&rsquo;aligne parfaitement avec vos pr\u00e9f\u00e9rences d&rsquo;identit\u00e9 et de conception de marque. Que vous souhaitiez incorporer des animations fascinantes, modifier les couleurs ou les polices, ou m\u00eame int\u00e9grer des images ou des logos captivants, les effets de barre de titre WordPress Yith WordPress poss\u00e8dent une vaste gamme d&rsquo;options qui vous permettent de r\u00e9diger sans effort un look vraiment unique et professionnellement poli. De plus, en raison de sa facilit\u00e9 d&rsquo;installation incroyable et de sa nature conviviale, ce plugin premium sert d&rsquo;outil inestimable et puissant, vous permettant d&rsquo;\u00e9lever consid\u00e9rablement l&rsquo;attrait visuel de votre site Web et ainsi captiver et engager efficacement votre public estim\u00e9.<\/p>\n<ul>\n<li>Plugin premium pour WordPress qui ajoute des effets accrocheurs \u00e0 la barre de titre de votre site Web<\/li>\n<li>Choisissez parmi plusieurs styles d&rsquo;animation et personnalisez les couleurs et les polices pour un look personnalis\u00e9<\/li>\n<li>Options pour afficher les effets de la barre de titre sur toutes les pages ou des pages sp\u00e9cifiques en fonction des cat\u00e9gories ou des balises<\/li>\n<li>Compatible avec les th\u00e8mes WordPress populaires et s&rsquo;int\u00e8gre facilement dans la conception de votre site<\/li>\n<li>Aide \u00e0 faire ressortir votre site Web et \u00e0 attirer l&rsquo;attention des visiteurs<\/li>\n<li>Gave le temps et les efforts en \u00e9liminant le besoin de codage ou de conception personnalis\u00e9s<\/li>\n<\/ul>\n","protected":false},"excerpt":{"rendered":"<p>Yith WordPress Title Bar Effets Premium, un plugin WordPress tr\u00e8s robuste, pr\u00e9sente la capacit\u00e9 remarquable d&rsquo;incorporer des effets \u00e0 couper le souffle sur la barre de titre de votre site Web. Emball\u00e9 avec une pl\u00e9thore d&rsquo;options parmi lesquelles s\u00e9lectionner, telles que le texte de d\u00e9filement, les effets de frappe et les d\u00e9condements, ce plugin vous offre la possibilit\u00e9 d&rsquo;infuser un air de professionnalisme et d&rsquo;ing\u00e9niosit\u00e9 dans votre site Web en quelques clics sans effort. Ce plugin premium exceptionnel est navigable sans effort et enti\u00e8rement personnalisable, vous accordant une autorit\u00e9 absolue pour d\u00e9terminer l&rsquo;apparence et l&rsquo;ambiance de votre barre de titre. Que votre intention soit de captiver l&rsquo;attention de vos visiteurs, d&rsquo;\u00e9lever l&rsquo;identit\u00e9 de votre marque ou d&rsquo;augmenter simplement la conception globale de votre site Web, vous pouvez facilement compter sur la comp\u00e9tence in\u00e9gal\u00e9e de Yith WordPress Title Bar Effets Premium.<\/p>\n","protected":false},"featured_media":146447,"comment_status":"open","ping_status":"closed","template":"","meta":[],"product_brand":[2487],"product_cat":[1182,1223,1181],"product_tag":[1437],"class_list":{"0":"post-106119","1":"product","2":"type-product","3":"status-publish","4":"has-post-thumbnail","6":"product_brand-yith","7":"product_cat-commerce-electronique-plugins","8":"product_cat-personnalisation-commerce-electronique-plugins","9":"product_cat-plugins","10":"product_tag-yith","11":"member-discount","12":"discount-restricted","14":"first","15":"instock","16":"sale","17":"downloadable","18":"virtual","19":"sold-individually","20":"purchasable","21":"product-type-simple"},"_links":{"self":[{"href":"https:\/\/gpl-love.com\/fr\/wp-json\/wp\/v2\/product\/106119","targetHints":{"allow":["GET"]}}],"collection":[{"href":"https:\/\/gpl-love.com\/fr\/wp-json\/wp\/v2\/product"}],"about":[{"href":"https:\/\/gpl-love.com\/fr\/wp-json\/wp\/v2\/types\/product"}],"replies":[{"embeddable":true,"href":"https:\/\/gpl-love.com\/fr\/wp-json\/wp\/v2\/comments?post=106119"}],"wp:featuredmedia":[{"embeddable":true,"href":"https:\/\/gpl-love.com\/fr\/wp-json\/wp\/v2\/media\/146447"}],"wp:attachment":[{"href":"https:\/\/gpl-love.com\/fr\/wp-json\/wp\/v2\/media?parent=106119"}],"wp:term":[{"taxonomy":"product_brand","embeddable":true,"href":"https:\/\/gpl-love.com\/fr\/wp-json\/wp\/v2\/product_brand?post=106119"},{"taxonomy":"product_cat","embeddable":true,"href":"https:\/\/gpl-love.com\/fr\/wp-json\/wp\/v2\/product_cat?post=106119"},{"taxonomy":"product_tag","embeddable":true,"href":"https:\/\/gpl-love.com\/fr\/wp-json\/wp\/v2\/product_tag?post=106119"}],"curies":[{"name":"wp","href":"https:\/\/api.w.org\/{rel}","templated":true}]}}