{"id":106117,"date":"2024-03-23T00:00:00","date_gmt":"2024-03-22T23:00:00","guid":{"rendered":"http:\/\/gpl-love.com\/fr\/product\/yith-woocommerce-zoom-loupe-haut-de-gamme\/"},"modified":"2026-04-18T06:32:50","modified_gmt":"2026-04-18T04:32:50","slug":"yith-woocommerce-zoom-magnifier-premium","status":"publish","type":"product","link":"https:\/\/gpl-love.com\/fr\/produit\/yith-woocommerce-zoom-magnifier-premium\/","title":{"rendered":"YITH Zoom Magnifier Premium 2.30.0"},"content":{"rendered":"<h3>YITH Zoom Magnifier Premium Traits<\/h3>\n<p>Le Yith Zoom Magnifier Premium, \u00e9tant un outil tr\u00e8s puissant, am\u00e9liore consid\u00e9rablement l&rsquo;exp\u00e9rience d&rsquo;achat globale pour les clients en ligne. Avec ses capacit\u00e9s remarquables, ce plugin accorde aux clients la possibilit\u00e9 de zoomer sans effort sur les images du produit, permettant ainsi un examen plus approfondi des d\u00e9tails complexes du produit. En outre, il offre une pl\u00e9thore d&rsquo;options de personnalisation, englobant la forme, la taille et la position de la grandeur. L&rsquo;int\u00e9gration de mani\u00e8re transparente de la prime de longer de zoom Yith dans votre boutique en ligne s&rsquo;av\u00e8re \u00eatre une t\u00e2che simple, et son utilisation sert \u00e0 minimiser efficacement les rendements des produits en offrant aux clients une compr\u00e9hension accrue de l&rsquo;article qu&rsquo;ils ont l&rsquo;intention d&rsquo;acheter. En utilisant ce superbe plugin, l&rsquo;augmentation de la satisfaction des clients et l&rsquo;amplification ult\u00e9rieure des ventes deviendront confront\u00e9es \u00e0 des r\u00e9alit\u00e9s tangibles.<\/p>\n<ul>\n<li>Zoomez facilement sur les images du produit<\/li>\n<li>Am\u00e9liorez l&rsquo;exp\u00e9rience client en leur permettant de voir les produits en d\u00e9tail<\/li>\n<li>Compatible avec la plupart des th\u00e8mes WordPress<\/li>\n<li>Conception conviviale pour une facilit\u00e9 d&rsquo;utilisation sur n&rsquo;importe quel appareil<\/li>\n<li>Param\u00e8tres personnalisables, y compris le niveau de zoom et l&#8217;emplacement de la loupe<\/li>\n<li>Fonctionne avec WooCommerce pour afficher des images agrandies sur les pages de produits<\/li>\n<li>Boose les ventes en offrant aux clients une meilleure vue des produits avant l&rsquo;achat<\/li>\n<li>Installation et configuration faciles avec des instructions simples<\/li>\n<li>La version Premium comprend des fonctionnalit\u00e9s suppl\u00e9mentaires telles que la personnalisation de la forme d&rsquo;objectif et le zoom de d\u00e9filement.<\/li>\n<\/ul>\n","protected":false},"excerpt":{"rendered":"<p>Yith Zoom Magnifier Premium, un outil tr\u00e8s puissant con\u00e7u pour am\u00e9liorer l&rsquo;attrait visuel des images de produits sur votre site Web, offre une solution exceptionnelle. En int\u00e9grant ce plugin remarquable, vos clients estim\u00e9s se verront accorder la capacit\u00e9 remarquable \u00e0 inspecter et \u00e0 examiner m\u00e9ticuleusement les plus minuscules subtilit\u00e9s de votre marchandise avec la plus grande commodit\u00e9. Avec une abondance d&rsquo;options personnalisables et une interface impeccablement con\u00e7ue et conviviale, ce plugin a le potentiel d&rsquo;\u00e9lever l&rsquo;exp\u00e9rience utilisateur globale de votre site Web \u00e0 des hauteurs sans pr\u00e9c\u00e9dent. Permettez-vous aux avantages in\u00e9gal\u00e9s offerts par Yith Zoom Magnifier Premium et offrez \u00e0 vos clients pr\u00e9cieux une exp\u00e9rience d&rsquo;achat en ligne sans pr\u00e9c\u00e9dent et extraordinaire.<\/p>\n","protected":false},"featured_media":146448,"comment_status":"open","ping_status":"closed","template":"","meta":[],"product_brand":[2487],"product_cat":[1182,1223,1181],"product_tag":[1437],"class_list":{"0":"post-106117","1":"product","2":"type-product","3":"status-publish","4":"has-post-thumbnail","6":"product_brand-yith","7":"product_cat-commerce-electronique-plugins","8":"product_cat-personnalisation-commerce-electronique-plugins","9":"product_cat-plugins","10":"product_tag-yith","11":"member-discount","12":"discount-restricted","14":"first","15":"instock","16":"sale","17":"downloadable","18":"virtual","19":"sold-individually","20":"purchasable","21":"product-type-simple"},"_links":{"self":[{"href":"https:\/\/gpl-love.com\/fr\/wp-json\/wp\/v2\/product\/106117","targetHints":{"allow":["GET"]}}],"collection":[{"href":"https:\/\/gpl-love.com\/fr\/wp-json\/wp\/v2\/product"}],"about":[{"href":"https:\/\/gpl-love.com\/fr\/wp-json\/wp\/v2\/types\/product"}],"replies":[{"embeddable":true,"href":"https:\/\/gpl-love.com\/fr\/wp-json\/wp\/v2\/comments?post=106117"}],"wp:featuredmedia":[{"embeddable":true,"href":"https:\/\/gpl-love.com\/fr\/wp-json\/wp\/v2\/media\/146448"}],"wp:attachment":[{"href":"https:\/\/gpl-love.com\/fr\/wp-json\/wp\/v2\/media?parent=106117"}],"wp:term":[{"taxonomy":"product_brand","embeddable":true,"href":"https:\/\/gpl-love.com\/fr\/wp-json\/wp\/v2\/product_brand?post=106117"},{"taxonomy":"product_cat","embeddable":true,"href":"https:\/\/gpl-love.com\/fr\/wp-json\/wp\/v2\/product_cat?post=106117"},{"taxonomy":"product_tag","embeddable":true,"href":"https:\/\/gpl-love.com\/fr\/wp-json\/wp\/v2\/product_tag?post=106117"}],"curies":[{"name":"wp","href":"https:\/\/api.w.org\/{rel}","templated":true}]}}