{"id":106115,"date":"2025-08-26T00:00:00","date_gmt":"2025-08-25T22:00:00","guid":{"rendered":"http:\/\/gpl-love.com\/fr\/product\/yith-woocommerce-liste-prime\/"},"modified":"2026-04-21T06:32:34","modified_gmt":"2026-04-21T04:32:34","slug":"yith-woocommerce-wishlist-premium","status":"publish","type":"product","link":"https:\/\/gpl-love.com\/fr\/produit\/yith-woocommerce-wishlist-premium\/","title":{"rendered":"YITH Wishlist Premium 4.14.0"},"content":{"rendered":"<h3>YITH Wishlist Premium Traits<\/h3>\n<p>Yith Wishlist Premium poss\u00e8de une pl\u00e9thore de fonctionnalit\u00e9s robustes qui facilitent consid\u00e9rablement la cr\u00e9ation de listes de souhaits pour les clients qui aspirent \u00e0 certains produits. Ce plugin complet permet non seulement aux clients d&rsquo;\u00e9conomiser des articles souhait\u00e9s pour une future acquisition, mais leur permet \u00e9galement de partager sans effort leurs listes de souhaits avec leur plus proche et la plus ch\u00e8re, tout en recevant des notifications en temps opportun lorsqu&rsquo;un article convoit\u00e9 devient disponible \u00e0 un prix r\u00e9duit. En outre, les propri\u00e9taires de magasins astucieux peuvent capitaliser sur ce plugin remarquable en surveillant les pr\u00e9f\u00e9rences des clients et en concevant par la suite des promotions personnalis\u00e9es qui s&rsquo;adressent \u00e0 des articles sp\u00e9cifiques \u00e0 la liste de souhaits. Gr\u00e2ce \u00e0 l&rsquo;utilisation de Yith WishList Premium, les clients et les propri\u00e9taires de magasins peuvent se d\u00e9lecter de l&rsquo;exp\u00e9rience d&rsquo;achat sans entrave et tr\u00e8s efficace qu&rsquo;il offre.<\/p>\n<ul>\n<li>Yith WishList Premium est un outil puissant pour les magasins en ligne qui permet aux clients d&rsquo;\u00e9conomiser des articles qui les int\u00e9ressent pour l&rsquo;achat ult\u00e9rieur.<\/li>\n<li>Ce plugin est facile \u00e0 installer et \u00e0 g\u00e9rer, avec une interface conviviale qui s&rsquo;int\u00e8gre parfaitement \u00e0 votre site Web.<\/li>\n<li>Avec Yith WishList Premium, vos clients peuvent cr\u00e9er plusieurs listes de souhaits, ce qui facilite l&rsquo;organisation de leurs articles enregistr\u00e9s par cat\u00e9gorie, occasion ou priorit\u00e9.<\/li>\n<li>Le plugin comprend une gamme d&rsquo;options de personnalisation afin que vous puissiez adapter la liste de souhaits en fonction de votre marque, y compris l&rsquo;option pour ajouter du texte, des images ou des boutons personnalis\u00e9s.<\/li>\n<li>En encourageant les clients \u00e0 \u00e9conomiser des articles sur leur liste de souhaits au lieu d&rsquo;abandonner leur panier, vous pouvez augmenter l&rsquo;engagement des clients et am\u00e9liorer les taux de conversion.<\/li>\n<li>Avec la fonctionnalit\u00e9 de notification par e-mail facultative, vous pouvez rappeler aux clients leurs articles de liste de souhaits, offrant une exp\u00e9rience d&rsquo;achat personnalis\u00e9e qui stimule la fid\u00e9lit\u00e9 et stimule les ventes.<\/li>\n<li>Yith WishList Premium est compatible avec une large gamme de plates-formes de commerce \u00e9lectronique populaires, notamment WooCommerce, Shopify, Magento, BigCommerce et plus encore.<\/li>\n<li>Le plugin comprend \u00e9galement des fonctions d&rsquo;analyse et de rapports d\u00e9taill\u00e9es, vous permettant de suivre les performances de votre liste de souhaits et d&rsquo;optimiser vos strat\u00e9gies de marketing en cons\u00e9quence.<\/li>\n<li>Que vous soyez un d\u00e9taillant en ligne \u00e9tabli ou que vous d\u00e9butiez dans le commerce \u00e9lectronique, Yith WishList Premium est un outil pr\u00e9cieux pour stimuler l&rsquo;engagement, stimuler la fid\u00e9lisation des clients et augmenter les ventes.<\/li>\n<\/ul>\n","protected":false},"excerpt":{"rendered":"<p>Yith WishList Premium, un outil incroyablement robuste et influent, vous offre la possibilit\u00e9 de g\u00e9n\u00e9rer et de superviser sans effort les listes de souhaits sur votre plateforme de commerce \u00e9lectronique. Gr\u00e2ce \u00e0 la mise en \u0153uvre de ce plugin remarquable, vous pouvez fournir \u00e0 vos clients une interface extr\u00eamement conviviale, simplifiant ainsi le processus de cr\u00e9ation et de pr\u00e9servation des listes de produits souhait\u00e9s qu&rsquo;ils souhaitent se procurer. De plus, la fonctionnalit\u00e9 exceptionnelle de la personnalisation des param\u00e8tres de listes de souhaits vous permet de m\u00e9ticulent m\u00e9ticuleusement cet outil en fonction des besoins et des sp\u00e9cifications distinctifs de votre site. En exploitant les capacit\u00e9s extraordinaires de Yith WishList Premium, vous pouvez notamment augmenter l&rsquo;engagement des clients et enrichir profond\u00e9ment leur exp\u00e9rience d&rsquo;achat globale, ce qui entra\u00eene une augmentation substantielle des ventes et un niveau de gratification des clients sans pr\u00e9c\u00e9dent.<\/p>\n","protected":false},"featured_media":146445,"comment_status":"open","ping_status":"closed","template":"","meta":[],"product_brand":[2487],"product_cat":[1183,1182,1181],"product_tag":[1437],"class_list":{"0":"post-106115","1":"product","2":"type-product","3":"status-publish","4":"has-post-thumbnail","6":"product_brand-yith","7":"product_cat-administration","8":"product_cat-commerce-electronique-plugins","9":"product_cat-plugins","10":"product_tag-yith","11":"member-discount","12":"discount-restricted","14":"first","15":"instock","16":"sale","17":"downloadable","18":"virtual","19":"sold-individually","20":"purchasable","21":"product-type-simple"},"_links":{"self":[{"href":"https:\/\/gpl-love.com\/fr\/wp-json\/wp\/v2\/product\/106115","targetHints":{"allow":["GET"]}}],"collection":[{"href":"https:\/\/gpl-love.com\/fr\/wp-json\/wp\/v2\/product"}],"about":[{"href":"https:\/\/gpl-love.com\/fr\/wp-json\/wp\/v2\/types\/product"}],"replies":[{"embeddable":true,"href":"https:\/\/gpl-love.com\/fr\/wp-json\/wp\/v2\/comments?post=106115"}],"wp:featuredmedia":[{"embeddable":true,"href":"https:\/\/gpl-love.com\/fr\/wp-json\/wp\/v2\/media\/146445"}],"wp:attachment":[{"href":"https:\/\/gpl-love.com\/fr\/wp-json\/wp\/v2\/media?parent=106115"}],"wp:term":[{"taxonomy":"product_brand","embeddable":true,"href":"https:\/\/gpl-love.com\/fr\/wp-json\/wp\/v2\/product_brand?post=106115"},{"taxonomy":"product_cat","embeddable":true,"href":"https:\/\/gpl-love.com\/fr\/wp-json\/wp\/v2\/product_cat?post=106115"},{"taxonomy":"product_tag","embeddable":true,"href":"https:\/\/gpl-love.com\/fr\/wp-json\/wp\/v2\/product_tag?post=106115"}],"curies":[{"name":"wp","href":"https:\/\/api.w.org\/{rel}","templated":true}]}}