{"id":106113,"date":"2025-08-31T00:00:00","date_gmt":"2025-08-30T22:00:00","guid":{"rendered":"http:\/\/gpl-love.com\/fr\/product\/yith-woocommerce-filigrane-prime\/"},"modified":"2026-04-18T06:32:46","modified_gmt":"2026-04-18T04:32:46","slug":"yith-woocommerce-watermark-premium","status":"publish","type":"product","link":"https:\/\/gpl-love.com\/fr\/produit\/yith-woocommerce-watermark-premium\/","title":{"rendered":"YITH Watermark Premium 3.16.0"},"content":{"rendered":"<h3>YITH Watermark Premium Traits<\/h3>\n<p>Yith Watermark Premium, un outil robuste et formidable m\u00e9ticuleusement con\u00e7u pour prot\u00e9ger le contenu visuel affich\u00e9 sur votre site Web, vous permet de fortifier vos images avec des filigranes personnalis\u00e9s sans effort, contrecarrant efficacement toutes les tentatives de vol ou de l&rsquo;utilisation non autoris\u00e9e. Ce plugin exceptionnel est \u00e9quip\u00e9 d&rsquo;une pl\u00e9thore de fonctionnalit\u00e9s polyvalentes, vous offrant la libert\u00e9 d&rsquo;adapter les dimensions, la transparence et le placement de votre filigrane dans le d\u00e9sir de votre c\u0153ur. De plus, vous avez la possibilit\u00e9 d&rsquo;appliquer ces filigranes de mani\u00e8re s\u00e9lective, soit \u00e0 des images sp\u00e9cifiques ou \u00e0 toute votre biblioth\u00e8que de m\u00e9dias, vous offrant un contr\u00f4le in\u00e9gal\u00e9. En confiant votre protection d&rsquo;image aux capacit\u00e9s formidables de Yith Watermark Premium, vous pouvez vous d\u00e9sint\u00e9resser de l&rsquo;assurance que vos pr\u00e9cieux visuels restent imperm\u00e9ables \u00e0 toute exploitation illicite.<\/p>\n<ul>\n<li>Ajoute un filigrane aux images pour prot\u00e9ger la propri\u00e9t\u00e9 intellectuelle<\/li>\n<li>Filigrane personnalisable avec texte, image ou les deux<\/li>\n<li>Choisissez la position et l&rsquo;opacit\u00e9 du filigrane<\/li>\n<li>Applique automatiquement le filigrane \u00e0 toutes les nouvelles images<\/li>\n<li>Appliquer facilement le filigrane sur les images existantes en vrac en un seul clic<\/li>\n<li>Compatible avec WooCommerce et WordPress Media Library<\/li>\n<li>Comprend une option pour sauter le filigrane sur des images sp\u00e9cifiques<\/li>\n<li>Prot\u00e8ge contre le vol d&rsquo;image et l&rsquo;utilisation non autoris\u00e9e<\/li>\n<li>Am\u00e9liore la reconnaissance de la marque et favorise le professionnalisme.<\/li>\n<\/ul>\n","protected":false},"excerpt":{"rendered":"<p>Yith WaterMark Premium se trouve \u00eatre un plugin extr\u00eamement puissant qui vous accorde la possibilit\u00e9 de prot\u00e9ger votre pr\u00e9cieux contenu num\u00e9rique en ajoutant de mani\u00e8re transparente les filigranes \u00e0 vos images, le tout au simple clic de bouton. Avec une plus grande facilit\u00e9, vous pouvez adapter de mani\u00e8re transparente le texte de filigrane, la position, l&rsquo;opacit\u00e9 et une pl\u00e9thore d&rsquo;autres param\u00e8tres pour s&rsquo;aligner pr\u00e9cis\u00e9ment avec vos exigences uniques. Ce plugin sert ind\u00e9niablement comme un outil indispensable pour les personnes appartenant \u00e0 divers domaines cr\u00e9atifs tels que la photographie et le talent artistique, ainsi que toute autre personne qui abrite un d\u00e9sir in\u00e9branlable de contrecarrer l&rsquo;utilisation non autoris\u00e9e de leurs actifs num\u00e9riques inestimables. En vertu des capacit\u00e9s extraordinaires qui vous sont accord\u00e9es par Yith Watermark Premium, vous serez en mesure d&rsquo;augmenter de mani\u00e8re transparente l&rsquo;appareil de s\u00e9curit\u00e9 de votre site Web ou de votre emporium en ligne, garantissant ainsi la sauvegarde in\u00e9gal\u00e9e de votre propri\u00e9t\u00e9 intellectuelle.<\/p>\n","protected":false},"featured_media":146444,"comment_status":"open","ping_status":"closed","template":"","meta":[],"product_brand":[2487],"product_cat":[1183,1182,1181],"product_tag":[1437],"class_list":{"0":"post-106113","1":"product","2":"type-product","3":"status-publish","4":"has-post-thumbnail","6":"product_brand-yith","7":"product_cat-administration","8":"product_cat-commerce-electronique-plugins","9":"product_cat-plugins","10":"product_tag-yith","11":"member-discount","12":"discount-restricted","14":"first","15":"instock","16":"sale","17":"downloadable","18":"virtual","19":"sold-individually","20":"purchasable","21":"product-type-simple"},"_links":{"self":[{"href":"https:\/\/gpl-love.com\/fr\/wp-json\/wp\/v2\/product\/106113","targetHints":{"allow":["GET"]}}],"collection":[{"href":"https:\/\/gpl-love.com\/fr\/wp-json\/wp\/v2\/product"}],"about":[{"href":"https:\/\/gpl-love.com\/fr\/wp-json\/wp\/v2\/types\/product"}],"replies":[{"embeddable":true,"href":"https:\/\/gpl-love.com\/fr\/wp-json\/wp\/v2\/comments?post=106113"}],"wp:featuredmedia":[{"embeddable":true,"href":"https:\/\/gpl-love.com\/fr\/wp-json\/wp\/v2\/media\/146444"}],"wp:attachment":[{"href":"https:\/\/gpl-love.com\/fr\/wp-json\/wp\/v2\/media?parent=106113"}],"wp:term":[{"taxonomy":"product_brand","embeddable":true,"href":"https:\/\/gpl-love.com\/fr\/wp-json\/wp\/v2\/product_brand?post=106113"},{"taxonomy":"product_cat","embeddable":true,"href":"https:\/\/gpl-love.com\/fr\/wp-json\/wp\/v2\/product_cat?post=106113"},{"taxonomy":"product_tag","embeddable":true,"href":"https:\/\/gpl-love.com\/fr\/wp-json\/wp\/v2\/product_tag?post=106113"}],"curies":[{"name":"wp","href":"https:\/\/api.w.org\/{rel}","templated":true}]}}