{"id":106111,"date":"2025-10-16T00:00:00","date_gmt":"2025-10-15T22:00:00","guid":{"rendered":"http:\/\/gpl-love.com\/fr\/product\/yith-woocommerce-liste-dattente-haut-de-gamme\/"},"modified":"2026-04-18T06:32:45","modified_gmt":"2026-04-18T04:32:45","slug":"yith-woocommerce-waiting-list-premium","status":"publish","type":"product","link":"https:\/\/gpl-love.com\/fr\/produit\/yith-woocommerce-waiting-list-premium\/","title":{"rendered":"YITH Waiting List Premium 3.27.0"},"content":{"rendered":"<h3>YITH Waiting List Premium Traits<\/h3>\n<p>La liste d&rsquo;attente de Yith est un outil extr\u00eamement puissant qui est tr\u00e8s b\u00e9n\u00e9fique pour toute boutique en ligne qui fait fr\u00e9quemment confront\u00e9 \u00e0 la situation difficile de manquer de stock sur leurs articles les plus populaires. Ce plugin remarquable permet aux clients de s&rsquo;inscrire \u00e0 une liste d&rsquo;attente pour un produit sp\u00e9cifique qui n&rsquo;est actuellement pas disponible, les incitant par la suite \u00e0 recevoir des notifications par e-mail d\u00e8s que cet article redevient accessible. Cette caract\u00e9ristique ing\u00e9nieuse accorde non seulement aux clients une opportunit\u00e9 exclusive d&rsquo;acheter des produits tr\u00e8s convoit\u00e9s et recherch\u00e9s, mais il contribue \u00e9galement efficacement \u00e0 l&rsquo;augmentation de la fid\u00e9lit\u00e9 des clients et de la satisfaction globale. La nature sans effort installable et conviviale de ce plugin est en outre compl\u00e9t\u00e9e par sa gamme diversifi\u00e9e d&rsquo;options personnalisables, assurant une int\u00e9gration transparente et une pertinence sur mesure pour les exigences uniques de votre boutique en ligne. Essentiellement, la liste d&rsquo;attente de Yith Waying Prime appara\u00eet comme un outil indispensable pour que toute entreprise de commerce \u00e9lectronique s&rsquo;efforce d&rsquo;am\u00e9liorer leur exp\u00e9rience client et d&rsquo;\u00e9lever consid\u00e9rablement ses performances de vente.<\/p>\n<ul>\n<li>Permet aux clients de s&rsquo;inscrire \u00e0 une liste d&rsquo;attente pour les produits hors stock ou \u00e0 venir.<\/li>\n<li>Fournit un moyen aux propri\u00e9taires de magasins d&rsquo;\u00e9valuer l&rsquo;int\u00e9r\u00eat et la demande de certains produits.<\/li>\n<li>Les clients re\u00e7oivent une notification par e-mail automatique lorsque le produit est de retour en stock ou disponible \u00e0 l&rsquo;achat.<\/li>\n<li>Donne aux propri\u00e9taires de magasins la possibilit\u00e9 de g\u00e9rer la liste d&rsquo;attente et d&rsquo;ajouter \/ supprimer manuellement les clients.<\/li>\n<li>Int\u00e9gration avec des services de marketing par e-mail populaires pour communiquer facilement avec les clients sur la liste d&rsquo;attente.<\/li>\n<li>Messages et style personnalisables pour correspondre \u00e0 l&rsquo;apparence de votre magasin.<\/li>\n<li>Analytique et rapport sur la popularit\u00e9 et les taux de conversion des produits sur liste d&rsquo;attente.<\/li>\n<\/ul>\n","protected":false},"excerpt":{"rendered":"<p>La liste d&rsquo;attente de Yith s&rsquo;av\u00e8re \u00eatre un outil imp\u00e9ratif et indispensable pour les personnes op\u00e9rant des magasins en ligne, leur fournissant les moyens d&rsquo;\u00e9tablir une liste d&rsquo;attente compl\u00e8te de clients potentiels qui expriment leur int\u00e9r\u00eat pour les produits actuellement en rupture de stock. Gr\u00e2ce \u00e0 l&rsquo;utilisation de ce plugin exceptionnel, on gagne la possibilit\u00e9 de g\u00e9rer efficacement les listes d&rsquo;attente et d&rsquo;informer rapidement les clients d\u00e8s le moment o\u00f9 le produit souhait\u00e9 est reconstitu\u00e9. En fin de compte, ce m\u00e9canisme s&rsquo;av\u00e8re avantageux de plusieurs mani\u00e8res, car il sert non seulement \u00e0 augmenter les chiffres de vente, mais am\u00e9liore \u00e9galement l&rsquo;exp\u00e9rience client globale et cultive la loyaut\u00e9 in\u00e9branlable des clients. En outre, la liste d&rsquo;attente de Yith Premium \u00e9tend une vaste gamme d&rsquo;options de personnalisation, y compris la fourniture d&rsquo;e-mails automatis\u00e9s, des messages personnalis\u00e9s et un assortiment d&rsquo;autres fonctionnalit\u00e9s remarquables. Par cons\u00e9quent, si votre objectif est de freiner efficacement l&rsquo;abandon des chariots tout en augmentant simultan\u00e9ment les chiffres de vente, ce plugin est sans aucun doute un choix optimal qui ne devrait pas \u00eatre n\u00e9glig\u00e9.<\/p>\n","protected":false},"featured_media":146443,"comment_status":"open","ping_status":"closed","template":"","meta":[],"product_brand":[2487],"product_cat":[1183,1182,1181],"product_tag":[1437],"class_list":{"0":"post-106111","1":"product","2":"type-product","3":"status-publish","4":"has-post-thumbnail","6":"product_brand-yith","7":"product_cat-administration","8":"product_cat-commerce-electronique-plugins","9":"product_cat-plugins","10":"product_tag-yith","11":"member-discount","12":"discount-restricted","14":"first","15":"instock","16":"sale","17":"downloadable","18":"virtual","19":"sold-individually","20":"purchasable","21":"product-type-simple"},"_links":{"self":[{"href":"https:\/\/gpl-love.com\/fr\/wp-json\/wp\/v2\/product\/106111","targetHints":{"allow":["GET"]}}],"collection":[{"href":"https:\/\/gpl-love.com\/fr\/wp-json\/wp\/v2\/product"}],"about":[{"href":"https:\/\/gpl-love.com\/fr\/wp-json\/wp\/v2\/types\/product"}],"replies":[{"embeddable":true,"href":"https:\/\/gpl-love.com\/fr\/wp-json\/wp\/v2\/comments?post=106111"}],"wp:featuredmedia":[{"embeddable":true,"href":"https:\/\/gpl-love.com\/fr\/wp-json\/wp\/v2\/media\/146443"}],"wp:attachment":[{"href":"https:\/\/gpl-love.com\/fr\/wp-json\/wp\/v2\/media?parent=106111"}],"wp:term":[{"taxonomy":"product_brand","embeddable":true,"href":"https:\/\/gpl-love.com\/fr\/wp-json\/wp\/v2\/product_brand?post=106111"},{"taxonomy":"product_cat","embeddable":true,"href":"https:\/\/gpl-love.com\/fr\/wp-json\/wp\/v2\/product_cat?post=106111"},{"taxonomy":"product_tag","embeddable":true,"href":"https:\/\/gpl-love.com\/fr\/wp-json\/wp\/v2\/product_tag?post=106111"}],"curies":[{"name":"wp","href":"https:\/\/api.w.org\/{rel}","templated":true}]}}