{"id":106109,"date":"2024-02-26T00:00:00","date_gmt":"2024-02-25T23:00:00","guid":{"rendered":"http:\/\/gpl-love.com\/fr\/product\/yith-woocommerce-uploads-haut-de-gamme\/"},"modified":"2026-04-18T06:32:45","modified_gmt":"2026-04-18T04:32:45","slug":"yith-woocommerce-uploads-premium","status":"publish","type":"product","link":"https:\/\/gpl-love.com\/fr\/produit\/yith-woocommerce-uploads-premium\/","title":{"rendered":"YITH Uploads Premium 1.32.0"},"content":{"rendered":"<h3>YITH Uploads Premium Traits<\/h3>\n<p>Yith T\u00e9l\u00e9chargements Premium est un outil incroyablement avanc\u00e9 et multiforme qui fournit une vaste gamme de fonctionnalit\u00e9s pour g\u00e9rer efficacement les t\u00e9l\u00e9chargements de fichiers sur votre site Web. Ce plugin tr\u00e8s polyvalent vous permet de cr\u00e9er sans effort des formulaires de t\u00e9l\u00e9chargement personnalis\u00e9s, d&rsquo;\u00e9tablir des limitations de taille de fichier sp\u00e9cifiques et de s\u00e9lectionner l&#8217;emplacement de stockage souhait\u00e9 pour ces fichiers sur votre serveur. De plus, avec Yith Uploads Premium, vous avez la capacit\u00e9 de configurer les notifications par e-mail pour recevoir rapidement des mises \u00e0 jour sur les fichiers nouvellement t\u00e9l\u00e9charg\u00e9s, exercer un contr\u00f4le sur les restrictions d&rsquo;acc\u00e8s pour certains fichiers et m\u00eame accorder aux utilisateurs la commodit\u00e9 de t\u00e9l\u00e9charger plusieurs fichiers simultan\u00e9ment. Ce plugin remarquablement robuste rationalise consid\u00e9rablement le processus de gestion des fichiers et garantit une organisation et une s\u00e9curit\u00e9 optimales pour votre site Web. Peu importe que vous utilisiez un blog modeste ou un site de commerce \u00e9lectronique tentaculaire, Yith T\u00e9l\u00e9charges premium est sans aucun doute une ressource indispensable pour g\u00e9rer efficacement tous les fichiers de votre site Web.<\/p>\n<ul>\n<li>Permet aux utilisateurs du site Web de t\u00e9l\u00e9charger facilement des fichiers et des documents<\/li>\n<li>Prend en charge un large \u00e9ventail de types de fichiers, y compris des images, des vid\u00e9os et des PDF<\/li>\n<li>Fournit une interface conviviale pour le t\u00e9l\u00e9chargement et la gestion des fichiers<\/li>\n<li>Peut \u00eatre personnalis\u00e9 pour r\u00e9pondre aux besoins de votre site Web et de votre marque<\/li>\n<li>S&rsquo;int\u00e8gre parfaitement aux plateformes de commerce \u00e9lectronique populaires comme WooCommerce<\/li>\n<li>Comprend des fonctionnalit\u00e9s avanc\u00e9es comme les limites de taille de fichier et les restrictions de type de fichier<\/li>\n<li>Aide \u00e0 rationaliser les flux de travail et \u00e0 am\u00e9liorer l&rsquo;efficacit\u00e9 des propri\u00e9taires de sites Web et des utilisateurs<\/li>\n<li>Fournit des outils d\u00e9taill\u00e9s de rapports et d&rsquo;analyse pour vous aider \u00e0 suivre les t\u00e9l\u00e9chargements et le comportement des utilisateurs<\/li>\n<li>Offre des capacit\u00e9s de stockage et de partage de fichiers fiables et s\u00e9curis\u00e9es<\/li>\n<li>Fournit un excellent support client et des mises \u00e0 jour r\u00e9guli\u00e8res pour assurer des performances et des fonctionnalit\u00e9s optimales.<\/li>\n<\/ul>\n","protected":false},"excerpt":{"rendered":"<p>Yith t\u00e9l\u00e9charge Premium, un plugin de t\u00e9l\u00e9chargement de fichiers extr\u00eamement robuste et configurable m\u00e9ticuleusement con\u00e7u pour les sites Web WordPress, appara\u00eet comme une solution vraiment remarquable. Ce plugin extraordinaire permet aux utilisateurs de leur permettre de t\u00e9l\u00e9charger et de diffuser sans effort une gamme diversifi\u00e9e de fichiers, d&rsquo;images et de documents. De plus, les administrateurs sont dot\u00e9s de la possibilit\u00e9 d&rsquo;exercer un contr\u00f4le sur les formats d&rsquo;acc\u00e8s et de fichiers. \u00c9tonnamment, l&rsquo;\u00e9dition Premium d\u00e9passe toutes les attentes en d\u00e9voiant une gamme de fonctionnalit\u00e9s avanc\u00e9es, y compris la fourniture de champs de t\u00e9l\u00e9chargement personnalis\u00e9s et de notifications de messagerie compl\u00e8tes. Cette fusion in\u00e9gal\u00e9e des fonctionnalit\u00e9s rend Yith t\u00e9l\u00e9chargement premium l&rsquo;instrument par excellence, r\u00e9pondant aux exigences exigeantes des entreprises et des organisations fr\u00e9quemment emp\u00eatr\u00e9es dans le partage de fichiers et les entreprises collaboratives.<\/p>\n","protected":false},"featured_media":146442,"comment_status":"open","ping_status":"closed","template":"","meta":[],"product_brand":[2487],"product_cat":[1183,1182,1181],"product_tag":[1437],"class_list":{"0":"post-106109","1":"product","2":"type-product","3":"status-publish","4":"has-post-thumbnail","6":"product_brand-yith","7":"product_cat-administration","8":"product_cat-commerce-electronique-plugins","9":"product_cat-plugins","10":"product_tag-yith","11":"member-discount","12":"discount-restricted","14":"first","15":"instock","16":"sale","17":"downloadable","18":"virtual","19":"sold-individually","20":"purchasable","21":"product-type-simple"},"_links":{"self":[{"href":"https:\/\/gpl-love.com\/fr\/wp-json\/wp\/v2\/product\/106109","targetHints":{"allow":["GET"]}}],"collection":[{"href":"https:\/\/gpl-love.com\/fr\/wp-json\/wp\/v2\/product"}],"about":[{"href":"https:\/\/gpl-love.com\/fr\/wp-json\/wp\/v2\/types\/product"}],"replies":[{"embeddable":true,"href":"https:\/\/gpl-love.com\/fr\/wp-json\/wp\/v2\/comments?post=106109"}],"wp:featuredmedia":[{"embeddable":true,"href":"https:\/\/gpl-love.com\/fr\/wp-json\/wp\/v2\/media\/146442"}],"wp:attachment":[{"href":"https:\/\/gpl-love.com\/fr\/wp-json\/wp\/v2\/media?parent=106109"}],"wp:term":[{"taxonomy":"product_brand","embeddable":true,"href":"https:\/\/gpl-love.com\/fr\/wp-json\/wp\/v2\/product_brand?post=106109"},{"taxonomy":"product_cat","embeddable":true,"href":"https:\/\/gpl-love.com\/fr\/wp-json\/wp\/v2\/product_cat?post=106109"},{"taxonomy":"product_tag","embeddable":true,"href":"https:\/\/gpl-love.com\/fr\/wp-json\/wp\/v2\/product_tag?post=106109"}],"curies":[{"name":"wp","href":"https:\/\/api.w.org\/{rel}","templated":true}]}}