{"id":106107,"date":"2025-05-28T00:00:00","date_gmt":"2025-05-27T22:00:00","guid":{"rendered":"http:\/\/gpl-love.com\/fr\/product\/yith-woocommerce-onglet-gestionnaire-premium\/"},"modified":"2026-04-18T06:32:43","modified_gmt":"2026-04-18T04:32:43","slug":"yith-woocommerce-tab-manager-premium","status":"publish","type":"product","link":"https:\/\/gpl-love.com\/fr\/produit\/yith-woocommerce-tab-manager-premium\/","title":{"rendered":"YITH Tab Manager Premium 2.7.0"},"content":{"rendered":"<h3>YITH Tab Manager Premium Traits<\/h3>\n<p>Yith Tab Manager Premium, un plugin WordPress exceptionnellement robuste, vous permet d&rsquo;exercer un contr\u00f4le complet sur la personnalisation et la gestion des onglets sur votre site Web illustre. Ce plugin remarquable vous accorde la capacit\u00e9 sans effort pour cr\u00e9er, modifier et supprimer des onglets avec une facilit\u00e9 in\u00e9gal\u00e9e. De plus, il vous accorde la pr\u00e9rogative pour personnaliser l&rsquo;apparence de vos onglets, les augmentant avec des couleurs de fond brillantes, des ic\u00f4nes captivantes et une pl\u00e9thore d&rsquo;autres embellissements attrayants. Notamment, ce plugin \u00e9labor\u00e9 est orn\u00e9 d&rsquo;une interface utilisateur extr\u00eamement intuitive, le rendant admirablement convivial et navigable sans effort. De plus, il offre une vaste gamme de fonctionnalit\u00e9s avanc\u00e9es, englobant la capacit\u00e9 de fabriquer des onglets dynamiques de sophistication incomparable, ainsi que la capacit\u00e9 unique d&rsquo;afficher s\u00e9lectivement des onglets en fonction des r\u00f4les utilisateur, parmi une myriade d&rsquo;autres attributs remarquables. En pr\u00e9sence de Yith Tab Manager Premium, l&rsquo;expertise de codage devient une exigence enti\u00e8rement superflue, car elle facilite la cr\u00e9ation d&rsquo;un site Web parfaitement poli et r\u00e9solument professionnel, fusionnant de mani\u00e8re transparente l&rsquo;\u00e9l\u00e9gance avec la fonctionnalit\u00e9.<\/p>\n<ul>\n<li>Yith Tab Manager Premium est un outil puissant pour g\u00e9rer les onglets de votre site Web.<\/li>\n<li>Avec des fonctionnalit\u00e9s intuitives de glisser-d\u00e9poser, vous pouvez facilement organiser et r\u00e9organiser les onglets en fonction de vos besoins.<\/li>\n<li>Le plugin vous permet de cr\u00e9er des onglets personnalis\u00e9s avec un contenu unique pour chacun de vos produits ou pages.<\/li>\n<li>Vous pouvez \u00e9galement attribuer des onglets \u00e0 des cat\u00e9gories de produits ou des balises sp\u00e9cifiques, ce qui facilite l&rsquo;organisation et la gestion de votre contenu.<\/li>\n<li>Pour plus de commodit\u00e9, Yith Tab Manager Premium comprend une fonction de recherche puissante qui vous permet de trouver et de modifier rapidement les onglets.<\/li>\n<li>Le plugin est enti\u00e8rement compatible avec les constructeurs de pages populaires comme Elementor et Divi, vous pouvez donc personnaliser vos onglets pour correspondre \u00e0 la conception de votre site Web.<\/li>\n<li>Yith Tab Manager Premium est optimis\u00e9 pour les performances et ne ralentira pas votre site Web.<\/li>\n<li>Le plugin est r\u00e9guli\u00e8rement mis \u00e0 jour avec de nouvelles fonctionnalit\u00e9s et am\u00e9liorations pour s&rsquo;assurer qu&rsquo;elle reste le gestionnaire d&rsquo;onglet le plus complet et le plus convivial.<\/li>\n<\/ul>\n","protected":false},"excerpt":{"rendered":"<p>Instrument tr\u00e8s robuste et puissant, Yith Tab Manager Premium, r\u00e9pond aux besoins des propri\u00e9taires de sites Web WordPress qui cherchent \u00e0 organiser et \u00e0 administrer habilement les onglets pr\u00e9sents sur leurs sites Web. En raison de ce plugin premium exceptionnel, les utilisateurs re\u00e7oivent la capacit\u00e9 d&rsquo;int\u00e9grer, de modifier et de r\u00e9organiser les onglets de mani\u00e8re transparente, engendrer ainsi un milieu de navigation de commande et convivial pour leurs visiteurs estim\u00e9s. De plus, les avantages d\u00e9riv\u00e9s de Yith Tab Manager Premium abondent, car il profite \u00e0 un \u00e9ventail d&rsquo;options de conception personnalisables qui s&rsquo;alignent harmonieusement sur le style distinctif de tout site Web, et facilite en outre l&rsquo;affichage des onglets sur des pages ou des publications d\u00e9sign\u00e9s. Avec sa simplicit\u00e9 in\u00e9gal\u00e9e d&#8217;emploi et sa remarquable adaptabilit\u00e9, Yith Tab Manager Premium se distingue comme un outil indispensable pour les personnes qui aspirent \u00e0 optimiser les aspects de navigation de leurs sites Web.<\/p>\n","protected":false},"featured_media":146440,"comment_status":"open","ping_status":"closed","template":"","meta":[],"product_brand":[2487],"product_cat":[1182,1223,1181],"product_tag":[1437],"class_list":{"0":"post-106107","1":"product","2":"type-product","3":"status-publish","4":"has-post-thumbnail","6":"product_brand-yith","7":"product_cat-commerce-electronique-plugins","8":"product_cat-personnalisation-commerce-electronique-plugins","9":"product_cat-plugins","10":"product_tag-yith","11":"member-discount","12":"discount-restricted","14":"first","15":"instock","16":"sale","17":"downloadable","18":"virtual","19":"sold-individually","20":"purchasable","21":"product-type-simple"},"_links":{"self":[{"href":"https:\/\/gpl-love.com\/fr\/wp-json\/wp\/v2\/product\/106107","targetHints":{"allow":["GET"]}}],"collection":[{"href":"https:\/\/gpl-love.com\/fr\/wp-json\/wp\/v2\/product"}],"about":[{"href":"https:\/\/gpl-love.com\/fr\/wp-json\/wp\/v2\/types\/product"}],"replies":[{"embeddable":true,"href":"https:\/\/gpl-love.com\/fr\/wp-json\/wp\/v2\/comments?post=106107"}],"wp:featuredmedia":[{"embeddable":true,"href":"https:\/\/gpl-love.com\/fr\/wp-json\/wp\/v2\/media\/146440"}],"wp:attachment":[{"href":"https:\/\/gpl-love.com\/fr\/wp-json\/wp\/v2\/media?parent=106107"}],"wp:term":[{"taxonomy":"product_brand","embeddable":true,"href":"https:\/\/gpl-love.com\/fr\/wp-json\/wp\/v2\/product_brand?post=106107"},{"taxonomy":"product_cat","embeddable":true,"href":"https:\/\/gpl-love.com\/fr\/wp-json\/wp\/v2\/product_cat?post=106107"},{"taxonomy":"product_tag","embeddable":true,"href":"https:\/\/gpl-love.com\/fr\/wp-json\/wp\/v2\/product_tag?post=106107"}],"curies":[{"name":"wp","href":"https:\/\/api.w.org\/{rel}","templated":true}]}}