{"id":106105,"date":"2021-05-26T00:00:00","date_gmt":"2021-05-25T22:00:00","guid":{"rendered":"http:\/\/gpl-love.com\/fr\/product\/yith-woocommerce-enquetes-prime\/"},"modified":"2026-05-10T06:32:34","modified_gmt":"2026-05-10T04:32:34","slug":"yith-woocommerce-surveys-premium","status":"publish","type":"product","link":"https:\/\/gpl-love.com\/fr\/produit\/yith-woocommerce-surveys-premium\/","title":{"rendered":"YITH Surveys Premium 1.2.14"},"content":{"rendered":"<h3>YITH Surveys Premium Traits<\/h3>\n<p>Yith Surveys Premium, un plugin d&rsquo;enqu\u00eate complet et convivial de haute qualit\u00e9, sert d&rsquo;outil remarquable pour les propri\u00e9taires de sites Web pour cr\u00e9er et publier sans effort des enqu\u00eates sur leurs sites. Ce plugin dispose d&rsquo;un constructeur d&rsquo;enqu\u00eate flexible et personnalisable, accordant aux utilisateurs la capacit\u00e9 de g\u00e9n\u00e9rer facilement des enqu\u00eates englobant divers types de questions tels que plusieurs choix, des questions ouvertes, des \u00e9chelles, etc. De plus, le plugin propose une vaste gamme d&rsquo;options de conception, y compris des th\u00e8mes personnalisables, des styles de polices et des couleurs et des dispositions d&rsquo;enqu\u00eate, permettant ainsi aux utilisateurs de personnaliser l&rsquo;apparence de leurs enqu\u00eates. Afin de r\u00e9pondre aux besoins des entreprises op\u00e9rant \u00e0 l&rsquo;\u00e9chelle mondiale, Yith Surveys Premium fournit un soutien \u00e0 plusieurs langues, facilitant une communication efficace et transparente avec leur client\u00e8le diversifi\u00e9e. Le plugin pr\u00e9sente \u00e9galement ses fonctionnalit\u00e9s avanc\u00e9es de rapports et d&rsquo;analyse, ce qui permet aux utilisateurs d&rsquo;acqu\u00e9rir des informations pr\u00e9cieuses sur le comportement et les pr\u00e9f\u00e9rences des clients. Par cons\u00e9quent, arm\u00e9s de ces informations pr\u00e9cieuses, les utilisateurs peuvent prendre des d\u00e9cisions \u00e9clair\u00e9es et entreprendre les am\u00e9liorations n\u00e9cessaires pour am\u00e9liorer leur strat\u00e9gie commerciale globale. Dans l&rsquo;ensemble, Yith Surveys Premium s&rsquo;av\u00e8re \u00eatre un choix exceptionnel pour toute entreprise qui cherche \u00e0 renforcer l&rsquo;engagement des clients, \u00e0 obtenir des commentaires pr\u00e9cieux et \u00e0 \u00e9tablir une base solide pour la prise de d\u00e9cision bas\u00e9e sur les donn\u00e9es.<\/p>\n<ul>\n<li>Outil d&rsquo;enqu\u00eate puissant pour recueillir des commentaires et des id\u00e9es pr\u00e9cieux des clients.<\/li>\n<li>Interface facile \u00e0 utiliser avec des mod\u00e8les d&rsquo;enqu\u00eate personnalisables.<\/li>\n<li>Option pour collecter des donn\u00e9es de mani\u00e8re anonyme ou avec l&rsquo;identification du client.<\/li>\n<li>Outils d&rsquo;analyse avanc\u00e9s pour examiner les r\u00e9ponses et identifier les tendances.<\/li>\n<li>Int\u00e9gration avec des outils de marketing par e-mail pour envoyer des sondages aux clients.<\/li>\n<li>R\u00e9activit\u00e9 mobile pour l&rsquo;ach\u00e8vement de l&rsquo;enqu\u00eate sur n&rsquo;importe quel appareil.<\/li>\n<li>Capacit\u00e9s de rapport d\u00e9taill\u00e9es \u00e0 partager avec les parties prenantes.<\/li>\n<li>Stockage de donn\u00e9es conforme au RGPD et s\u00e9curis\u00e9.<\/li>\n<\/ul>\n","protected":false},"excerpt":{"rendered":"<p>Yith Surveys Premium est un formidable outil d&rsquo;enqu\u00eate qui a \u00e9t\u00e9 m\u00e9ticuleusement con\u00e7u pour amasser efficacement les commentaires et les opinions des utilisateurs. Au moyen de ce plugin tr\u00e8s intuitif, vous avez la possibilit\u00e9 de concevoir et d&rsquo;ex\u00e9cuter un nombre illimit\u00e9 d&rsquo;enqu\u00eates, qui peuvent \u00eatre int\u00e9gr\u00e9es de mani\u00e8re transparente dans n&rsquo;importe quelle page ou publication sur votre site Web. La flexibilit\u00e9 pure fournie par cet outil exceptionnel est encore am\u00e9lior\u00e9e par son \u00e9diteur de glisser-d\u00e9poser, vous permettant d&rsquo;adapter l&rsquo;apparence et l&rsquo;ambiance de vos enqu\u00eates avec une facilit\u00e9 in\u00e9gal\u00e9e. De plus, les fonctionnalit\u00e9s avanc\u00e9es telles que la logique conditionnelle, l&rsquo;analyse statistique et les notifications par e-mail ont \u00e9t\u00e9 soigneusement incorpor\u00e9es, garantissant ainsi que vous extraire la plus grande valeur des r\u00e9ponses recueillies. Il convient de noter que Yith Surveys Premium est non seulement pleinement r\u00e9actif, mais poss\u00e8de \u00e9galement la capacit\u00e9 inn\u00e9e \u00e0 s&rsquo;adapter de mani\u00e8re transparente \u00e0 un appareil donn\u00e9, garantissant ainsi une exp\u00e9rience utilisateur in\u00e9gal\u00e9e \u00e0 tous les niveaux. En capitalisant sur cet outil remarquable, vous assisteriez sans aucun doute une augmentation notable des niveaux de satisfaction des clients, facilitant ainsi le raffinement et l&rsquo;am\u00e9lioration continus de vos produits et services.<\/p>\n","protected":false},"featured_media":146439,"comment_status":"open","ping_status":"closed","template":"","meta":[],"product_brand":[2487],"product_cat":[1182,1404,1181],"product_tag":[1437],"class_list":{"0":"post-106105","1":"product","2":"type-product","3":"status-publish","4":"has-post-thumbnail","6":"product_brand-yith","7":"product_cat-commerce-electronique-plugins","8":"product_cat-formes-commerce-electronique-plugins","9":"product_cat-plugins","10":"product_tag-yith","11":"member-discount","12":"discount-restricted","14":"first","15":"instock","16":"sale","17":"downloadable","18":"virtual","19":"sold-individually","20":"purchasable","21":"product-type-simple"},"_links":{"self":[{"href":"https:\/\/gpl-love.com\/fr\/wp-json\/wp\/v2\/product\/106105","targetHints":{"allow":["GET"]}}],"collection":[{"href":"https:\/\/gpl-love.com\/fr\/wp-json\/wp\/v2\/product"}],"about":[{"href":"https:\/\/gpl-love.com\/fr\/wp-json\/wp\/v2\/types\/product"}],"replies":[{"embeddable":true,"href":"https:\/\/gpl-love.com\/fr\/wp-json\/wp\/v2\/comments?post=106105"}],"wp:featuredmedia":[{"embeddable":true,"href":"https:\/\/gpl-love.com\/fr\/wp-json\/wp\/v2\/media\/146439"}],"wp:attachment":[{"href":"https:\/\/gpl-love.com\/fr\/wp-json\/wp\/v2\/media?parent=106105"}],"wp:term":[{"taxonomy":"product_brand","embeddable":true,"href":"https:\/\/gpl-love.com\/fr\/wp-json\/wp\/v2\/product_brand?post=106105"},{"taxonomy":"product_cat","embeddable":true,"href":"https:\/\/gpl-love.com\/fr\/wp-json\/wp\/v2\/product_cat?post=106105"},{"taxonomy":"product_tag","embeddable":true,"href":"https:\/\/gpl-love.com\/fr\/wp-json\/wp\/v2\/product_tag?post=106105"}],"curies":[{"name":"wp","href":"https:\/\/api.w.org\/{rel}","templated":true}]}}